{"id":3,"date":"2025-11-14T13:38:44","date_gmt":"2025-11-14T13:38:44","guid":{"rendered":"http:\/\/echtelizenz.com\/?page_id=3"},"modified":"2025-11-14T13:38:45","modified_gmt":"2025-11-14T13:38:45","slug":"datenschutz","status":"publish","type":"page","link":"https:\/\/echtelizenz.com\/zh\/\u6570\u636e\u4fdd\u62a4\/","title":{"rendered":"\u6570\u636e\u4fdd\u62a4"},"content":{"rendered":"<div data-elementor-type=\"wp-page\" data-elementor-id=\"3\" class=\"elementor elementor-3\" data-elementor-post-type=\"page\">\n\t\t\t\t\t\t<section class=\"elementor-section elementor-top-section elementor-element elementor-element-8f51d8f elementor-section-full_width elementor-section-stretched elementor-section-height-default elementor-section-height-default\" data-id=\"8f51d8f\" data-element_type=\"section\" data-settings=\"{&quot;stretch_section&quot;:&quot;section-stretched&quot;}\">\n\t\t\t\t\t\t<div class=\"elementor-container elementor-column-gap-default\">\n\t\t\t\t\t<div class=\"elementor-column elementor-col-100 elementor-top-column elementor-element elementor-element-d36a15f\" data-id=\"d36a15f\" data-element_type=\"column\">\n\t\t\t<div class=\"elementor-widget-wrap elementor-element-populated\">\n\t\t\t\t\t\t<div class=\"elementor-element elementor-element-aa2a73e elementor-widget elementor-widget-html\" data-id=\"aa2a73e\" data-element_type=\"widget\" data-widget_type=\"html.default\">\n\t\t\t\t<div class=\"elementor-widget-container\">\n\t\t\t\t\t<section style=\"padding:60px 20px; max-width:1100px; margin:0 auto; font-family:Arial, sans-serif;\">\r\n\r\n<h1 style=\"font-size:36px; font-weight:800; margin-bottom:25px; color:#111;\">\u9690\u79c1\u653f\u7b56<\/h1>\r\n<p style=\"font-size:16px; color:#444; line-height:1.7;\">\r\n\u4fdd\u62a4\u60a8\u7684\u4e2a\u4eba\u6570\u636e\u5bf9\u6211\u4eec\u975e\u5e38\u91cd\u8981\u3002\u5728\u672c\u9690\u79c1\u653f\u7b56\u4e2d\uff0c\u6211\u4eec\u5c06\u5411\u60a8\u4ecb\u7ecd\r\n\u6211\u4eec\u5982\u4f55\u5904\u7406\u60a8\u7684\u4e2a\u4eba\u6570\u636e <strong>echtelizenz.com<\/strong> \u6536\u96c6\u3001\u5904\u7406\u548c\u4f7f\u7528\u3002.\r\n<\/p>\r\n\r\n<hr style=\"margin:35px 0;\">\r\n\r\n<h2 style=\"font-size:26px; font-weight:700; margin-bottom:15px;\">1. \u8d1f\u8d23\u673a\u6784<\/h2>\r\n<p style=\"font-size:16px; color:#444; line-height:1.7;\">\r\n\u8d1f\u8d23\u672c\u7f51\u7ad9\u7684\u6570\u636e\u5904\u7406\uff1a\r\n<br><br>\r\n<strong>\u771f\u5b9e\u8bb8\u53ef\u8bc1<\/strong><br>\r\n\u7535\u5b50\u90ae\u4ef6\uff1a <a href=\"mailto:majidbuda1@gmail.com\">majidbuda1@gmail.com<\/a><br>\r\nWhatsApp\uff1a <a href=\"https:\/\/wa.me\/4917644678273\" target=\"_blank\" rel=\"noopener\">+49 176 44678273<\/a>\r\n<\/p>\r\n\r\n<hr style=\"margin:35px 0;\">\r\n\r\n<h2 style=\"font-size:26px; font-weight:700; margin-bottom:15px;\">2. \u6536\u96c6\u548c\u5b58\u50a8\u4e2a\u4eba\u6570\u636e<\/h2>\r\n<p style=\"font-size:16px; color:#444; line-height:1.7;\">\r\n\u6211\u4eec\u4ec5\u5728\u60a8\u5411\u6211\u4eec\u53d1\u9001\u67e5\u8be2\u3001\u8ba2\u5355\u6216\u8054\u7cfb\u4fe1\u606f\u65f6\u6536\u96c6\u4e2a\u4eba\u6570\u636e\u3002.\r\n<\/p>\r\n\r\n<ul style=\"padding-left:20px; color:#444; line-height:1.7;\">\r\n<li>\u59d3\u540d\u3001\u7535\u5b50\u90ae\u4ef6\u3001\u7535\u8bdd\u53f7\u7801<\/li>\r\n<li>WhatsApp \u901a\u4fe1<\/li>\r\n<li>\u6765\u81ea\u8054\u7cfb\u8868\u5355\u7684\u5185\u5bb9<\/li>\r\n<li>\u6280\u672f\u6570\u636e\uff08IP \u5730\u5740\u3001\u8bbe\u5907\u7c7b\u578b\u3001\u6d4f\u89c8\u5668\u3001\u8bbf\u95ee\u65f6\u95f4\uff09<\/li>\r\n<li>\u8ba2\u5355\u76f8\u5173\u4fe1\u606f<\/li>\r\n<\/ul>\r\n\r\n<hr style=\"margin:35px 0;\">\r\n\r\n<h2 style=\"font-size:26px; font-weight:700; margin-bottom:15px;\">3. \u6570\u636e\u7684\u9884\u671f\u7528\u9014<\/h2>\r\n<p style=\"font-size:16px; color:#444; line-height:1.7;\">\r\n\u60a8\u7684\u6570\u636e\u5c06\u4e13\u95e8\u7528\u4e8e\r\n<\/p>\r\n\r\n<ul style=\"padding-left:20px; color:#444; line-height:1.7;\">\r\n<li>\u5904\u7406\u67e5\u8be2<\/li>\r\n<li>\u901a\u8fc7 WhatsApp \u6216\u7535\u5b50\u90ae\u4ef6\u8fdb\u884c\u4ea4\u6d41<\/li>\r\n<li>\u8ba2\u5355\u5904\u7406\u548c\u5ba2\u6237\u652f\u6301<\/li>\r\n<li>\u5185\u90e8\u6587\u4ef6<\/li>\r\n<li>\u6539\u8fdb\u7f51\u7ad9<\/li>\r\n<\/ul>\r\n\r\n<hr style=\"margin:35px 0;\">\r\n\r\n<h2 style=\"font-size:26px; font-weight:700; margin-bottom:15px;\">4. \u62ab\u9732\u6570\u636e<\/h2>\r\n<p style=\"font-size:16px; color:#444; line-height:1.7;\">\r\n\u6211\u4eec\u7edd\u4e0d\u4f1a\u5c06\u60a8\u7684\u6570\u636e\u63d0\u4f9b\u7ed9\u7b2c\u4e09\u65b9\uff0c\u9664\u975e\r\n<\/p>\r\n\r\n<ul style=\"padding-left:20px; color:#444; line-height:1.7;\">\r\n<li>\u60a8\u660e\u786e\u8868\u793a\u540c\u610f<\/li>\r\n<li>\u4e3a\u5c65\u884c\u5408\u540c\u6240\u5fc5\u9700<\/li>\r\n<li>\u6cd5\u5f8b\u4e49\u52a1<\/li>\r\n<\/ul>\r\n\r\n<hr style=\"margin:35px 0;\">\r\n\r\n<h2 style=\"font-size:26px; font-weight:700; margin-bottom:15px;\">5. cookie \u548c\u8ddf\u8e2a<\/h2>\r\n<p style=\"font-size:16px; color:#444; line-height:1.7;\">\r\n\u6211\u4eec\u7684\u7f51\u7ad9\u4f7f\u7528 cookie \u6765\u6539\u5584\u7528\u6237\u4f53\u9a8c\u3002  \r\n\u60a8\u53ef\u4ee5\u5728\u6d4f\u89c8\u5668\u4e2d\u5173\u95ed Cookie \u7684\u5b58\u50a8\u3002.\r\n<\/p>\r\n\r\n<hr style=\"margin:35px 0;\">\r\n\r\n<h2 style=\"font-size:26px; font-weight:700; margin-bottom:15px;\">6 WhatsApp \u901a\u4fe1<\/h2>\r\n<p style=\"font-size:16px; color:#444; line-height:1.7;\">\r\n\u901a\u8fc7 WhatsApp \u4e0e\u6211\u4eec\u8054\u7cfb\u65f6\uff0c\u6570\u636e\u5c06\u88ab\u4f20\u8f93\u5230 WhatsApp Ireland Ltd\u3002  \r\n\u6211\u4eec\u5efa\u8bae\u60a8\u4e0d\u8981\u901a\u8fc7 WhatsApp \u53d1\u9001\u4efb\u4f55\u654f\u611f\u6570\u636e\u3002.\r\n<\/p>\r\n\r\n<hr style=\"margin:35px 0;\">\r\n\r\n<h2 style=\"font-size:26px; font-weight:700; margin-bottom:15px;\">7. \u50a8\u5b58\u671f<\/h2>\r\n<p style=\"font-size:16px; color:#444; line-height:1.7;\">\r\n\u6211\u4eec\u4fdd\u5b58\u4e2a\u4eba\u6570\u636e\u7684\u65f6\u95f4\u4ec5\u9650\u4e8e\u5904\u7406\u8ba2\u5355\u6216\u5c65\u884c\u6cd5\u5f8b\u4e49\u52a1\u6240\u9700\u7684\u65f6\u95f4\u3002.\r\n<\/p>\r\n\r\n<hr style=\"margin:35px 0;\">\r\n\r\n<h2 style=\"font-size:26px; font-weight:700; margin-bottom:15px;\">8. \u60a8\u7684\u6743\u5229<\/h2>\r\n<p style=\"font-size:16px; color:#444; line-height:1.7;\">\r\n\u60a8\u6709\u6743\u968f\u65f6\r\n<\/p>\r\n\r\n<ul style=\"padding-left:20px; color:#444; line-height:1.7;\">\r\n<li>\u6709\u5173\u5b58\u50a8\u6570\u636e\u7684\u4fe1\u606f<\/li>\r\n<li>\u66f4\u6b63\u9519\u8bef\u6570\u636e<\/li>\r\n<li>\u5220\u9664\u60a8\u7684\u6570\u636e<\/li>\r\n<li>\u5904\u7406\u9650\u5236<\/li>\r\n<li>\u6570\u636e\u53ef\u79fb\u690d\u6027<\/li>\r\n<li>\u64a4\u9500\u60a8\u7684\u540c\u610f<\/li>\r\n<\/ul>\r\n\r\n<hr style=\"margin:35px 0;\">\r\n\r\n<h2 style=\"font-size:26px; font-weight:700; margin-bottom:15px;\">9. \u60a8\u7684\u6570\u636e\u5b89\u5168<\/h2>\r\n<p style=\"font-size:16px; color:#444; line-height:1.7;\">\r\n\u6211\u4eec\u91c7\u7528\u6280\u672f\u548c\u7ec4\u7ec7\u63aa\u65bd\u4fdd\u62a4\u60a8\u7684\u6570\u636e\uff0c\u9632\u6b62\u6570\u636e\u4e22\u5931\u3001\u6ee5\u7528\u6216\u672a\u7ecf\u6388\u6743\u7684\u8bbf\u95ee\u3002.\r\n<\/p>\r\n\r\n<hr style=\"margin:35px 0;\">\r\n\r\n<h2 style=\"font-size:26px; font-weight:700; margin-bottom:15px;\">10. \u672c\u9690\u79c1\u653f\u7b56\u7684\u53d8\u66f4<\/h2>\r\n<p style=\"font-size:16px; color:#444; line-height:1.7;\">\r\n\u6211\u4eec\u4fdd\u7559\u968f\u65f6\u66f4\u65b0\u672c\u9690\u79c1\u653f\u7b56\u7684\u6743\u5229\u3002  \r\n\u8bf7\u5b9a\u671f\u67e5\u770b\u672c\u9875\u9762\u3002.\r\n<\/p>\r\n\r\n<hr style=\"margin:35px 0;\">\r\n\r\n<h2 style=\"font-size:26px; font-weight:700; margin-bottom:15px;\">11. \u8054\u7cfb<\/h2>\r\n<p style=\"font-size:16px; color:#444; line-height:1.7;\">\r\n\u5982\u679c\u60a8\u5bf9\u6211\u4eec\u7684\u9690\u79c1\u653f\u7b56\u6709\u4efb\u4f55\u7591\u95ee\uff0c\u8bf7\u8054\u7cfb\u6211\u4eec\uff1a\r\n<br><br>\r\n<strong>\u7535\u5b50\u90ae\u4ef6\uff1a<\/strong> <a href=\"mailto:majidbuda1@gmail.com\">majidbuda1@gmail.com<\/a><br>\r\n<strong>WhatsApp\uff1a<\/strong> <a href=\"https:\/\/wa.me\/4917644678273\" target=\"_blank\" rel=\"noopener\">+49 176 44678273<\/a>\r\n<\/p>\r\n\r\n<\/section>\r\n\t\t\t\t<\/div>\n\t\t\t\t<\/div>\n\t\t\t\t\t<\/div>\n\t\t<\/div>\n\t\t\t\t\t<\/div>\n\t\t<\/section>\n\t\t\t\t<\/div>","protected":false},"excerpt":{"rendered":"<p>F\u00fchrerschein Schweiz f\u00fchrerausweis verloren f\u00fchrerausweis kategorie F\u00fchrerschein Schweiz der Erwerb eines Schweizer F\u00fchrerscheins ist eine m\u00fchsame Aufgabe. Zun\u00e4chst m\u00fcssen Sie einen zehnst\u00fcndigen Erste-Hilfe-Unterricht absolvieren, gefolgt von einer theoretischen Pr\u00fcfung. Sobald Sie den provisorischen F\u00fchrerschein besitzen, m\u00fcssen Sie 8 Stunden Verkehrserziehungskurse absolvieren und nach Erhalt Ihres Schweizer F\u00fchrerscheins noch ein paar weitere. Der gesamte Prozess ist [&hellip;]<\/p>","protected":false},"author":1,"featured_media":0,"parent":0,"menu_order":0,"comment_status":"closed","ping_status":"closed","template":"elementor_header_footer","meta":{"site-sidebar-layout":"no-sidebar","site-content-layout":"page-builder","ast-site-content-layout":"full-width-container","site-content-style":"unboxed","site-sidebar-style":"unboxed","ast-global-header-display":"","ast-banner-title-visibility":"","ast-main-header-display":"","ast-hfb-above-header-display":"","ast-hfb-below-header-display":"","ast-hfb-mobile-header-display":"","site-post-title":"disabled","ast-breadcrumbs-content":"","ast-featured-img":"disabled","footer-sml-layout":"","theme-transparent-header-meta":"","adv-header-id-meta":"","stick-header-meta":"","header-above-stick-meta":"","header-main-stick-meta":"","header-below-stick-meta":"","astra-migrate-meta-layouts":"set","ast-page-background-enabled":"default","ast-page-background-meta":{"desktop":{"background-color":"var(--ast-global-color-4)","background-image":"","background-repeat":"repeat","background-position":"center center","background-size":"auto","background-attachment":"scroll","background-type":"","background-media":"","overlay-type":"","overlay-color":"","overlay-gradient":""},"tablet":{"background-color":"","background-image":"","background-repeat":"repeat","background-position":"center center","background-size":"auto","background-attachment":"scroll","background-type":"","background-media":"","overlay-type":"","overlay-color":"","overlay-gradient":""},"mobile":{"background-color":"","background-image":"","background-repeat":"repeat","background-position":"center center","background-size":"auto","background-attachment":"scroll","background-type":"","background-media":"","overlay-type":"","overlay-color":"","overlay-gradient":""}},"ast-content-background-meta":{"desktop":{"background-color":"var(--ast-global-color-5)","background-image":"","background-repeat":"repeat","background-position":"center center","background-size":"auto","background-attachment":"scroll","background-type":"","background-media":"","overlay-type":"","overlay-color":"","overlay-gradient":""},"tablet":{"background-color":"var(--ast-global-color-5)","background-image":"","background-repeat":"repeat","background-position":"center center","background-size":"auto","background-attachment":"scroll","background-type":"","background-media":"","overlay-type":"","overlay-color":"","overlay-gradient":""},"mobile":{"background-color":"var(--ast-global-color-5)","background-image":"","background-repeat":"repeat","background-position":"center center","background-size":"auto","background-attachment":"scroll","background-type":"","background-media":"","overlay-type":"","overlay-color":"","overlay-gradient":""}},"footnotes":""},"class_list":["post-3","page","type-page","status-publish","hentry"],"_links":{"self":[{"href":"https:\/\/echtelizenz.com\/zh\/wp-json\/wp\/v2\/pages\/3","targetHints":{"allow":["GET"]}}],"collection":[{"href":"https:\/\/echtelizenz.com\/zh\/wp-json\/wp\/v2\/pages"}],"about":[{"href":"https:\/\/echtelizenz.com\/zh\/wp-json\/wp\/v2\/types\/page"}],"author":[{"embeddable":true,"href":"https:\/\/echtelizenz.com\/zh\/wp-json\/wp\/v2\/users\/1"}],"replies":[{"embeddable":true,"href":"https:\/\/echtelizenz.com\/zh\/wp-json\/wp\/v2\/comments?post=3"}],"version-history":[{"count":67,"href":"https:\/\/echtelizenz.com\/zh\/wp-json\/wp\/v2\/pages\/3\/revisions"}],"predecessor-version":[{"id":2015,"href":"https:\/\/echtelizenz.com\/zh\/wp-json\/wp\/v2\/pages\/3\/revisions\/2015"}],"wp:attachment":[{"href":"https:\/\/echtelizenz.com\/zh\/wp-json\/wp\/v2\/media?parent=3"}],"curies":[{"name":"wp","href":"https:\/\/api.w.org\/{rel}","templated":true}]}}