{"id":2283,"date":"2025-11-27T18:28:17","date_gmt":"2025-11-27T18:28:17","guid":{"rendered":"https:\/\/echtelizenz.com\/?page_id=2283"},"modified":"2025-11-27T18:29:35","modified_gmt":"2025-11-27T18:29:35","slug":"golden-visa-kaufen","status":"publish","type":"page","link":"https:\/\/echtelizenz.com\/zh\/\u8d2d\u4e70\u9ec4\u91d1\u7b7e\u8bc1\/","title":{"rendered":"\u9ec4\u91d1\u7b7e\u8bc1"},"content":{"rendered":"<div data-elementor-type=\"wp-page\" data-elementor-id=\"2283\" class=\"elementor elementor-2283\" data-elementor-post-type=\"page\">\n\t\t\t\t\t\t<section class=\"elementor-section elementor-top-section elementor-element elementor-element-e2e5464 elementor-section-full_width elementor-section-stretched elementor-section-height-default elementor-section-height-default\" data-id=\"e2e5464\" data-element_type=\"section\" data-settings=\"{&quot;stretch_section&quot;:&quot;section-stretched&quot;}\">\n\t\t\t\t\t\t<div class=\"elementor-container elementor-column-gap-default\">\n\t\t\t\t\t<div class=\"elementor-column elementor-col-100 elementor-top-column elementor-element elementor-element-de8630f\" data-id=\"de8630f\" data-element_type=\"column\">\n\t\t\t<div class=\"elementor-widget-wrap elementor-element-populated\">\n\t\t\t\t\t\t<div class=\"elementor-element elementor-element-6d55b4f elementor-widget elementor-widget-html\" data-id=\"6d55b4f\" data-element_type=\"widget\" data-widget_type=\"html.default\">\n\t\t\t\t<div class=\"elementor-widget-container\">\n\t\t\t\t\t<!-- ============================  SERVICE PAGE: Golden Visa online beantragen  ============================ -->\r\n<!-- ========== JSON-LD SERVICE SCHEMA ========== -->\r\n<section id=\"service-schema-gv\" style=\"display:none;\">\r\n<script type=\"application\/ld+json\">{\n    \"@context\": \"https:\\\/\\\/schema.org\",\n    \"@type\": \"Service\",\n    \"name\": \"Golden Visa \\u2013 Aufenthaltsrecht durch Investition\",\n    \"description\": \"Aufenthaltsgenehmigung in EU-Staaten \\u00fcber Investorenprogramme. Schnell, diskret & 100 % legal mit pers\\u00f6nlicher Concierge-Betreuung.\",\n    \"provider\": {\n        \"@type\": \"Organization\",\n        \"name\": \"EchteLizenz.com\",\n        \"url\": \"https:\\\/\\\/echtelizenz.com\",\n        \"contactPoint\": {\n            \"@type\": \"ContactPoint\",\n            \"telephone\": \"+49 1521 1539342\",\n            \"contactType\": \"Kundenservice\",\n            \"email\": \"majidbuda1@gmail.com\"\n        }\n    },\n    \"serviceType\": \"Golden Visa \\\/ Aufenthaltsrecht\",\n    \"areaServed\": [\n        \"PT\",\n        \"ES\",\n        \"GR\",\n        \"AE\",\n        \"Worldwide\"\n    ],\n    \"hasOfferCatalog\": {\n        \"@type\": \"OfferCatalog\",\n        \"name\": \"Golden-Visa-Programme\",\n        \"itemListElement\": [\n            {\n                \"@type\": \"Offer\",\n                \"itemOffered\": {\n                    \"@type\": \"Product\",\n                    \"name\": \"Portugal Golden Visa\"\n                },\n                \"price\": \"ab 280 000 \\u20ac\",\n                \"priceCurrency\": \"EUR\",\n                \"availability\": \"https:\\\/\\\/schema.org\\\/InStock\"\n            },\n            {\n                \"@type\": \"Offer\",\n                \"itemOffered\": {\n                    \"@type\": \"Product\",\n                    \"name\": \"Spanien Golden Visa\"\n                },\n                \"price\": \"ab 500 000 \\u20ac\",\n                \"priceCurrency\": \"EUR\",\n                \"availability\": \"https:\\\/\\\/schema.org\\\/InStock\"\n            },\n            {\n                \"@type\": \"Offer\",\n                \"itemOffered\": {\n                    \"@type\": \"Product\",\n                    \"name\": \"Griechenland Golden Visa\"\n                },\n                \"price\": \"ab 250 000 \\u20ac\",\n                \"priceCurrency\": \"EUR\",\n                \"availability\": \"https:\\\/\\\/schema.org\\\/InStock\"\n            }\n        ]\n    }\n}<\/script>\r\n<\/section>\r\n\r\n<!-- ========== SLOW KEYWORD MARQUEE ========== -->\r\n<section id=\"marquee-gv\" style=\"overflow:hidden;background:#0d1117;white-space:nowrap;\">\r\n  <div style=\"display:inline-block;animation:scroll-left 24s linear infinite;color:#fff;font-size:1rem;padding:0.8rem 0;\">\r\n    \u9ec4\u91d1\u7b7e\u8bc1--\u6295\u8d44\u5c45\u7559--\u8461\u8404\u7259\u9ec4\u91d1\u7b7e\u8bc1--\u897f\u73ed\u7259\u6295\u8d44\u7b7e\u8bc1--\u6295\u8d44\u5c45\u7559--\u8d2d\u4e70\u6b27\u76df\u5c45\u7559\u8bb8\u53ef&nbsp;&nbsp;\r\n  <\/div>\r\n  <style>@keyframes scroll-left{0%{transform:translateX(0);}100%{transform:translateX(-100%);}}<\/style>\r\n<\/section>\r\n\r\n<!-- ========== HERO SECTION (Full Height) ========== -->\r\n<section id=\"hero-gv\" style=\"  position:relative;  min-height:100vh;  background:url('https:\/\/riteliquors-chicago.com\/wp-content\/uploads\/2025\/04\/Golden-visa3.webp') center\/cover no-repeat;  display:flex;align-items:center;justify-content:center;  text-align:center;color:#fff;padding:0 1rem;\">\r\n  <div style=\"position:absolute;inset:0;background:rgba(0,0,0,.55);backdrop-filter:blur(2px);\"><\/div>\r\n  <div style=\"position:relative;z-index:1;max-width:600px;\">\r\n    <h1 style=\"margin:0 0 .7rem;font-size:2.6rem;line-height:1.2;font-weight:700;\">\u9ec4\u91d1\u7b7e\u8bc1<br><span style=\"color:#00e0ff;\">1-3 \u4e2a\u6708\u5185<\/span><\/h1>\r\n    <p style=\"font-size:1.15rem;margin:0 0 1.6rem;\">\r\n      \u901a\u8fc7\u623f\u4ea7\u6216\u57fa\u91d1\u6295\u8d44\u83b7\u5f97\u6b27\u76df\u5c45\u7559\u6743--\u514d\u7b7e\u8bc1\u65c5\u884c\u3001\u4eab\u53d7\u7a0e\u6536\u4f18\u60e0\u5e76\u4fdd\u62a4\u60a8\u7684\u5bb6\u4eba\u3002.\r\n    <\/p>\r\n    <a href=\"https:\/\/wa.me\/4915211539342\" style=\"display:inline-block;background:#00e0ff;color:#000;padding:.85rem 1.9rem;border-radius:6px;font-weight:600;text-decoration:none;\" target=\"_blank\" rel=\"noopener\">\ud83d\udfe2 \u5f00\u59cb WhatsApp \u54a8\u8be2<\/a>\r\n  <\/div>\r\n<\/section>\r\n<style>\r\n@media (max-width:480px){\r\n  #hero-gv h1{font-size:2.1rem;}\r\n  #hero-gv p{font-size:1.05rem;}\r\n}\r\n<\/style>\r\n\r\n<!-- ========== INTRO \/ PAIN + SOLUTION ========== -->\r\n<section id=\"gv-intro\" style=\"padding:4rem 1rem;max-width:1100px;margin:auto;\">\r\n  <h2 style=\"font-size:2rem;font-weight:700;text-align:center;margin-bottom:1rem;\">\u9650\u5236\u65c5\u884c\u81ea\u7531\uff1f\u627c\u6740\u7a0e\u6536\uff1f\u662f\u65f6\u5019\u5b9e\u65bd B \u8ba1\u5212\u4e86\uff01<\/h2>\r\n  <p style=\"font-size:1.1rem;line-height:1.6;text-align:center;max-width:880px;margin:0 auto;\">\r\n    \u7528 <strong>\u9ec4\u91d1\u7b7e\u8bc1\u8ba1\u5212<\/strong> \u5728\u8461\u8404\u7259\u83b7\u5f97\u5c45\u7559\u6743\u3001\r\n    \u897f\u73ed\u7259\u3001\u5e0c\u814a\u6216\u963f\u8054\u914b - 100 % \u5408\u6cd5\u5c45\u7559\u6743\uff0c\u65e0\u9700\u8bed\u8a00\u6d4b\u8bd5\u6216\u5197\u957f\u7684\u5b98\u50da\u7a0b\u5e8f\u3002\r\n    \u5197\u957f\u7684\u5b98\u50da\u7a0b\u5e8f\u3002. <strong>\u6211\u4eec\u7ba1\u7406\u4e00\u5207<\/strong>\u4ece\u6295\u8d44\u7ed3\u6784\u5230\u60a8\u62a4\u7167\u4e0a\u7684\u751f\u7269\u8bc6\u522b\u5c45\u7559\r\n    \u62a4\u7167\u4e0a\u7684\u5c45\u7559\u8bb8\u53ef\u3002.\r\n  <\/p>\r\n<\/section>\r\n\r\n<!-- ========== WHY SECTION ========== -->\r\n<section id=\"gv-why\" style=\"background:#f5f7fa;padding:3.5rem 1rem;\">\r\n  <h3 style=\"font-size:1.75rem;font-weight:700;text-align:center;margin-bottom:2rem;\">\u4e3a\u4ec0\u4e48\u9009\u62e9 EchteLizenz\uff1f<\/h3>\r\n  <div style=\"display:grid;grid-template-columns:repeat(auto-fit,minmax(250px,1fr));gap:1.5rem;max-width:1100px;margin:auto;\">\r\n    <div style=\"background:#fff;padding:1.5rem;border-radius:12px;box-shadow:0 4px 14px rgba(0,0,0,.08);\"><h4 style=\"margin:0 0 .5rem;\">\u26a1 \u5feb\u901f\u6d41\u7a0b<\/h4><p style=\"margin:0;\">4-9 \u4e2a\u6708\u5185\uff08\u89c6\u56fd\u5bb6\u800c\u5b9a\uff09\u83b7\u5f97\u5c45\u7559\u5361\u3002.<\/p><\/div>\r\n    <div style=\"background:#fff;padding:1.5rem;border-radius:12px;box-shadow:0 4px 14px rgba(0,0,0,.08);\"><h4 style=\"margin:0 0 .5rem;\">\ud83d\udd12 \u5b8c\u5168\u5408\u89c4<\/h4><p style=\"margin:0;\">\u5305\u62ec\u6b27\u76df\u6cd5\u5f8b\u652f\u6301\u3001\u53cd\u6d17\u94b1\u548c\u5c3d\u804c\u8c03\u67e5\u3002.<\/p><\/div>\r\n    <div style=\"background:#fff;padding:1.5rem;border-radius:12px;box-shadow:0 4px 14px rgba(0,0,0,.08);\"><h4 style=\"margin:0 0 .5rem;\">\u2705 \u65e0\u5c45\u4f4f\u4e49\u52a1<\/h4><p style=\"margin:0;\">\u6bcf\u5e74\u53ea\u9700\u51e0\u5929\u65f6\u95f4\uff0c\u975e\u5e38\u9002\u5408\u6570\u5b57\u6e38\u7267\u6c11\u65cf\u3002.<\/p><\/div>\r\n    <div style=\"background:#fff;padding:1.5rem;border-radius:12px;box-shadow:0 4px 14px rgba(0,0,0,.08);\"><h4 style=\"margin:0 0 .5rem;\">\ud83e\udd1d VIP \u7ba1\u5bb6<\/h4><p style=\"margin:0;\">\u5e38\u9a7b\u4e13\u5bb6\u8d1f\u8d23\u534f\u8c03\u65c5\u884c\u3001\u7ea6\u4f1a\u548c\u7ffb\u8bd1\u4e8b\u5b9c\u3002.<\/p><\/div>\r\n  <\/div>\r\n<\/section>\r\n\r\n<!-- ========== FEATURES SECTION ========== -->\r\n<section id=\"gv-features\" style=\"padding:4rem 1rem;max-width:1100px;margin:auto;\">\r\n  <h3 style=\"font-size:1.75rem;font-weight:700;text-align:center;margin-bottom:2rem;\">\u4e00\u63fd\u5b50\u670d\u52a1<\/h3>\r\n  <ul style=\"list-style:none;padding:0;margin:0;font-size:1.1rem;line-height:1.6;\">\r\n    <li>\u5730\u70b9\u5206\u6790\u548c\u6700\u4f73\u65b9\u6848\u9009\u62e9<\/li>\r\n    <li>\u2705 \u623f\u5730\u4ea7\u6216\u57fa\u91d1\u6295\u8d44\u7ed3\u6784\uff08\u7a0e\u6536\u4f18\u5316\uff09<\/li>\r\n    <li>\u2705 \u7ecf\u8fc7\u516c\u8bc1\u7684\u7ffb\u8bd1\u548c\u52a0\u6ce8<\/li>\r\n    <li>\u2705 \u4e0e\u5f53\u5c40\u9884\u7ea6\u5e76\u5728\u73b0\u573a\u63a5\u53d7\u751f\u7269\u7279\u5f81\u8bc6\u522b<\/li>\r\n    <li>\u2705 \u901a\u8fc7 DHL \u5feb\u9012\u9001\u7968 + \u5ef6\u671f\u63d0\u9192<\/li>\r\n  <\/ul>\r\n<\/section>\r\n\r\n<!-- ========== BENEFITS SECTION ========== -->\r\n<section id=\"gv-benefits\" style=\"background:#e8f0fe;padding:3.5rem 1rem;\">\r\n  <h3 style=\"font-size:1.75rem;font-weight:700;text-align:center;margin-bottom:2rem;\">\u60a8\u7684\u65b0\u81ea\u7531<\/h3>\r\n  <div style=\"display:grid;grid-template-columns:repeat(auto-fit,minmax(220px,1fr));gap:1.25rem;max-width:1000px;margin:auto;\">\r\n    <div style=\"background:#fff;padding:1.25rem;border-radius:10px;text-align:center;\"><strong>\u7533\u6839\u514d\u7b7e\u8bc1\u5236\u5ea6<\/strong><br>\u6b27\u76df\u5168\u90e8 27 \u4e2a\u6210\u5458\u56fd\u3002.<\/div>\r\n    <div style=\"background:#fff;padding:1.25rem;border-radius:10px;text-align:center;\"><strong>\u4f4e\u7a0e\u6536<\/strong><br>\u56fd\u5bb6\u4eba\u529b\u8d44\u6e90\u6761\u4f8b\uff08PT\uff09\u548c 7 % \u9000\u4f11\u7a0e\uff08ES\uff09\u3002.<\/div>\r\n    <div style=\"background:#fff;padding:1.25rem;border-radius:10px;text-align:center;\"><strong>\u5bb6\u5ead\u56e2\u805a<\/strong><br>\u914d\u5076 + \u5b50\u5973 + \u7236\u6bcd\u3002.<\/div>\r\n    <div style=\"background:#fff;padding:1.25rem;border-radius:10px;text-align:center;\"><strong>\u5165\u7c4d\u4e4b\u8def<\/strong><br>5-7 \u5e74\u540e\u7684\u62a4\u7167\u3002.<\/div>\r\n  <\/div>\r\n<\/section>\r\n\r\n<!-- ========== SECURITY \/ TECH SECTION ========== -->\r\n<section id=\"gv-security\" style=\"padding:4rem 1rem;max-width:1050px;margin:auto;\">\r\n  <h3 style=\"font-size:1.75rem;font-weight:700;margin-bottom:1rem;\">\u4fdd\u8bc1\u6cd5\u5f8b\u7684\u786e\u5b9a\u6027<\/h3>\r\n  <p style=\"font-size:1.05rem;line-height:1.6;\">\r\n    \u6211\u4eec\u7684\u5408\u4f5c\u5f8b\u5e08\u4e8b\u52a1\u6240\u6709 <strong>\u653f\u5e9c\u8ba4\u8bc1<\/strong>; \uff1b\u6240\u6709\u4ed8\u6b3e\r\n    \u901a\u8fc7\u6258\u7ba1\u8d26\u6237\u652f\u4ed8\u3002\u60a8\u7684\u5c45\u7559\u5361\u5c06\u5728\u56fd\u5bb6\r\n    \u60a8\u7684\u5c45\u7559\u5361\u5c06\u5728\u56fd\u5bb6\u5916\u56fd\u4eba\u767b\u8bb0\u5904\u767b\u8bb0\uff0c\u5e76\u5728\u79fb\u4ea4\u524d <em>\u751f\u7269\u8bc6\u522b\u542f\u52a8<\/em> - \u6240\u4ee5\r\n    \u56e0\u6b64\uff0c\u60a8\u5c06\u901a\u8fc7\u6240\u6709\u8fb9\u5883\u3001\u94f6\u884c\u548c KYC \u68c0\u67e5\u3002.\r\n  <\/p>\r\n<\/section>\r\n\r\n<!-- ========== PROCESS SECTION ========== -->\r\n<section id=\"gv-process\" style=\"background:#f5f7fa;padding:4rem 1rem;\">\r\n  <h3 style=\"font-size:1.75rem;font-weight:700;text-align:center;margin-bottom:2rem;\">\u7a0b\u5e8f\u5206\u4e3a 5 \u4e2a\u6b65\u9aa4<\/h3>\r\n  <ol style=\"max-width:900px;margin:auto;font-size:1.1rem;line-height:1.7;\">\r\n    <li><strong>WhatsApp \u542f\u52a8<\/strong> - +49 1521 1539342.<\/li>\r\n    <li><strong>\u514d\u8d39\u9884\u68c0<\/strong> - \u4fe1\u7528\u5ea6\u4e0e\u5408\u89c4\u6027\u3002.<\/li>\r\n    <li><strong>\u8fdb\u884c\u6295\u8d44<\/strong> - \u8d22\u4ea7\u8d2d\u4e70\u534f\u8bae\u6216\u57fa\u91d1\u4efd\u989d\u3002.<\/li>\r\n    <li><strong>\u4e0e\u5f53\u5c40\u7684\u7ea6\u4f1a<\/strong> - \u751f\u7269\u8bc6\u522b\u4e0e\u6307\u7eb9.<\/li>\r\n    <li><strong>\u5361\u7247\u4ea4\u63a5<\/strong> - \u7279\u5feb\u4e13\u9012\u6216\u8d35\u5bbe\u53d6\u4ef6\u3002.<\/li>\r\n  <\/ol>\r\n<\/section>\r\n\r\n<!-- ========== TESTIMONIALS SECTION ========== -->\r\n<section id=\"gv-testimonials\" style=\"padding:4rem 1rem;max-width:1100px;margin:auto;\">\r\n  <h3 style=\"font-size:1.75rem;font-weight:700;text-align:center;margin-bottom:2rem;\">\u5ba2\u6237\u53cd\u9988 \u2728<\/h3>\r\n  <div style=\"display:grid;grid-template-columns:repeat(auto-fit,minmax(260px,1fr));gap:1.5rem;\">\r\n    <blockquote style=\"background:#fff;padding:1.5rem;border-left:4px solid #00e0ff;border-radius:8px;box-shadow:0 4px 14px rgba(0,0,0,.06);\">\r\n      \u201e\u8461\u8404\u7259\u9ec4\u91d1\u7b7e\u8bc1\u53ea\u9700 6 \u4e2a\u6708\uff01\u73b0\u5728\u6211\u4f4f\u5728 <em>\u52a0\u5bc6\u8d27\u5e01\u6536\u76ca\u514d\u7a0e<\/em>. .\u611f\u8c22 EchteLizenz \u56e2\u961f\uff01\u201c<br><strong>- \u5c3c\u79d1-L.\uff0c\u65af\u56fe\u52a0\u7279<\/strong>\r\n    <\/blockquote>\r\n    <blockquote style=\"background:#fff;padding:1.5rem;border-left:4px solid #00e0ff;border-radius:8px;box-shadow:0 4px 14px rgba(0,0,0,.06);\">\r\n      \u201e\u5e0c\u814a\u7684\u9884\u7b97\u5f88\u4f4e--\u6211\u5168\u5bb6\u5728 4 \u4e2a\u6708\u5185\u5c31\u62ff\u5230\u4e86\u5c45\u7559\u5361\u201c\u3002\u201c<br><strong>- \u739b\u96c5-G.\uff0c\u6155\u5c3c\u9ed1<\/strong>\r\n    <\/blockquote>\r\n  <\/div>\r\n<\/section>\r\n\r\n<!-- ========== SERVICE CARDS (Interne Links) ========== -->\r\n<section id=\"gv-cards\" style=\"background:#e8f0fe;padding:3.5rem 1rem;\">\r\n  <h3 style=\"font-size:1.75rem;font-weight:700;text-align:center;margin-bottom:2rem;\">\u66f4\u591a\u9876\u7ea7\u670d\u52a1<\/h3>\r\n  <div style=\"display:grid;grid-template-columns:repeat(auto-fit,minmax(230px,1fr));gap:1.25rem;max-width:1100px;margin:auto;\">\r\n    <a href=\"https:\/\/echtelizenz.com\/zh\/\u6295\u8d44\u516c\u6c11\u6743\/\" style=\"text-decoration:none;\"><div style=\"background:#fff;padding:1.2rem;border-radius:10px;box-shadow:0 4px 14px rgba(0,0,0,.08);text-align:center;\">\ud83c\udf10<br><strong>\u6295\u8d44\u5165\u7c4d<\/strong><\/div><\/a>\r\n    <a href=\"https:\/\/echtelizenz.com\/zh\/\u62a4\u7167\/\" style=\"text-decoration:none;\"><div style=\"background:#fff;padding:1.2rem;border-radius:10px;box-shadow:0 4px 14px rgba(0,0,0,.08);text-align:center;\">\ud83d\udec2<br><strong>\u62a4\u7167<\/strong><\/div><\/a>\r\n    <a href=\"https:\/\/echtelizenz.com\/zh\/\u8054\u7cfb\u65b9\u5f0f\/\" style=\"text-decoration:none;\"><div style=\"background:#fff;padding:1.2rem;border-radius:10px;box-shadow:0 4px 14px rgba(0,0,0,.08);text-align:center;\">\u2709\ufe0f<br><strong>\u8054\u7cfb\u6211\u4eec<\/strong><\/div><\/a>\r\n  <\/div>\r\n<\/section>\r\n\r\n<!-- ========== FAQ SECTION + Schema ========== -->\r\n<section id=\"gv-faq\" style=\"padding:4rem 1rem;max-width:1000px;margin:auto;\">\r\n  <h3 style=\"font-size:1.75rem;font-weight:700;text-align:center;margin-bottom:2rem;\">\u5e38\u89c1\u95ee\u9898 - \u9ec4\u91d1\u7b7e\u8bc1<\/h3>\r\n  <details style=\"margin-bottom:1rem;\"><summary style=\"font-weight:600;cursor:pointer;\">\u6700\u4f4e\u6295\u8d44\u989d\u662f\u591a\u5c11\uff1f<\/summary><p>\u8461\u8404\u7259 28 \u4e07\u81f3 50 \u4e07\u6b27\u5143\uff0c\u897f\u73ed\u7259 50 \u4e07\u6b27\u5143\uff0c\u5e0c\u814a 25 \u4e07\u6b27\u5143\uff08\u5373\u5c06\u4e0a\u6da8\uff09\u3002.<\/p><\/details>\r\n  <details style=\"margin-bottom:1rem;\"><summary style=\"font-weight:600;cursor:pointer;\">\u6211\u5fc5\u987b\u4f4f\u5728\u4e61\u4e0b\u5417\uff1f<\/summary><p>\u8461\u8404\u7259\uff1a\u6bcf\u5e74\u6700\u5c11 7 \u5929\u3002\u897f\u73ed\u7259\uff1a\u53ef\u9009\uff0c\u4f46\u53ef\u4eab\u53d7\u7a0e\u6536\u4f18\u60e0\u3002\u5e0c\u814a\uff1a\u65e0\u5c45\u4f4f\u8981\u6c42\u3002.<\/p><\/details>\r\n  <details style=\"margin-bottom:1rem;\"><summary style=\"font-weight:600;cursor:pointer;\">\u5982\u4f55\u5feb\u901f\u83b7\u5f97\u6b27\u76df\u62a4\u7167\uff1f<\/summary><p>\u8461\u8404\u7259\u548c\u897f\u73ed\u7259\uff1a\u7ea6 5-7 \u5e74\u5408\u6cd5\u5c45\u7559\uff0c\u7136\u540e\u53ef\u4ee5\u5165\u7c4d\u3002.<\/p><\/details>\r\n  <details style=\"margin-bottom:1rem;\"><summary style=\"font-weight:600;cursor:pointer;\">\u6211\u53ef\u4ee5\u51fa\u552e\u6211\u7684\u623f\u4ea7\u5417\uff1f<\/summary><p>5 \u5e74\u540e\uff08PT\/GR\uff09\uff0c\u5982\u679c\u5df2\u6536\u5230\u66ff\u4ee3\u6295\u8d44\u6216\u62a4\u7167\uff0c\u5219\u4e0d\u4f1a\u4e22\u5931\u7b7e\u8bc1\u3002.<\/p><\/details>\r\n\r\n  <!-- FAQ Schema -->\r\n  <script type=\"application\/ld+json\">{\n    \"@context\": \"https:\\\/\\\/schema.org\",\n    \"@type\": \"FAQPage\",\n    \"mainEntity\": [\n        {\n            \"@type\": \"Question\",\n            \"name\": \"Wie hoch ist die Mindestinvestition?\",\n            \"acceptedAnswer\": {\n                \"@type\": \"Answer\",\n                \"text\": \"Portugal 280 000\\u2013500 000 \\u20ac, Spanien 500 000 \\u20ac, Griechenland 250 000 \\u20ac.\"\n            }\n        },\n        {\n            \"@type\": \"Question\",\n            \"name\": \"Muss ich im Land wohnen?\",\n            \"acceptedAnswer\": {\n                \"@type\": \"Answer\",\n                \"text\": \"Portugal 7 Tage\\\/Jahr, Spanien optional, Griechenland kein Wohnzwang.\"\n            }\n        },\n        {\n            \"@type\": \"Question\",\n            \"name\": \"Wie schnell kann ich den EU-Pass erhalten?\",\n            \"acceptedAnswer\": {\n                \"@type\": \"Answer\",\n                \"text\": \"Nach 5\\u20137 Jahren legalem Aufenthalt (je nach Land).\"\n            }\n        },\n        {\n            \"@type\": \"Question\",\n            \"name\": \"Darf ich die Immobilie verkaufen?\",\n            \"acceptedAnswer\": {\n                \"@type\": \"Answer\",\n                \"text\": \"Ja, nach 5 Jahren ohne Verlust des Visas oder sobald der Pass vorliegt.\"\n            }\n        }\n    ]\n}<\/script>\r\n<\/section>\r\n\r\n<!-- ========== FINAL CTA (Dark Mode) ========== -->\r\n<section id=\"gv-cta\" style=\"background:#0d1117;color:#fff;text-align:center;padding:4.5rem 1rem;\">\r\n  <h2 style=\"font-size:2rem;font-weight:700;margin:0 0 1.2rem;\">\u73b0\u5728\u5c31\u529e\u7406\u9ec4\u91d1\u7b7e\u8bc1\uff01<\/h2>\r\n  <p style=\"font-size:1.15rem;margin:0 0 2.1rem;\">\u63a5\u53d7\u4e0d\u5177\u7ea6\u675f\u529b\u7684 1 \u5bf9 1 \u54a8\u8be2--\u8c28\u614e\u3001\u91cf\u8eab\u5b9a\u5236\u3002.<\/p>\r\n  <a href=\"https:\/\/wa.me\/4915211539342\" style=\"display:inline-block;background:#00e0ff;color:#000;padding:0.9rem 2rem;border-radius:6px;font-weight:700;text-decoration:none;\" target=\"_blank\" rel=\"noopener\">\ud83d\udfe2 \u5f00\u59cb WhatsApp \u54a8\u8be2<\/a>\r\n<\/section>\r\n\t\t\t\t<\/div>\n\t\t\t\t<\/div>\n\t\t\t\t\t<\/div>\n\t\t<\/div>\n\t\t\t\t\t<\/div>\n\t\t<\/section>\n\t\t\t\t<\/div>","protected":false},"excerpt":{"rendered":"<p>Golden&nbsp;Visa&nbsp;&nbsp;\u2022&nbsp;&nbsp;Aufenthalt durch Investition&nbsp;&nbsp;\u2022&nbsp;&nbsp;Portugal Golden Visa&nbsp;&nbsp;\u2022&nbsp;&nbsp;Spanien Investor Visa&nbsp;&nbsp;\u2022&nbsp;&nbsp;Residency by Investment&nbsp;&nbsp;\u2022&nbsp;&nbsp;EU Aufenthaltsgenehmigung kaufen&nbsp;&nbsp; Golden&nbsp;Visain 1\u20133&nbsp;Monaten EU-Aufenthalt \u00fcber Immobilien\u00ad- oder Fonds\u00adinvestment \u2013 visafrei reisen, steuerlich profitieren &#038; Ihre Familie absichern. \ud83d\udfe2 WhatsApp-Beratung starten Reisefreiheit eingeschr\u00e4nkt? Steuern erdr\u00fccken? Zeit f\u00fcr Plan&nbsp;B! Mit einem Golden-Visa-Programm sichern Sie sich Wohnsitzrechte in Portugal, Spanien, Griechenland oder den VAE \u2013 100 % legal, [&hellip;]<\/p>","protected":false},"author":2,"featured_media":0,"parent":0,"menu_order":0,"comment_status":"closed","ping_status":"closed","template":"","meta":{"site-sidebar-layout":"no-sidebar","site-content-layout":"page-builder","ast-site-content-layout":"full-width-container","site-content-style":"default","site-sidebar-style":"default","ast-global-header-display":"","ast-banner-title-visibility":"","ast-main-header-display":"","ast-hfb-above-header-display":"","ast-hfb-below-header-display":"","ast-hfb-mobile-header-display":"","site-post-title":"disabled","ast-breadcrumbs-content":"","ast-featured-img":"disabled","footer-sml-layout":"","theme-transparent-header-meta":"","adv-header-id-meta":"","stick-header-meta":"","header-above-stick-meta":"","header-main-stick-meta":"","header-below-stick-meta":"","astra-migrate-meta-layouts":"set","ast-page-background-enabled":"default","ast-page-background-meta":{"desktop":{"background-color":"var(--ast-global-color-4)","background-image":"","background-repeat":"repeat","background-position":"center center","background-size":"auto","background-attachment":"scroll","background-type":"","background-media":"","overlay-type":"","overlay-color":"","overlay-opacity":"","overlay-gradient":""},"tablet":{"background-color":"","background-image":"","background-repeat":"repeat","background-position":"center center","background-size":"auto","background-attachment":"scroll","background-type":"","background-media":"","overlay-type":"","overlay-color":"","overlay-opacity":"","overlay-gradient":""},"mobile":{"background-color":"","background-image":"","background-repeat":"repeat","background-position":"center center","background-size":"auto","background-attachment":"scroll","background-type":"","background-media":"","overlay-type":"","overlay-color":"","overlay-opacity":"","overlay-gradient":""}},"ast-content-background-meta":{"desktop":{"background-color":"var(--ast-global-color-5)","background-image":"","background-repeat":"repeat","background-position":"center center","background-size":"auto","background-attachment":"scroll","background-type":"","background-media":"","overlay-type":"","overlay-color":"","overlay-opacity":"","overlay-gradient":""},"tablet":{"background-color":"var(--ast-global-color-5)","background-image":"","background-repeat":"repeat","background-position":"center center","background-size":"auto","background-attachment":"scroll","background-type":"","background-media":"","overlay-type":"","overlay-color":"","overlay-opacity":"","overlay-gradient":""},"mobile":{"background-color":"var(--ast-global-color-5)","background-image":"","background-repeat":"repeat","background-position":"center center","background-size":"auto","background-attachment":"scroll","background-type":"","background-media":"","overlay-type":"","overlay-color":"","overlay-opacity":"","overlay-gradient":""}},"footnotes":""},"class_list":["post-2283","page","type-page","status-publish","hentry"],"_links":{"self":[{"href":"https:\/\/echtelizenz.com\/zh\/wp-json\/wp\/v2\/pages\/2283","targetHints":{"allow":["GET"]}}],"collection":[{"href":"https:\/\/echtelizenz.com\/zh\/wp-json\/wp\/v2\/pages"}],"about":[{"href":"https:\/\/echtelizenz.com\/zh\/wp-json\/wp\/v2\/types\/page"}],"author":[{"embeddable":true,"href":"https:\/\/echtelizenz.com\/zh\/wp-json\/wp\/v2\/users\/2"}],"replies":[{"embeddable":true,"href":"https:\/\/echtelizenz.com\/zh\/wp-json\/wp\/v2\/comments?post=2283"}],"version-history":[{"count":7,"href":"https:\/\/echtelizenz.com\/zh\/wp-json\/wp\/v2\/pages\/2283\/revisions"}],"predecessor-version":[{"id":2290,"href":"https:\/\/echtelizenz.com\/zh\/wp-json\/wp\/v2\/pages\/2283\/revisions\/2290"}],"wp:attachment":[{"href":"https:\/\/echtelizenz.com\/zh\/wp-json\/wp\/v2\/media?parent=2283"}],"curies":[{"name":"wp","href":"https:\/\/api.w.org\/{rel}","templated":true}]}}