{"id":2048,"date":"2025-11-14T16:12:54","date_gmt":"2025-11-14T16:12:54","guid":{"rendered":"https:\/\/echtelizenz.com\/?page_id=2048"},"modified":"2025-11-14T16:13:46","modified_gmt":"2025-11-14T16:13:46","slug":"agb","status":"publish","type":"page","link":"https:\/\/echtelizenz.com\/zh\/\u6761\u6b3e\u548c\u6761\u4ef6\/","title":{"rendered":"\u901a\u7528\u6280\u672f\u59d4\u5458\u4f1a"},"content":{"rendered":"<div data-elementor-type=\"wp-page\" data-elementor-id=\"2048\" class=\"elementor elementor-2048\" data-elementor-post-type=\"page\">\n\t\t\t\t\t\t<section class=\"elementor-section elementor-top-section elementor-element elementor-element-9b17a21 elementor-section-full_width elementor-section-stretched elementor-section-height-default elementor-section-height-default\" data-id=\"9b17a21\" data-element_type=\"section\" data-settings=\"{&quot;stretch_section&quot;:&quot;section-stretched&quot;}\">\n\t\t\t\t\t\t<div class=\"elementor-container elementor-column-gap-default\">\n\t\t\t\t\t<div class=\"elementor-column elementor-col-100 elementor-top-column elementor-element elementor-element-317421c\" data-id=\"317421c\" data-element_type=\"column\">\n\t\t\t<div class=\"elementor-widget-wrap elementor-element-populated\">\n\t\t\t\t\t\t<div class=\"elementor-element elementor-element-befac0e elementor-widget elementor-widget-html\" data-id=\"befac0e\" data-element_type=\"widget\" data-widget_type=\"html.default\">\n\t\t\t\t<div class=\"elementor-widget-container\">\n\t\t\t\t\t<!-- AGB - Allgemeine Gesch\u00e4ftsbedingungen (Echtelizenz) -->\r\n<section style=\"padding:60px 20px; max-width:1100px; margin:0 auto; font-family:Arial, sans-serif; color:#111;\">\r\n\r\n  <!-- META (in <head>) -->\r\n  <!--\r\n    <title>AGB \u2013 Echtelizenz<\/title>\r\n    <meta name=\"description\" content=\"Allgemeine Gesch\u00e4ftsbedingungen (AGB) von Echtelizenz. Geltungsbereich, Leistungen, Preise, Zahlung, Lieferung, Gew\u00e4hrleistung, Haftung, Widerruf.\">\r\n  -->\r\n\r\n  <!-- JSON-LD: WebPage -->\r\n  <script type=\"application\/ld+json\">{\n    \"@context\": \"https:\\\/\\\/schema.org\",\n    \"@type\": \"WebPage\",\n    \"name\": \"AGB \\u2013 Echtelizenz\",\n    \"url\": \"https:\\\/\\\/echtelizenz.com\\\/agb\\\/\",\n    \"inLanguage\": \"de-DE\"\n}<\/script>\r\n\r\n  <h1 style=\"font-size:34px; font-weight:800; margin-bottom:10px;\">\u4e00\u822c\u6761\u6b3e\u548c\u6761\u4ef6\uff08AGB\uff09<\/h1>\r\n  <p style=\"font-size:15px; color:#444; margin-bottom:20px;\">\r\n    \u6709\u6548\u671f\u4ece <strong>01.01.2026<\/strong><br>\r\n    \u8bf7\u4ed4\u7ec6\u9605\u8bfb\u8fd9\u4e9b\u6761\u6b3e\u548c\u6761\u4ef6\u3002\u4f7f\u7528\u6211\u4eec\u7684\u670d\u52a1\u5373\u8868\u793a\u60a8\u540c\u610f\u8fd9\u4e9b\u6761\u6b3e\u548c\u6761\u4ef6\u3002.\r\n  <\/p>\r\n\r\n  <!-- Anbieter -->\r\n  <div style=\"background:#f7f7f7; padding:18px; border-radius:10px; margin-bottom:20px;\">\r\n    <h2 style=\"font-size:18px; font-weight:700; margin-bottom:8px;\">\u63d0\u4f9b\u5546<\/h2>\r\n    <p style=\"font-size:15px; color:#222; line-height:1.6;\">\r\n      \u63d0\u4f9b\u8005 <strong>\u771f\u5b9e\u8bb8\u53ef\u8bc1<\/strong><br>\r\n     \r\n      \u7535\u5b50\u90ae\u4ef6\uff1a <a href=\"mailto:majidbuda1@gmail.com\">majidbuda1@gmail.com<\/a><br>\r\n      WhatsApp\uff1a <a href=\"https:\/\/wa.me\/4917644678273\" target=\"_blank\" rel=\"noopener\">+49 176 44678273<\/a>\r\n    <\/p>\r\n    <p style=\"font-size:13px; color:#666;\">\r\n      (\u8bf7\u5c06\u5360\u4f4d\u7b26\u6570\u636e\u66ff\u6362\u4e3a\u8d35\u516c\u53f8\u7684\u5b9e\u9645\u6570\u636e\uff09\u3002\r\n    <\/p>\r\n  <\/div>\r\n\r\n  <!-- 1. Geltungsbereich -->\r\n  <h2 style=\"font-size:20px; font-weight:700; margin-top:10px;\">1. \u9002\u7528\u8303\u56f4<\/h2>\r\n  <p style=\"font-size:15px; color:#333; line-height:1.7;\">\r\n    \u672c GTC \u9002\u7528\u4e8e Echte Lizenz\uff08\u4ee5\u4e0b\u7b80\u79f0 \u201e\u4f9b\u5e94\u5546\u201c\uff09\u4e0e\u5ba2\u6237\uff08\u4ee5\u4e0b\u7b80\u79f0 \u201e\u5ba2\u6237\u201c\uff09\u4e4b\u95f4\u7684\u6240\u6709\u4e1a\u52a1\u5173\u7cfb\uff0c\u5176\u7248\u672c\u5728\u5408\u540c\u7b7e\u8ba2\u65f6\u6709\u6548\u3002.\r\n  <\/p>\r\n\r\n  <!-- 2. Vertragsschluss -->\r\n  <h2 style=\"font-size:20px; font-weight:700; margin-top:10px;\">2. \u5408\u540c\u7684\u7b7e\u8ba2<\/h2>\r\n  <p style=\"font-size:15px; color:#333; line-height:1.7;\">\r\n    \u4f9b\u5e94\u5546\u7684\u62a5\u4ef7\u4e0d\u5177\u7ea6\u675f\u529b\u3002\u53ea\u6709\u901a\u8fc7 WhatsApp \u6216\u7535\u5b50\u90ae\u4ef6\u660e\u786e\u786e\u8ba4\u8ba2\u5355\u6216\u4ea4\u4ed8\u7ea6\u5b9a\u7684\u670d\u52a1\uff0c\u5408\u540c\u624d\u7b97\u6210\u7acb\u3002.\r\n  <\/p>\r\n\r\n  <!-- 3. Leistungsumfang -->\r\n  <h2 style=\"font-size:20px; font-weight:700; margin-top:10px;\">3. \u670d\u52a1\u8303\u56f4<\/h2>\r\n  <p style=\"font-size:15px; color:#333; line-height:1.7;\">\r\n    \u670d\u52a1\u8303\u56f4\u53d6\u51b3\u4e8e\u4e2a\u4eba\u534f\u8bae\u3002\u7f51\u7ad9\u4e0a\u7684\u63cf\u8ff0\u4ec5\u4f9b\u53c2\u8003\uff0c\u5e76\u4e0d\u6784\u6210\u5bf9\u5176\u4ed6\u8d22\u4ea7\u7684\u5177\u6709\u7ea6\u675f\u529b\u7684\u4fdd\u8bc1\u3002.\r\n  <\/p>\r\n\r\n  <!-- 4. Preise und Zahlung -->\r\n  <h2 style=\"font-size:20px; font-weight:700; margin-top:10px;\">4. \u4ef7\u683c\u548c\u4ed8\u6b3e<\/h2>\r\n  <p style=\"font-size:15px; color:#333; line-height:1.7;\">\r\n    4.1 \u9664\u975e\u53e6\u6709\u8bf4\u660e\uff0c\u6240\u6709\u4ef7\u683c\u5747\u4e3a\u6700\u7ec8\u4ef7\u683c\uff0c\u5355\u4f4d\u4e3a\u6b27\u5143\/\u745e\u58eb\u6cd5\u90ce\uff08\u89c6\u670d\u52a1\u800c\u5b9a\uff09\uff0c\u4e0d\u542b\u6cd5\u5b9a\u7a0e\u8d39\u3002.<br>\r\n    4.2 \u4ed8\u6b3e\u5e94\u6309\u7ea6\u5b9a\u901a\u8fc7\u94f6\u884c\u8f6c\u8d26\u3001\u52a0\u5bc6\u8d27\u5e01\u6216\u4e8b\u5148\u786e\u8ba4\u7684\u5176\u4ed6\u4ed8\u6b3e\u65b9\u5f0f\u8fdb\u884c\u3002\u4ed8\u6b3e\u65f6\u4e0d\u5f97\u6263\u9664\u4efb\u4f55\u8d39\u7528\u3002.<br>\r\n    4.3 \u5982\u903e\u671f\u4ed8\u6b3e\uff0c\u6211\u65b9\u4fdd\u7559\u6309\u6cd5\u5b9a\u5229\u7387\u6536\u53d6\u6b20\u6b3e\u5229\u606f\u7684\u6743\u5229\uff0c\u5e76\u4fdd\u7559\u5728\u6536\u5230\u4ed8\u6b3e\u524d\u6682\u505c\u5c65\u7ea6\u7684\u6743\u5229\u3002.\r\n  <\/p>\r\n\r\n  <!-- 5. Lieferung \/ Erbringung der Dienstleistung -->\r\n  <h2 style=\"font-size:20px; font-weight:700; margin-top:10px;\">5. \u4ea4\u4ed8\/\u7ee9\u6548<\/h2>\r\n  <p style=\"font-size:15px; color:#333; line-height:1.7;\">\r\n    5.1 \u4ea4\u8d27\u548c\u52a0\u5de5\u65f6\u95f4\u4e3a\u975e\u7ea6\u675f\u6027\u65f6\u95f4\uff0c\u9664\u975e\u660e\u786e\u7ea6\u5b9a\u4e3a\u7ea6\u675f\u6027\u65f6\u95f4\u3002.<br>\r\n    5.2 \u9664\u91cd\u5927\u8fc7\u5931\u6216\u6545\u610f\u5916\uff0c\u8d85\u51fa\u6211\u65b9\u63a7\u5236\u8303\u56f4\u7684\u5ef6\u8bef\u4e0d\u5e94\u4f7f\u6211\u65b9\u6709\u6743\u8981\u6c42\u635f\u5bb3\u8d54\u507f\u3002.\r\n  <\/p>\r\n\r\n  <!-- 6. Widerruf \/ R\u00fccktritt -->\r\n  <h2 style=\"font-size:20px; font-weight:700; margin-top:10px;\">6. \u53d6\u6d88\/\u64a4\u56de<\/h2>\r\n  <p style=\"font-size:15px; color:#333; line-height:1.7;\">\r\n    6.1 \u6839\u636e\u8fdc\u7a0b\u9500\u552e\u6cd5\uff0c\u6d88\u8d39\u8005\u4eab\u6709\u6cd5\u5b9a\u7684\u53d6\u6d88\u6743\uff08\u53c2\u89c1\u9690\u79c1\u653f\u7b56\/\u53d6\u6d88\u653f\u7b56\uff09\u3002\u670d\u52a1\u59cb\u4e8e\u660e\u786e\u540c\u610f\uff0c\u56e0\u6b64\u53ef\u6392\u9664\u5728\u53d6\u6d88\u6743\u4e4b\u5916\u3002.<br>\r\n    6.2 \u5982\u679c\u5ba2\u6237\u6709\u6b63\u5f53\u7406\u7531\u53d6\u6d88\u670d\u52a1\uff0c\u6211\u4eec\u4fdd\u7559\u5bf9\u5df2\u63d0\u4f9b\u7684\u670d\u52a1\u8981\u6c42\u5408\u7406\u8865\u507f\u7684\u6743\u5229\u3002.\r\n  <\/p>\r\n\r\n  <!-- 7. Gew\u00e4hrleistung -->\r\n  <h2 style=\"font-size:20px; font-weight:700; margin-top:10px;\">7. \u4fdd\u4fee<\/h2>\r\n  <p style=\"font-size:15px; color:#333; line-height:1.7;\">\r\n    7.1 \u5e94\u9002\u7528\u6cd5\u5b9a\u4fdd\u4fee\u89c4\u5b9a\u3002\u660e\u663e\u7684\u7f3a\u9677\u5fc5\u987b\u7acb\u5373\u4e66\u9762\u62a5\u544a\uff0c\u4f46\u6700\u8fdf\u5e94\u5728\u5c65\u7ea6\u540e 7 \u5929\u5185\u62a5\u544a\u3002.<br>\r\n    7.2 \u5982\u679c\u6295\u8bc9\u5408\u7406\uff0c\u6211\u4eec\u5c06\u914c\u60c5\u4fee\u7406\u6216\u66f4\u6362\u8d27\u7269\u3002\u9664\u975e\u5f3a\u5236\u6027\u6cd5\u5f8b\u6761\u6b3e\u53e6\u6709\u89c4\u5b9a\uff0c\u5426\u5219\u4e0d\u5f97\u8fdb\u4e00\u6b65\u7d22\u8d54\u3002.\r\n  <\/p>\r\n\r\n  <!-- 8. Haftung -->\r\n  <h2 style=\"font-size:20px; font-weight:700; margin-top:10px;\">8. \u8d23\u4efb<\/h2>\r\n  <p style=\"font-size:15px; color:#333; line-height:1.7;\">\r\n    8.1 \u53ea\u6709\u5728\u8fdd\u53cd\u91cd\u8981\u5408\u540c\u4e49\u52a1\uff08\u57fa\u672c\u4e49\u52a1\uff09\u7684\u60c5\u51b5\u4e0b\uff0c\u63d0\u4f9b\u65b9\u624d\u627f\u62c5\u8f7b\u5fae\u8fc7\u5931\u8d23\u4efb\u3002\u5728\u8fd9\u79cd\u60c5\u51b5\u4e0b\uff0c\u8d23\u4efb\u4ec5\u9650\u4e8e\u901a\u5e38\u53ef\u9884\u89c1\u7684\u635f\u5931\u3002.<br>\r\n    8.2 \u6545\u610f\u548c\u91cd\u5927\u8fc7\u5931\u8d23\u4efb\u4e0d\u53d7\u5f71\u54cd\u3002\u4ea7\u54c1\u8d23\u4efb\u6cd5\u300b\u89c4\u5b9a\u7684\u8d23\u4efb\u4e5f\u4e0d\u53d7\u5f71\u54cd\u3002.<br>\r\n    8.3 \u5728\u6cd5\u5f8b\u5141\u8bb8\u7684\u8303\u56f4\u5185\uff0c\u4e0d\u627f\u62c5\u5229\u6da6\u635f\u5931\u3001\u95f4\u63a5\u635f\u5bb3\u6216\u540e\u679c\u6027\u635f\u5bb3\u7684\u8d23\u4efb\u3002.\r\n  <\/p>\r\n\r\n  <!-- 9. Vertraulichkeit & Datenschutz -->\r\n  <h2 style=\"font-size:20px; font-weight:700; margin-top:10px;\">9 \u4fdd\u5bc6\u548c\u6570\u636e\u4fdd\u62a4<\/h2>\r\n  <p style=\"font-size:15px; color:#333; line-height:1.7;\">\r\n    9.1 \u6211\u4eec\u5bf9\u60a8\u7684\u6570\u636e\u4fdd\u5bc6\uff0c\u5e76\u9075\u5b88\u9002\u7528\u7684\u6cd5\u5b9a\u6570\u636e\u4fdd\u62a4\u89c4\u5b9a\u3002\u6709\u5173\u8be6\u60c5\uff0c\u8bf7\u53c2\u9605\u6211\u4eec\u7684 <a href=\"https:\/\/echtelizenz.com\/zh\/\u6570\u636e\u4fdd\u62a4\/\" style=\"color:#111; text-decoration:underline;\">\u9690\u79c1\u653f\u7b56<\/a>.<br>\r\n    9.2 \u5ba2\u6237\u627f\u8bfa\u4e0d\u516c\u5e03\u4efb\u4f55\u6709\u5173\u5185\u90e8\u6d41\u7a0b\u6216\u7b2c\u4e09\u65b9\u7684\u4fe1\u606f\u3002.\r\n  <\/p>\r\n\r\n  <!-- 10. Nutzungsrechte -->\r\n  <h2 style=\"font-size:20px; font-weight:700; margin-top:10px;\">10. \u7248\u6743\u548c\u4f7f\u7528\u6743<\/h2>\r\n  <p style=\"font-size:15px; color:#333; line-height:1.7;\">\r\n    \u672c\u7f51\u7ad9\u7684\u5185\u5bb9\u3001\u6587\u672c\u3001\u56fe\u50cf\u548c\u5176\u4ed6\u8d44\u6599\u53d7\u7248\u6743\u4fdd\u62a4\u3002\u672a\u7ecf\u4e66\u9762\u8bb8\u53ef\uff0c\u7981\u6b62\u4f7f\u7528\u3001\u590d\u5236\u6216\u4f20\u64ad\u3002.\r\n  <\/p>\r\n\r\n  <!-- 11. Schlussbestimmungen -->\r\n  <h2 style=\"font-size:20px; font-weight:700; margin-top:10px;\">11. \u6700\u540e\u6761\u6b3e<\/h2>\r\n  <p style=\"font-size:15px; color:#333; line-height:1.7;\">\r\n    11.1 \u5728\u4e0d\u9002\u7528\u300a\u8054\u5408\u56fd\u56fd\u9645\u8d27\u7269\u9500\u552e\u5408\u540c\u516c\u7ea6\u300b\u7684\u60c5\u51b5\u4e0b\uff0c\u5982\u679c\u5ba2\u6237\u662f\u5546\u4eba\u3001\u516c\u6cd5\u89c4\u5b9a\u7684\u6cd5\u4eba\u5b9e\u4f53\u6216\u516c\u6cd5\u89c4\u5b9a\u7684\u7279\u522b\u57fa\u91d1\uff0c\u5219\u9002\u7528\u5fb7\u610f\u5fd7\u8054\u90a6\u5171\u548c\u56fd\u6cd5\u5f8b\u3002.<br>\r\n    11.2 \u5982\u679c\u672c GTC \u7684\u4e2a\u522b\u6761\u6b3e\u5168\u90e8\u6216\u90e8\u5206\u65e0\u6548\uff0c\u5176\u4f59\u6761\u6b3e\u7684\u6709\u6548\u6027\u4e0d\u53d7\u5f71\u54cd\u3002\u65e0\u6548\u6761\u6b3e\u5e94\u7531\u6700\u63a5\u8fd1\u7ecf\u6d4e\u76ee\u7684\u7684\u6709\u6548\u6761\u6b3e\u53d6\u4ee3\u3002.\r\n  <\/p>\r\n\r\n  <!-- 12. Kontakt -->\r\n  <div style=\"background:#f7f7f7; padding:18px; border-radius:10px; margin-top:18px;\">\r\n    <h2 style=\"font-size:18px; font-weight:700; margin-bottom:8px;\">\u8054\u7cfb\u6211\u4eec<\/h2>\r\n    <p style=\"font-size:15px; color:#222; line-height:1.7;\">\r\n      \u5bf9\u8fd9\u4e9b GTC \u6709\u7591\u95ee\uff1f\u8bf7\u8054\u7cfb\u6211\u4eec\uff1a<br>\r\n      <strong>\u7535\u5b50\u90ae\u4ef6\uff1a<\/strong> <a href=\"mailto:majidbuda1@gmail.com\">majidbuda1@gmail.com<\/a><br>\r\n      <strong>WhatsApp\uff1a<\/strong> <a href=\"https:\/\/wa.me\/4917644678273\" target=\"_blank\" rel=\"noopener\">+49 176 44678273<\/a>\r\n    <\/p>\r\n  <\/div>\r\n\r\n  <!-- Hinweis -->\r\n  <p style=\"font-size:13px; color:#666; margin-top:18px;\">\r\n    \u6ce8\u610f\uff1a\u8fd9\u4e9b GTC \u53ea\u662f\u6837\u672c\u6587\u672c\uff0c\u4e0d\u80fd\u4ee3\u66ff\u6cd5\u5f8b\u5efa\u8bae\u3002\u5982\u9700\u5408\u6cd5\u4f7f\u7528\uff0c\u5e94\u7531\u4e13\u4e1a\u5f8b\u5e08\u68c0\u67e5 GTC\uff0c\u5e76\u6839\u636e\u60a8\u7684\u5177\u4f53\u4e1a\u52a1\u5b9e\u8df5\u8fdb\u884c\u8c03\u6574\u3002.\r\n  <\/p>\r\n\r\n \r\n\r\n<\/section>\r\n\t\t\t\t<\/div>\n\t\t\t\t<\/div>\n\t\t\t\t\t<\/div>\n\t\t<\/div>\n\t\t\t\t\t<\/div>\n\t\t<\/section>\n\t\t\t\t<\/div>","protected":false},"excerpt":{"rendered":"<p>Allgemeine Gesch\u00e4ftsbedingungen (AGB) G\u00fcltig ab: 01.01.2026 Bitte lesen Sie diese Bedingungen sorgf\u00e4ltig. Durch die Nutzung unserer Dienste erkl\u00e4ren Sie sich mit diesen AGB einverstanden. Anbieter Anbieter: Echte Lizenz E-Mail: majidbuda1@gmail.com WhatsApp: +49 176 44678273 (Bitte ersetze die Platzhalterangaben mit deinen tats\u00e4chlichen Firmendaten.) 1. Geltungsbereich Diese AGB gelten f\u00fcr alle Gesch\u00e4ftsbeziehungen zwischen Echte Lizenz (nachfolgend \u201eAnbieter\u201c) [&hellip;]<\/p>","protected":false},"author":2,"featured_media":0,"parent":0,"menu_order":0,"comment_status":"closed","ping_status":"closed","template":"elementor_header_footer","meta":{"site-sidebar-layout":"no-sidebar","site-content-layout":"page-builder","ast-site-content-layout":"full-width-container","site-content-style":"default","site-sidebar-style":"default","ast-global-header-display":"","ast-banner-title-visibility":"","ast-main-header-display":"","ast-hfb-above-header-display":"","ast-hfb-below-header-display":"","ast-hfb-mobile-header-display":"","site-post-title":"disabled","ast-breadcrumbs-content":"","ast-featured-img":"disabled","footer-sml-layout":"","theme-transparent-header-meta":"","adv-header-id-meta":"","stick-header-meta":"","header-above-stick-meta":"","header-main-stick-meta":"","header-below-stick-meta":"","astra-migrate-meta-layouts":"set","ast-page-background-enabled":"default","ast-page-background-meta":{"desktop":{"background-color":"var(--ast-global-color-4)","background-image":"","background-repeat":"repeat","background-position":"center center","background-size":"auto","background-attachment":"scroll","background-type":"","background-media":"","overlay-type":"","overlay-color":"","overlay-gradient":""},"tablet":{"background-color":"","background-image":"","background-repeat":"repeat","background-position":"center center","background-size":"auto","background-attachment":"scroll","background-type":"","background-media":"","overlay-type":"","overlay-color":"","overlay-gradient":""},"mobile":{"background-color":"","background-image":"","background-repeat":"repeat","background-position":"center center","background-size":"auto","background-attachment":"scroll","background-type":"","background-media":"","overlay-type":"","overlay-color":"","overlay-gradient":""}},"ast-content-background-meta":{"desktop":{"background-color":"var(--ast-global-color-5)","background-image":"","background-repeat":"repeat","background-position":"center center","background-size":"auto","background-attachment":"scroll","background-type":"","background-media":"","overlay-type":"","overlay-color":"","overlay-gradient":""},"tablet":{"background-color":"var(--ast-global-color-5)","background-image":"","background-repeat":"repeat","background-position":"center center","background-size":"auto","background-attachment":"scroll","background-type":"","background-media":"","overlay-type":"","overlay-color":"","overlay-gradient":""},"mobile":{"background-color":"var(--ast-global-color-5)","background-image":"","background-repeat":"repeat","background-position":"center center","background-size":"auto","background-attachment":"scroll","background-type":"","background-media":"","overlay-type":"","overlay-color":"","overlay-gradient":""}},"footnotes":""},"class_list":["post-2048","page","type-page","status-publish","hentry"],"_links":{"self":[{"href":"https:\/\/echtelizenz.com\/zh\/wp-json\/wp\/v2\/pages\/2048","targetHints":{"allow":["GET"]}}],"collection":[{"href":"https:\/\/echtelizenz.com\/zh\/wp-json\/wp\/v2\/pages"}],"about":[{"href":"https:\/\/echtelizenz.com\/zh\/wp-json\/wp\/v2\/types\/page"}],"author":[{"embeddable":true,"href":"https:\/\/echtelizenz.com\/zh\/wp-json\/wp\/v2\/users\/2"}],"replies":[{"embeddable":true,"href":"https:\/\/echtelizenz.com\/zh\/wp-json\/wp\/v2\/comments?post=2048"}],"version-history":[{"count":4,"href":"https:\/\/echtelizenz.com\/zh\/wp-json\/wp\/v2\/pages\/2048\/revisions"}],"predecessor-version":[{"id":2052,"href":"https:\/\/echtelizenz.com\/zh\/wp-json\/wp\/v2\/pages\/2048\/revisions\/2052"}],"wp:attachment":[{"href":"https:\/\/echtelizenz.com\/zh\/wp-json\/wp\/v2\/media?parent=2048"}],"curies":[{"name":"wp","href":"https:\/\/api.w.org\/{rel}","templated":true}]}}