{"id":2039,"date":"2025-11-14T16:01:34","date_gmt":"2025-11-14T16:01:34","guid":{"rendered":"https:\/\/echtelizenz.com\/?page_id=2039"},"modified":"2025-11-26T18:59:29","modified_gmt":"2025-11-26T18:59:29","slug":"impressum","status":"publish","type":"page","link":"https:\/\/echtelizenz.com\/zh\/\u6cd5\u5f8b\u58f0\u660e\/","title":{"rendered":"\u7248\u672c\u8bf4\u660e"},"content":{"rendered":"<div data-elementor-type=\"wp-page\" data-elementor-id=\"2039\" class=\"elementor elementor-2039\" data-elementor-post-type=\"page\">\n\t\t\t\t\t\t<section class=\"elementor-section elementor-top-section elementor-element elementor-element-e40f919 elementor-section-full_width elementor-section-stretched elementor-section-height-default elementor-section-height-default\" data-id=\"e40f919\" data-element_type=\"section\" data-settings=\"{&quot;stretch_section&quot;:&quot;section-stretched&quot;}\">\n\t\t\t\t\t\t<div class=\"elementor-container elementor-column-gap-default\">\n\t\t\t\t\t<div class=\"elementor-column elementor-col-100 elementor-top-column elementor-element elementor-element-a2c42af\" data-id=\"a2c42af\" data-element_type=\"column\">\n\t\t\t<div class=\"elementor-widget-wrap elementor-element-populated\">\n\t\t\t\t\t\t<div class=\"elementor-element elementor-element-f561bca elementor-widget elementor-widget-html\" data-id=\"f561bca\" data-element_type=\"widget\" data-widget_type=\"html.default\">\n\t\t\t\t<div class=\"elementor-widget-container\">\n\t\t\t\t\t<!-- IMPRESSUM PAGE - EINZELNER HTML BLOCK -->\r\n<section style=\"padding:60px 20px; max-width:1100px; margin:0 auto; font-family: Arial, sans-serif; color:#111;\">\r\n  <!-- META (Einf\u00fcgen in <head> Ihrer Seite) -->\r\n  <!--\r\n  <title>Impressum \u2013 EchteLizenz<\/title>\r\n  <meta name=\"description\" content=\"Impressum von EchteLizenz. Kontakt, Verantwortlicher, Registerangaben und rechtliche Hinweise.\">\r\n  -->\r\n\r\n  <!-- JSON-LD Organization (f\u00fcge in <head> oder vor dem schlie\u00dfenden <\/body> ein) -->\r\n  <script type=\"application\/ld+json\">{\n    \"@context\": \"https:\\\/\\\/schema.org\",\n    \"@type\": \"Organization\",\n    \"name\": \"Echte Lizenz\",\n    \"url\": \"https:\\\/\\\/echtelizenz.com\",\n    \"logo\": \"https:\\\/\\\/echtelizenz.com\\\/wp-content\\\/uploads\\\/2024\\\/04\\\/Logo-W.png\",\n    \"contactPoint\": [\n        {\n            \"@type\": \"ContactPoint\",\n            \"telephone\": \"+49 176 44678273\",\n            \"contactType\": \"customer support\",\n            \"email\": \"majidbuda1@gmail.com\",\n            \"availableLanguage\": [\n                \"German\",\n                \"English\"\n            ]\n        }\n    ],\n    \"sameAs\": [\n        \"https:\\\/\\\/echtelizenz.com\"\n    ]\n}<\/script>\r\n\r\n  <h1 style=\"font-size:34px; font-weight:800; margin-bottom:10px;\">\u7248\u672c\u8bf4\u660e<\/h1>\r\n  <p style=\"font-size:15px; color:#444; margin-bottom:30px;\">\r\n    \u6839\u636e \u00a7 5 TMG \/ \u5176\u4ed6\u6cd5\u5f8b\u8981\u6c42\u63d0\u4f9b\u7684\u4fe1\u606f\uff08\u8bf7\u66ff\u6362\u4e0b\u9762\u7684\u5360\u4f4d\u7b26\uff09\u3002\r\n  <\/p>\r\n\r\n  <!-- Unternehmensinformationen -->\r\n  <div style=\"background:#f8f8f8; padding:22px; border-radius:10px; margin-bottom:30px;\">\r\n    <h2 style=\"font-size:20px; font-weight:700; margin-bottom:10px;\">\u63d0\u4f9b\u5546<\/h2>\r\n\r\n    <p style=\"font-size:15px; color:#222; line-height:1.6; margin-bottom:6px;\">\r\n      <strong>\u516c\u53f8\u540d\u79f0\uff1a<\/strong> \u771f\u5b9e\u8bb8\u53ef\u8bc1\r\n    <\/p>\r\n\r\n    <p style=\"font-size:15px; color:#222; line-height:1.6; margin-bottom:6px;\">\r\n      <strong>\u4e1a\u52a1\u5730\u5740\uff1a<\/strong><br>\r\n      <!-- ERSETZEN: Vollst\u00e4ndige Gesch\u00e4ftsadresse einf\u00fcgen -->\r\n      \u6837\u677f\u8857\u9053 1<br>\r\n      00000 \u57ce\u5e02\u540d\u79f0<br>\r\n      \u56fd\u5bb6\r\n    <\/p>\r\n\r\n    <p style=\"font-size:15px; color:#222; line-height:1.6; margin-bottom:6px;\">\r\n      <strong>\u5e38\u52a1\u8463\u4e8b\/\u8d1f\u8d23\u4eba\uff0c\u7b26\u5408 RStV \u00a7 55 Abs\uff1a<\/strong><br>\r\n      <!-- ERSETZEN: Name des Gesch\u00e4ftsf\u00fchrers \/ Verantwortlichen -->\r\n      \u540d \u59d3\r\n    <\/p>\r\n\r\n    <p style=\"font-size:15px; color:#222; line-height:1.6; margin-bottom:6px;\">\r\n      <strong>\u7535\u8bdd\/WhatsApp\uff1a<\/strong><br>\r\n      <a href=\"https:\/\/wa.me\/4915211539342\" style=\"color:#111; text-decoration:none;\" target=\"_blank\" rel=\"noopener\">+49 15211539342 (WhatsApp)<\/a>\r\n    <\/p>\r\n\r\n    <p style=\"font-size:15px; color:#222; line-height:1.6; margin-bottom:6px;\">\r\n      <strong>\u7535\u5b50\u90ae\u4ef6\uff1a<\/strong><br>\r\n      <a href=\"mailto:majidbuda1@gmail.com\" style=\"color:#111; text-decoration:none;\">majidbuda1@gmail.com<\/a>\r\n    <\/p>\r\n\r\n    <p style=\"font-size:15px; color:#222; line-height:1.6; margin-top:12px;\">\r\n      <strong>\u5546\u4e1a\u767b\u8bb0\uff1a<\/strong><br>\r\n      <!-- ERSETZEN: z.B. Amtsgericht XXX, HRB 123456 -->\r\n      \u5730\u65b9\u6cd5\u9662 [\u5730\u70b9]\uff0cHRB [\u7f16\u53f7\uff3d\r\n    <\/p>\r\n\r\n    <p style=\"font-size:15px; color:#222; line-height:1.6; margin-top:6px;\">\r\n      <strong>\u589e\u503c\u7a0e ID\uff08UID\uff09\uff1a<\/strong><br>\r\n      <!-- ERSETZEN: USt-IdNr. falls vorhanden -->\r\n      VAT-ID: [DE\/AT\/CH ...]\r\n    <\/p>\r\n\r\n    <p style=\"font-size:13px; color:#666; margin-top:12px;\">\r\n      <em>\u8bf7\u6ce8\u610f\uff1a<\/em> \u5c06\u6240\u6709\u65b9\u5f62\u5360\u4f4d\u7b26 [ ... ] \u66ff\u6362\u4e3a\u8d35\u516c\u53f8\u7684\u5b9e\u9645\u8be6\u7ec6\u4fe1\u606f\u3002\u9057\u6f0f\u5fc5\u586b\u4fe1\u606f\u53ef\u80fd\u4f1a\u4ea7\u751f\u6cd5\u5f8b\u540e\u679c\u3002\r\n    <\/p>\r\n  <\/div>\r\n\r\n  <!-- Inhaltliche Angaben -->\r\n  <div style=\"margin-bottom:30px;\">\r\n    <h2 style=\"font-size:20px; font-weight:700; margin-bottom:10px;\">\u8d1f\u8d23\u5185\u5bb9<\/h2>\r\n    <p style=\"font-size:15px; color:#333; line-height:1.6;\">\r\n      \u6839\u636e RStV \u7b2c 55 Abs. 2 \u6761\uff0c\u8d1f\u8d23\u7f16\u8f91\u5185\u5bb9\uff1a<br>\r\n      <strong><!-- ERSETZEN: Name --><\/strong><br>\r\n      \u5730\u5740\u540c\u4e0a\u3002\r\n    <\/p>\r\n  <\/div>\r\n\r\n  <!-- Haftung -->\r\n  <div style=\"background:#f8f8f8; padding:22px; border-radius:10px; margin-bottom:30px;\">\r\n    <h2 style=\"font-size:20px; font-weight:700; margin-bottom:10px;\">\u5185\u5bb9\u8d23\u4efb<\/h2>\r\n    <p style=\"font-size:15px; color:#333; line-height:1.6;\">\r\n      \u6211\u4eec\u7684\u7f51\u9875\u5185\u5bb9\u90fd\u662f\u7ecf\u8fc7\u7cbe\u5fc3\u5236\u4f5c\u7684\u3002\u4f46\u662f\uff0c\u6211\u4eec\u5bf9\u5185\u5bb9\u7684\u51c6\u786e\u6027\u3001\u5b8c\u6574\u6027\u548c\u65f6\u4e8b\u6027\u4e0d\u627f\u62c5\u4efb\u4f55\u8d23\u4efb\u3002\r\n      \u4f5c\u4e3a\u670d\u52a1\u63d0\u4f9b\u5546\uff0c\u6211\u4eec\u6839\u636e \u00a7 7 para.1 TMG\uff08\u5fb7\u56fd\u7535\u4fe1\u5a92\u4f53\u6cd5\uff09\u548c\u4e00\u822c\u6cd5\u5f8b\u5bf9\u81ea\u5df1\u7684\u5185\u5bb9\u8d1f\u8d23\u3002\r\n    <\/p>\r\n\r\n    <h2 style=\"font-size:20px; font-weight:700; margin-top:16px; margin-bottom:10px;\">\u94fe\u63a5\u8d23\u4efb<\/h2>\r\n    <p style=\"font-size:15px; color:#333; line-height:1.6;\">\r\n      \u6211\u4eec\u7684\u7f51\u7ad9\u5305\u542b\u5916\u90e8\u7b2c\u4e09\u65b9\u7f51\u7ad9\u7684\u94fe\u63a5\uff0c\u6211\u4eec\u5bf9\u8fd9\u4e9b\u7f51\u7ad9\u7684\u5185\u5bb9\u6ca1\u6709\u5f71\u54cd\u529b\u3002\u6211\u4eec\u5bf9\u7b2c\u4e09\u65b9\u5185\u5bb9\u4e0d\u627f\u62c5\u4efb\u4f55\u8d23\u4efb\u3002\r\n    <\/p>\r\n  <\/div>\r\n\r\n  <!-- Urheberrecht -->\r\n  <div style=\"margin-bottom:30px;\">\r\n    <h2 style=\"font-size:20px; font-weight:700; margin-bottom:10px;\">\u7248\u6743<\/h2>\r\n    <p style=\"font-size:15px; color:#333; line-height:1.6;\">\r\n      \u7f51\u7ad9\u8fd0\u8425\u5546\u5728\u8fd9\u4e9b\u7f51\u9875\u4e0a\u521b\u4f5c\u7684\u5185\u5bb9\u548c\u4f5c\u54c1\u53d7\u5fb7\u56fd\u7248\u6743\u6cd5\u4fdd\u62a4\u3002\r\n      \u7b2c\u4e09\u65b9\u63d0\u4f9b\u7684\u5185\u5bb9\u5747\u6807\u660e\u4e3a\u7b2c\u4e09\u65b9\u63d0\u4f9b\u3002\u590d\u5236\u3001\u7f16\u8f91\u3001\u5206\u53d1\u4ee5\u53ca\u4efb\u4f55\u8d85\u51fa\u7248\u6743\u6cd5\u8303\u56f4\u7684\u4f7f\u7528\u5747\u9700\u83b7\u5f97\u6211\u4eec\u7684\u4e66\u9762\u540c\u610f\u3002\r\n    <\/p>\r\n  <\/div>\r\n\r\n  <!-- Datenschutz \/ Verweise -->\r\n  <div style=\"background:#f8f8f8; padding:22px; border-radius:10px; margin-bottom:30px;\">\r\n    <h2 style=\"font-size:20px; font-weight:700; margin-bottom:10px;\">\u6570\u636e\u4fdd\u62a4<\/h2>\r\n    <p style=\"font-size:15px; color:#333; line-height:1.6;\">\r\n      \u60a8\u53ef\u4ee5\u5728\u6211\u4eec\u7684 <a href=\"https:\/\/echtelizenz.com\/zh\/\u6570\u636e\u4fdd\u62a4\/\" style=\"color:#111; text-decoration:underline;\">\u9690\u79c1\u653f\u7b56<\/a>.\r\n    <\/p>\r\n\r\n    <h2 style=\"font-size:20px; font-weight:700; margin-top:12px; margin-bottom:10px;\">\u4e89\u8bae\u89e3\u51b3<\/h2>\r\n    <p style=\"font-size:15px; color:#333; line-height:1.6;\">\r\n      \u6b27\u76df\u59d4\u5458\u4f1a\u63d0\u4f9b\u4e86\u4e00\u4e2a\u5728\u7ebf\u4e89\u8bae\u89e3\u51b3\u5e73\u53f0 (OS)\uff1a <br>\r\n      <a href=\"\" target=\"_blank\" rel=\"noopener\" style=\"color:#111; text-decoration:underline;\">\r\n     <br>\r\n      \u6211\u4eec\u6ca1\u6709\u4e49\u52a1\u4e5f\u4e0d\u613f\u610f\u53c2\u4e0e\u6d88\u8d39\u8005\u4ef2\u88c1\u59d4\u5458\u4f1a\u7684\u4e89\u8bae\u89e3\u51b3\u7a0b\u5e8f\u3002\r\n    <\/p>\r\n  <\/div>\r\n\r\n  <!-- Kontakt & Hinweis zu Rechtsform -->\r\n  <div style=\"margin-bottom:30px;\">\r\n    <h2 style=\"font-size:20px; font-weight:700; margin-bottom:10px;\">\u8054\u7cfb\u65b9\u5f0f\u548c\u6cd5\u5f8b\u4fe1\u606f<\/h2>\r\n    <p style=\"font-size:15px; color:#333; line-height:1.6;\">\r\n      \u6709\u5173\u5370\u8bb0\u6216\u6cd5\u5f8b\u95ee\u9898\uff0c\u8bf7\u901a\u8fc7\u7535\u5b50\u90ae\u4ef6\u6216 WhatsApp \u4e0e\u6211\u4eec\u8054\u7cfb\uff1a\r\n    <\/p>\r\n\r\n    <ul style=\"font-size:15px; color:#333; line-height:1.7;\">\r\n      <li>\u7535\u5b50\u90ae\u4ef6\uff1a <a href=\"mailto:majidbuda1@gmail.com\" style=\"color:#111; text-decoration:none;\">majidbuda1@gmail.com<\/a><\/li>\r\n      <li>WhatsApp\uff1a <a href=\"https:\/\/wa.me\/4915211539342\" style=\"color:#111; text-decoration:none;\" target=\"_blank\" rel=\"noopener\">+4915211539342<\/a><\/li>\r\n      <li>\u7f51\u7ad9\uff1a <a href=\"https:\/\/echtelizenz.com\/zh\/\" style=\"color:#111; text-decoration:none;\">https:\/\/echtelizenz.com<\/a><\/li>\r\n    <\/ul>\r\n  <\/div>\r\n\r\n<\/section>\r\n\t\t\t\t<\/div>\n\t\t\t\t<\/div>\n\t\t\t\t\t<\/div>\n\t\t<\/div>\n\t\t\t\t\t<\/div>\n\t\t<\/section>\n\t\t\t\t<\/div>","protected":false},"excerpt":{"rendered":"<p>Impressum Angaben gem\u00e4\u00df \u00a7 5 TMG \/ alternative rechtlicher Vorgaben (bitte Platzhalter unten ersetzen). Anbieter Firmenname: Echte Lizenz Gesch\u00e4ftsadresse: Musterstra\u00dfe 1 00000 Stadtname Land Gesch\u00e4ftsf\u00fchrer \/ Verantwortlich gem\u00e4\u00df \u00a7 55 Abs. 2 RStV: Vorname Nachname Telefon \/ WhatsApp: +49 15211539342 (WhatsApp) E-Mail: majidbuda1@gmail.com Handelsregister: Amtsgericht [Ort], HRB [Nummer] Umsatzsteuer-ID (UID): USt-ID: [DE\/AT\/CH &#8230;] Hinweis: Ersetze [&hellip;]<\/p>","protected":false},"author":2,"featured_media":0,"parent":0,"menu_order":0,"comment_status":"closed","ping_status":"closed","template":"elementor_header_footer","meta":{"site-sidebar-layout":"no-sidebar","site-content-layout":"page-builder","ast-site-content-layout":"full-width-container","site-content-style":"default","site-sidebar-style":"default","ast-global-header-display":"","ast-banner-title-visibility":"","ast-main-header-display":"","ast-hfb-above-header-display":"","ast-hfb-below-header-display":"","ast-hfb-mobile-header-display":"","site-post-title":"disabled","ast-breadcrumbs-content":"","ast-featured-img":"disabled","footer-sml-layout":"","theme-transparent-header-meta":"","adv-header-id-meta":"","stick-header-meta":"","header-above-stick-meta":"","header-main-stick-meta":"","header-below-stick-meta":"","astra-migrate-meta-layouts":"set","ast-page-background-enabled":"default","ast-page-background-meta":{"desktop":{"background-color":"var(--ast-global-color-4)","background-image":"","background-repeat":"repeat","background-position":"center center","background-size":"auto","background-attachment":"scroll","background-type":"","background-media":"","overlay-type":"","overlay-color":"","overlay-gradient":""},"tablet":{"background-color":"","background-image":"","background-repeat":"repeat","background-position":"center center","background-size":"auto","background-attachment":"scroll","background-type":"","background-media":"","overlay-type":"","overlay-color":"","overlay-gradient":""},"mobile":{"background-color":"","background-image":"","background-repeat":"repeat","background-position":"center center","background-size":"auto","background-attachment":"scroll","background-type":"","background-media":"","overlay-type":"","overlay-color":"","overlay-gradient":""}},"ast-content-background-meta":{"desktop":{"background-color":"var(--ast-global-color-5)","background-image":"","background-repeat":"repeat","background-position":"center center","background-size":"auto","background-attachment":"scroll","background-type":"","background-media":"","overlay-type":"","overlay-color":"","overlay-gradient":""},"tablet":{"background-color":"var(--ast-global-color-5)","background-image":"","background-repeat":"repeat","background-position":"center center","background-size":"auto","background-attachment":"scroll","background-type":"","background-media":"","overlay-type":"","overlay-color":"","overlay-gradient":""},"mobile":{"background-color":"var(--ast-global-color-5)","background-image":"","background-repeat":"repeat","background-position":"center center","background-size":"auto","background-attachment":"scroll","background-type":"","background-media":"","overlay-type":"","overlay-color":"","overlay-gradient":""}},"footnotes":""},"class_list":["post-2039","page","type-page","status-publish","hentry"],"_links":{"self":[{"href":"https:\/\/echtelizenz.com\/zh\/wp-json\/wp\/v2\/pages\/2039","targetHints":{"allow":["GET"]}}],"collection":[{"href":"https:\/\/echtelizenz.com\/zh\/wp-json\/wp\/v2\/pages"}],"about":[{"href":"https:\/\/echtelizenz.com\/zh\/wp-json\/wp\/v2\/types\/page"}],"author":[{"embeddable":true,"href":"https:\/\/echtelizenz.com\/zh\/wp-json\/wp\/v2\/users\/2"}],"replies":[{"embeddable":true,"href":"https:\/\/echtelizenz.com\/zh\/wp-json\/wp\/v2\/comments?post=2039"}],"version-history":[{"count":11,"href":"https:\/\/echtelizenz.com\/zh\/wp-json\/wp\/v2\/pages\/2039\/revisions"}],"predecessor-version":[{"id":2150,"href":"https:\/\/echtelizenz.com\/zh\/wp-json\/wp\/v2\/pages\/2039\/revisions\/2150"}],"wp:attachment":[{"href":"https:\/\/echtelizenz.com\/zh\/wp-json\/wp\/v2\/media?parent=2039"}],"curies":[{"name":"wp","href":"https:\/\/api.w.org\/{rel}","templated":true}]}}