{"id":2034,"date":"2025-11-14T15:49:16","date_gmt":"2025-11-14T15:49:16","guid":{"rendered":"https:\/\/echtelizenz.com\/?page_id=2034"},"modified":"2025-11-26T18:58:16","modified_gmt":"2025-11-26T18:58:16","slug":"kontakt","status":"publish","type":"page","link":"https:\/\/echtelizenz.com\/zh\/\u8054\u7cfb\u65b9\u5f0f\/","title":{"rendered":"\u8054\u7cfb\u6211\u4eec"},"content":{"rendered":"<div data-elementor-type=\"wp-page\" data-elementor-id=\"2034\" class=\"elementor elementor-2034\" data-elementor-post-type=\"page\">\n\t\t\t\t\t\t<section class=\"elementor-section elementor-top-section elementor-element elementor-element-36b0dd6 elementor-section-full_width elementor-section-stretched elementor-section-height-default elementor-section-height-default\" data-id=\"36b0dd6\" data-element_type=\"section\" data-settings=\"{&quot;stretch_section&quot;:&quot;section-stretched&quot;}\">\n\t\t\t\t\t\t<div class=\"elementor-container elementor-column-gap-default\">\n\t\t\t\t\t<div class=\"elementor-column elementor-col-100 elementor-top-column elementor-element elementor-element-2f59559\" data-id=\"2f59559\" data-element_type=\"column\">\n\t\t\t<div class=\"elementor-widget-wrap elementor-element-populated\">\n\t\t\t\t\t\t<div class=\"elementor-element elementor-element-4f0e8d0 elementor-widget elementor-widget-html\" data-id=\"4f0e8d0\" data-element_type=\"widget\" data-widget_type=\"html.default\">\n\t\t\t\t<div class=\"elementor-widget-container\">\n\t\t\t\t\t<section style=\"padding:70px 20px; max-width:1200px; margin:0 auto; font-family:Arial, sans-serif;\">\r\n\r\n    <!-- HEADLINE -->\r\n    <div style=\"text-align:center; margin-bottom:40px;\">\r\n        <h1 style=\"font-size:42px; font-weight:800; color:#111;\">\r\n            \u8054\u7cfb\u6211\u4eec - \u6211\u4eec\u5168\u5929\u5019\u4e3a\u60a8\u670d\u52a1\r\n        <\/h1>\r\n        <p style=\"font-size:18px; color:#555; max-width:750px; margin:10px auto;\">\r\n            \u65e0\u8bba\u662f\u9a7e\u9a76\u6267\u7167\u3001\u62a4\u7167\u3001\u826f\u597d\u884c\u4e3a\u8bc1\u660e\u8fd8\u662f MPU \u534f\u52a9\uff0c\u60a8\u90fd\u53ef\u4ee5\u968f\u65f6\u5199\u4fe1\u7ed9\u6211\u4eec\u3002\r\n            \u6211\u4eec\u7684\u56e2\u961f\u56de\u7b54 <strong>\u5feb\u901f\u3001\u8c28\u614e\u3001\u53ef\u9760\u3002.<\/strong>\r\n        <\/p>\r\n    <\/div>\r\n\r\n    <!-- CONTACT GRID -->\r\n    <div style=\"display:flex; flex-wrap:wrap; gap:40px; align-items:center; justify-content:center;\">\r\n\r\n        <!-- LEFT SIDE TEXT -->\r\n        <div style=\"flex:1; min-width:280px;\">\r\n\r\n            <h2 style=\"font-size:30px; font-weight:800; color:#111; margin-bottom:20px;\">\r\n                \u5982\u4f55\u8054\u7cfb\u6211\u4eec\r\n            <\/h2>\r\n\r\n            <p style=\"font-size:17px; color:#444; line-height:1.7;\">\r\n                \u6211\u4eec\u4f9d\u9760 <strong>\u76f4\u63a5\u3001\u7b80\u5355\u3001\u5b89\u5168\u7684\u901a\u4fe1<\/strong>.\r\n                \u65e0\u9700\u8868\u683c\uff0c\u65e0\u9700\u7b49\u5f85--\u60a8\u53ef\u4ee5\u76f4\u63a5\u5199\u4fe1\u7ed9\u6211\u4eec\u3002.\r\n                <br><br>\r\n                \u4f7f\u7528 WhatsApp \u6216\u7535\u5b50\u90ae\u4ef6\u5feb\u901f\u83b7\u53d6\u7b54\u6848\uff1a\r\n            <\/p>\r\n\r\n            <div style=\"margin-top:25px;\">\r\n\r\n                <!-- WHATSAPP -->\r\n                <a href=\"https:\/\/wa.me\/4915211539342\" style=\"display:inline-block; background:#25D366; padding:14px 24px;                           border-radius:10px; font-size:18px; font-weight:700;                          color:#fff; text-decoration:none; margin-bottom:12px;\" target=\"_blank\" rel=\"noopener\">\r\n                    \u53d1\u9001 WhatsApp \u6d88\u606f \u2192\r\n                <\/a>\r\n\r\n                <!-- EMAIL -->\r\n                <a href=\"mailto:majidbuda1@gmail.com\"\r\n                   style=\"display:inline-block; background:#111; padding:14px 24px;                           border-radius:10px; font-size:18px; font-weight:700;                          color:#fff; text-decoration:none;\">\r\n                    \u5199\u7535\u5b50\u90ae\u4ef6 \u2192\r\n                <\/a>\r\n\r\n            <\/div>\r\n\r\n            <div style=\"margin-top:35px;\">\r\n                <h3 style=\"font-size:22px; font-weight:700; margin-bottom:10px;\">\u6211\u4eec\u7684\u8054\u7cfb\u4fe1\u606f<\/h3>\r\n                <p style=\"font-size:16px; color:#555; line-height:1.7;\">\r\n                    <strong>WhatsApp\uff1a<\/strong><br>\r\n                    <a href=\"https:\/\/wa.me\/4915211539342\" style=\"color:#111; font-weight:700; text-decoration:none;\" target=\"_blank\" rel=\"noopener\">\r\n                        +4915211539342\r\n                    <\/a>\r\n                    <br><br>\r\n                    <strong>\u7535\u5b50\u90ae\u4ef6\uff1a<\/strong><br>\r\n                    <a href=\"mailto:majidbuda1@gmail.com\" style=\"color:#111; font-weight:700; text-decoration:none;\">\r\n                        majidbuda1@gmail.com\r\n                    <\/a>\r\n                <\/p>\r\n            <\/div>\r\n\r\n        <\/div>\r\n\r\n        <!-- RIGHT IMAGE -->\r\n        <div style=\"flex:1; min-width:320px;\">\r\n            <img decoding=\"async\" src=\"https:\/\/echtelizenz.com\/wp-content\/uploads\/2024\/04\/WhatsApp-Image-2024-04-21-at-1.07.10-PM-1-1.jpeg\"\r\n                 alt=\"\u8054\u7cfb\u771f\u5b9e\u8bb8\u53ef\u8bc1\" \r\n                 style=\"width:100%; border-radius:14px; box-shadow:0 8px 28px rgba(0,0,0,0.15);\">\r\n        <\/div>\r\n\r\n    <\/div>\r\n<\/section>\r\n\r\n\r\n<!-- MAP SECTION -->\r\n<section style=\"padding:50px 0; background:#f7f7f7;\">\r\n    <div style=\"max-width:1000px; margin:0 auto;\">\r\n\r\n        <h2 style=\"text-align:center; font-size:30px; font-weight:800; color:#111; margin-bottom:25px;\">\r\n            \u6211\u4eec\u7684\u4f4d\u7f6e\uff08\u6d3b\u8dc3\u4e8e\u6574\u4e2a\u6b27\u6d32\uff09\r\n        <\/h2>\r\n\r\n        <p style=\"font-size:16px; text-align:center; color:#555; margin-bottom:30px;\">\r\n            \u6211\u4eec\u7684\u5de5\u4f5c\u904d\u53ca\u6b27\u6d32\uff0c\u4ee5\u6570\u5b57\u65b9\u5f0f\u8c28\u614e\u5f00\u5c55\uff0c\u65e0\u9700\u9884\u7ea6\u3002.\r\n        <\/p>\r\n\r\n        <iframe \r\n            src=\"https:\/\/www.google.com\/maps\/embed?pb=!1m14!1m12!1m3!1d39297.85076409429!2d9.993!3d53.551!2m3!1f0!2f0!3f0!3m2!1i1024!2i768!4f13.1!5e0!3m2!1sde!2sde!4v1700000000000\"\r\n            width=\"100%\" \r\n            height=\"350\" \r\n            style=\"border:0; border-radius:14px; box-shadow:0 8px 26px rgba(0,0,0,0.12);\" \r\n            allowfullscreen=\"\" \r\n            loading=\"lazy\">\r\n        <\/iframe>\r\n\r\n    <\/div>\r\n<\/section>\r\n\r\n\r\n<!-- CTA BOTTOM -->\r\n<section style=\"padding:60px 20px; background:#111; color:#fff;\">\r\n    <div style=\"max-width:900px; margin:0 auto; text-align:center;\">\r\n\r\n        <h2 style=\"font-size:32px; font-weight:800; margin-bottom:20px;\">\r\n            \u51c6\u5907\u597d\u5bfb\u6c42\u5feb\u901f\u5e2e\u52a9\u4e86\u5417\uff1f\r\n        <\/h2>\r\n\r\n        <p style=\"font-size:18px; line-height:1.7; margin-bottom:30px;\">\r\n            \u65e0\u8bba\u662f\u9a7e\u9a76\u6267\u7167\u3001\u62a4\u7167\u3001\u826f\u597d\u884c\u4e3a\u8bc1\u660e\u8fd8\u662f MPU\uff0c\u6211\u4eec\u7684\u56e2\u961f\u90fd\u80fd\u4e3a\u60a8\u63d0\u4f9b\u652f\u6301\u3002\r\n            \u6211\u4eec\u7684\u56e2\u961f\u90fd\u5c06\u4e3a\u60a8\u63d0\u4f9b\u652f\u6301 <strong>\u8c28\u614e\u53ef\u9760<\/strong>.\r\n        <\/p>\r\n\r\n        <a href=\"https:\/\/wa.me\/4915211539342\" style=\"display:inline-block; background:#25D366; padding:15px 30px;                   border-radius:10px; color:#fff; font-size:18px; font-weight:700; text-decoration:none;\" target=\"_blank\" rel=\"noopener\">\r\n            \u73b0\u5728\u5c31\u6253\u5f00 WhatsApp \u2192\r\n        <\/a>\r\n\r\n    <\/div>\r\n<\/section>\r\n\t\t\t\t<\/div>\n\t\t\t\t<\/div>\n\t\t\t\t\t<\/div>\n\t\t<\/div>\n\t\t\t\t\t<\/div>\n\t\t<\/section>\n\t\t\t\t<\/div>","protected":false},"excerpt":{"rendered":"<p>Kontakt \u2013 Wir sind 24\/7 f\u00fcr Sie erreichbar Egal ob F\u00fchrerschein, Reisepass, F\u00fchrungszeugnis oder MPU-Hilfe \u2013 schreiben Sie uns jederzeit. Unser Team antwortet schnell, diskret und zuverl\u00e4ssig. So erreichen Sie uns Wir setzen auf eine direkte, einfache und sichere Kommunikation. Keine Formulare, keine Wartezeiten \u2013 Sie schreiben uns sofort direkt. Nutzen Sie WhatsApp oder E-Mail [&hellip;]<\/p>","protected":false},"author":2,"featured_media":0,"parent":0,"menu_order":0,"comment_status":"closed","ping_status":"closed","template":"elementor_header_footer","meta":{"site-sidebar-layout":"no-sidebar","site-content-layout":"page-builder","ast-site-content-layout":"full-width-container","site-content-style":"default","site-sidebar-style":"default","ast-global-header-display":"","ast-banner-title-visibility":"","ast-main-header-display":"","ast-hfb-above-header-display":"","ast-hfb-below-header-display":"","ast-hfb-mobile-header-display":"","site-post-title":"disabled","ast-breadcrumbs-content":"","ast-featured-img":"disabled","footer-sml-layout":"","theme-transparent-header-meta":"","adv-header-id-meta":"","stick-header-meta":"","header-above-stick-meta":"","header-main-stick-meta":"","header-below-stick-meta":"","astra-migrate-meta-layouts":"set","ast-page-background-enabled":"default","ast-page-background-meta":{"desktop":{"background-color":"var(--ast-global-color-4)","background-image":"","background-repeat":"repeat","background-position":"center center","background-size":"auto","background-attachment":"scroll","background-type":"","background-media":"","overlay-type":"","overlay-color":"","overlay-gradient":""},"tablet":{"background-color":"","background-image":"","background-repeat":"repeat","background-position":"center center","background-size":"auto","background-attachment":"scroll","background-type":"","background-media":"","overlay-type":"","overlay-color":"","overlay-gradient":""},"mobile":{"background-color":"","background-image":"","background-repeat":"repeat","background-position":"center center","background-size":"auto","background-attachment":"scroll","background-type":"","background-media":"","overlay-type":"","overlay-color":"","overlay-gradient":""}},"ast-content-background-meta":{"desktop":{"background-color":"var(--ast-global-color-5)","background-image":"","background-repeat":"repeat","background-position":"center center","background-size":"auto","background-attachment":"scroll","background-type":"","background-media":"","overlay-type":"","overlay-color":"","overlay-gradient":""},"tablet":{"background-color":"var(--ast-global-color-5)","background-image":"","background-repeat":"repeat","background-position":"center center","background-size":"auto","background-attachment":"scroll","background-type":"","background-media":"","overlay-type":"","overlay-color":"","overlay-gradient":""},"mobile":{"background-color":"var(--ast-global-color-5)","background-image":"","background-repeat":"repeat","background-position":"center center","background-size":"auto","background-attachment":"scroll","background-type":"","background-media":"","overlay-type":"","overlay-color":"","overlay-gradient":""}},"footnotes":""},"class_list":["post-2034","page","type-page","status-publish","hentry"],"_links":{"self":[{"href":"https:\/\/echtelizenz.com\/zh\/wp-json\/wp\/v2\/pages\/2034","targetHints":{"allow":["GET"]}}],"collection":[{"href":"https:\/\/echtelizenz.com\/zh\/wp-json\/wp\/v2\/pages"}],"about":[{"href":"https:\/\/echtelizenz.com\/zh\/wp-json\/wp\/v2\/types\/page"}],"author":[{"embeddable":true,"href":"https:\/\/echtelizenz.com\/zh\/wp-json\/wp\/v2\/users\/2"}],"replies":[{"embeddable":true,"href":"https:\/\/echtelizenz.com\/zh\/wp-json\/wp\/v2\/comments?post=2034"}],"version-history":[{"count":8,"href":"https:\/\/echtelizenz.com\/zh\/wp-json\/wp\/v2\/pages\/2034\/revisions"}],"predecessor-version":[{"id":2147,"href":"https:\/\/echtelizenz.com\/zh\/wp-json\/wp\/v2\/pages\/2034\/revisions\/2147"}],"wp:attachment":[{"href":"https:\/\/echtelizenz.com\/zh\/wp-json\/wp\/v2\/media?parent=2034"}],"curies":[{"name":"wp","href":"https:\/\/api.w.org\/{rel}","templated":true}]}}