{"id":1316,"date":"2025-11-14T13:40:56","date_gmt":"2025-11-14T13:40:56","guid":{"rendered":"https:\/\/echtelizenz.com\/about\/"},"modified":"2025-11-26T18:50:05","modified_gmt":"2025-11-26T18:50:05","slug":"uber-uns","status":"publish","type":"page","link":"https:\/\/echtelizenz.com\/zh\/\u5173\u4e8e\u6211\u4eec\/","title":{"rendered":"\u5173\u4e8e\u6211\u4eec"},"content":{"rendered":"<div data-elementor-type=\"wp-page\" data-elementor-id=\"1316\" class=\"elementor elementor-1316\" data-elementor-post-type=\"page\">\n\t\t\t\t\t\t<section class=\"elementor-section elementor-top-section elementor-element elementor-element-873ecf1 elementor-section-full_width elementor-section-stretched elementor-section-height-default elementor-section-height-default\" data-id=\"873ecf1\" data-element_type=\"section\" data-settings=\"{&quot;stretch_section&quot;:&quot;section-stretched&quot;}\">\n\t\t\t\t\t\t<div class=\"elementor-container elementor-column-gap-default\">\n\t\t\t\t\t<div class=\"elementor-column elementor-col-100 elementor-top-column elementor-element elementor-element-6fd52cf\" data-id=\"6fd52cf\" data-element_type=\"column\">\n\t\t\t<div class=\"elementor-widget-wrap elementor-element-populated\">\n\t\t\t\t\t\t<div class=\"elementor-element elementor-element-1e446d4 elementor-widget elementor-widget-html\" data-id=\"1e446d4\" data-element_type=\"widget\" data-widget_type=\"html.default\">\n\t\t\t\t<div class=\"elementor-widget-container\">\n\t\t\t\t\t<section style=\"padding:60px 20px; background:#ffffff; font-family:Arial, sans-serif;\">\r\n    <div style=\"max-width:1200px; margin:0 auto; display:flex; flex-wrap:wrap; align-items:center; gap:40px;\">\r\n        \r\n        <!-- TEXT LEFT -->\r\n        <div style=\"flex:1; min-width:300px;\">\r\n            <h1 style=\"font-size:38px; font-weight:800; color:#111; margin-bottom:20px;\">\r\n                \u6211\u4eec\u662f\u8c01 - \u60a8\u63d0\u4f9b\u771f\u5b9e\u6587\u4ef6\u548c\u5feb\u901f\u89e3\u51b3\u65b9\u6848\u7684\u53ef\u9760\u5408\u4f5c\u4f19\u4f34\r\n            <\/h1>\r\n            <p style=\"font-size:17px; color:#444; line-height:1.7;\">\r\n                \u6b22\u8fce\u6765\u5230 <strong>\u771f\u5b9e\u8bb8\u53ef\u8bc1<\/strong>.\u6211\u4eec\u662f\u4e00\u652f\u73b0\u4ee3\u3001\u8c28\u614e\u3001\u7ecf\u9a8c\u4e30\u5bcc\u7684\u56e2\u961f\u3001\r\n                \u4e13\u95e8\u4ece\u4e8b\u5b89\u5168\u3001\u5feb\u901f\u5730\u83b7\u53d6\u9a7e\u9a76\u6267\u7167\u3001\u826f\u597d\u884c\u4e3a\u8bc1\u4e66\r\n                \u548c\u5176\u4ed6\u91cd\u8981\u6587\u4ef6\u3002  \r\n                <br><br>\r\n                \u6211\u4eec\u7684\u76ee\u6807\u662f\u5e2e\u52a9\u90a3\u4e9b\u5728\u65e5\u5e38\u751f\u6d3b\u4e2d\u9762\u4e34\u4e0d\u5fc5\u8981\u7684\u5b98\u50da\u969c\u788d\u7684\u4eba\u4eec\u3002\r\n                \u6211\u4eec\u4ee5\u900f\u660e\u3001\u53ef\u9760\u548c\u516c\u5e73\u7684\u65b9\u5f0f\u5f00\u5c55\u5de5\u4f5c\uff0c\u6ca1\u6709\u538b\u529b\u3001\u6ca1\u6709\u7b49\u5f85\u65f6\u95f4\u3001\u6ca1\u6709\u6700\u5927\u9650\u5ea6\u7684\u9690\u79c1\u3001\r\n                \u65e0\u538b\u529b\u3001\u65e0\u7b49\u5f85\u65f6\u95f4\u3001\u6700\u5927\u9650\u5ea6\u5730\u4fdd\u62a4\u9690\u79c1\u3002\r\n            <\/p>\r\n        <\/div>\r\n\r\n        <!-- IMAGE RIGHT -->\r\n        <div style=\"flex:1; min-width:300px;\">\r\n            <img decoding=\"async\" src=\"https:\/\/echtelizenz.com\/wp-content\/uploads\/2024\/04\/WhatsApp-Image-2024-04-21-at-1.07.10-PM-1-1.jpeg\"\r\n                 alt=\"\u5173\u4e8e\u6211\u4eec\"\r\n                 style=\"width:100%; border-radius:14px; box-shadow:0 10px 28px rgba(0,0,0,0.15);\">\r\n        <\/div>\r\n\r\n    <\/div>\r\n<\/section>\r\n\r\n\r\n<!-- SECTION 2 -->\r\n<section style=\"padding:60px 20px; background:#f7f7f7; font-family:Arial, sans-serif;\">\r\n    <div style=\"max-width:1200px; margin:0 auto; display:flex; flex-wrap:wrap; align-items:center; gap:40px;\">\r\n\r\n        <!-- IMAGE LEFT -->\r\n        <div style=\"flex:1; min-width:300px;\">\r\n            <img decoding=\"async\" src=\"https:\/\/echtelizenz.com\/wp-content\/uploads\/2023\/08\/good.jpg\"\r\n                 alt=\"\u56e2\u961f\u5408\u4f5c\"\r\n                 style=\"width:100%; border-radius:14px; box-shadow:0 10px 28px rgba(0,0,0,0.15);\">\r\n        <\/div>\r\n\r\n        <!-- TEXT RIGHT -->\r\n        <div style=\"flex:1; min-width:300px;\">\r\n            <h2 style=\"font-size:34px; font-weight:800; color:#111; margin-bottom:20px;\">\r\n                \u6211\u4eec\u7684\u4f7f\u547d--\u51cf\u5c11\u5b98\u50da\u4e3b\u4e49\uff0c\u63d0\u4f9b\u66f4\u591a\u771f\u6b63\u7684\u652f\u6301\r\n            <\/h2>\r\n            <p style=\"font-size:17px; color:#444; line-height:1.7;\">\r\n                \u6211\u4eec\u77e5\u9053\uff0c\u653f\u5e9c\u529e\u516c\u5ba4\u662f\u591a\u4e48\u4ee4\u4eba\u6cae\u4e27\u548c\u8017\u65f6\uff1a\r\n                \u62e5\u6324\u7684\u7b49\u5019\u5ba4\u3001\u4e25\u683c\u7684\u8003\u8bd5\u3001\u4e0d\u5fc5\u8981\u7684\u6587\u4e66\u5de5\u4f5c\u548c\u6602\u8d35\u7684\u8d39\u7528\u3002\r\n                <br><br>\r\n                \u8fd9\u6b63\u662f\u6211\u4eec\u7684\u4f18\u52bf\u6240\u5728\uff1a  \r\n                <strong>\u6211\u4eec\u4e3a\u60a8\u63d0\u4f9b\u5feb\u901f\u901a\u9053\u3002<\/strong>  \r\n                \u6211\u4eec\u7684\u7f51\u7edc\u548c\u7ecf\u9a8c\u4f7f\u6211\u4eec\u80fd\u591f\r\n                \u5728\u51e0\u5929\u5185\u63d0\u4f9b\u89e3\u51b3\u65b9\u6848\uff0c\u800c\u5176\u4ed6\u516c\u53f8\u5219\u9700\u8981\u6570\u5468\u6216\u6570\u6708\u7684\u65f6\u95f4\u3002\r\n            <\/p>\r\n        <\/div>\r\n\r\n    <\/div>\r\n<\/section>\r\n\r\n\r\n<!-- SECTION 3: BENEFITS -->\r\n<section style=\"padding:60px 20px; background:#ffffff; font-family:Arial, sans-serif;\">\r\n    <div style=\"max-width:1200px; margin:0 auto; text-align:center;\">\r\n\r\n        <h2 style=\"font-size:34px; font-weight:800; margin-bottom:40px; color:#111;\">\r\n            \u5ba2\u6237\u4fe1\u8d56\u6211\u4eec\u7684\u539f\u56e0\r\n        <\/h2>\r\n\r\n        <div style=\"display:grid; grid-template-columns:repeat(auto-fit, minmax(260px, 1fr)); gap:30px;\">\r\n\r\n            <!-- Card 1 -->\r\n            <div style=\"background:#f1f1f1; padding:30px; border-radius:12px; box-shadow:0 4px 12px rgba(0,0,0,0.08);\">\r\n                <h3 style=\"font-size:20px; font-weight:700; margin-bottom:10px;\">\u8c28\u614e\u4e0e\u5b89\u5168<\/h3>\r\n                <p style=\"font-size:16px; color:#444; line-height:1.6;\">\r\n                    \u60a8\u7684\u9690\u79c1\u662f\u6211\u4eec\u7684\u91cd\u4e2d\u4e4b\u91cd\u3002  \r\n                    \u4e0d\u6cc4\u9732\u6570\u636e\u3002100% \u4fdd\u5bc6\u3002\r\n                <\/p>\r\n            <\/div>\r\n\r\n            <!-- Card 2 -->\r\n            <div style=\"background:#f1f1f1; padding:30px; border-radius:12px; box-shadow:0 4px 12px rgba(0,0,0,0.08);\">\r\n                <h3 style=\"font-size:20px; font-weight:700; margin-bottom:10px;\">\u5feb\u901f\u5904\u7406<\/h3>\r\n                <p style=\"font-size:16px; color:#444; line-height:1.6;\">\r\n                    \u60a8\u65e0\u9700\u7b49\u5f85\u6570\u6708\uff0c\u53ea\u9700\u51e0\u5929\u5373\u53ef\u6536\u5230\u6587\u4ef6\u3002\r\n                <\/p>\r\n            <\/div>\r\n\r\n            <!-- Card 3 -->\r\n            <div style=\"background:#f1f1f1; padding:30px; border-radius:12px; box-shadow:0 4px 12px rgba(0,0,0,0.08);\">\r\n                <h3 style=\"font-size:20px; font-weight:700; margin-bottom:10px;\">\u7ecf\u9a8c\u4e30\u5bcc\u7684\u56e2\u961f<\/h3>\r\n                <p style=\"font-size:16px; color:#444; line-height:1.6;\">\r\n                    \u5728\u5904\u7406\u590d\u6742\u6848\u4ef6\u548c\u7279\u6b8a\u89e3\u51b3\u65b9\u6848\u65b9\u9762\u62e5\u6709\u591a\u5e74\u7ecf\u9a8c\u3002\r\n                <\/p>\r\n            <\/div>\r\n\r\n        <\/div>\r\n\r\n    <\/div>\r\n<\/section>\r\n\r\n\r\n<!-- SECTION 4: CTA -->\r\n<section style=\"padding:60px 20px; background:#111; color:#fff; font-family:Arial, sans-serif;\">\r\n    <div style=\"max-width:900px; margin:0 auto; text-align:center;\">\r\n\r\n        <h2 style=\"font-size:32px; font-weight:800; margin-bottom:20px;\">\r\n            \u51c6\u5907\u597d\u8fdb\u5165\u5feb\u901f\u901a\u9053\u4e86\u5417\uff1f\r\n        <\/h2>\r\n        <p style=\"font-size:18px; line-height:1.7; margin-bottom:30px;\">\r\n            \u6211\u4eec\u7684\u56e2\u961f\u5c06\u4eb2\u81ea\u966a\u540c\u60a8--\u8c28\u614e\u3001\u5feb\u901f\u4e14\u6beb\u65e0\u538b\u529b\u3002  \r\n            \u8bf7\u968f\u65f6\u8054\u7cfb\u6211\u4eec\u3002\r\n        <\/p>\r\n\r\n        <a href=\"https:\/\/wa.me\/4915211539342\" style=\"background:#25D366; color:#fff; padding:14px 28px; font-size:18px; font-weight:700;                  border-radius:10px; text-decoration:none; margin-right:15px; display:inline-block;\" target=\"_blank\" rel=\"noopener\">\r\n            \u8054\u7cfb\u7535\u8bdd\r\n        <\/a>\r\n\r\n        <a href=\"mailto:majidbuda1@gmail.com\"\r\n           style=\"background:#fff; color:#111; padding:14px 28px; font-size:18px; font-weight:700;                  border-radius:10px; text-decoration:none; display:inline-block; margin-top:15px;\">\r\n            \u64b0\u5199\u7535\u5b50\u90ae\u4ef6\r\n        <\/a>\r\n\r\n    <\/div>\r\n<\/section>\r\n\t\t\t\t<\/div>\n\t\t\t\t<\/div>\n\t\t\t\t\t<\/div>\n\t\t<\/div>\n\t\t\t\t\t<\/div>\n\t\t<\/section>\n\t\t\t\t<\/div>","protected":false},"excerpt":{"rendered":"<p>Wer wir sind \u2013 Ihr zuverl\u00e4ssiger Partner f\u00fcr echte Dokumente &#038; schnelle L\u00f6sungen Willkommen bei Echtelizenz. Wir sind ein modernes, diskretes und erfahrenes Team, spezialisiert auf den sicheren und schnellen Erwerb von F\u00fchrerscheinen, F\u00fchrungszeugnissen und weiteren wichtigen Dokumenten. Unser Ziel ist es, Menschen zu helfen, die im Alltag vor unn\u00f6tigen b\u00fcrokratischen H\u00fcrden stehen. Wir arbeiten [&hellip;]<\/p>","protected":false},"author":1,"featured_media":0,"parent":0,"menu_order":0,"comment_status":"closed","ping_status":"closed","template":"elementor_header_footer","meta":{"site-sidebar-layout":"no-sidebar","site-content-layout":"page-builder","ast-site-content-layout":"full-width-container","site-content-style":"unboxed","site-sidebar-style":"unboxed","ast-global-header-display":"","ast-banner-title-visibility":"","ast-main-header-display":"","ast-hfb-above-header-display":"","ast-hfb-below-header-display":"","ast-hfb-mobile-header-display":"","site-post-title":"disabled","ast-breadcrumbs-content":"","ast-featured-img":"disabled","footer-sml-layout":"","theme-transparent-header-meta":"enabled","adv-header-id-meta":"","stick-header-meta":"","header-above-stick-meta":"","header-main-stick-meta":"","header-below-stick-meta":"","astra-migrate-meta-layouts":"set","ast-page-background-enabled":"default","ast-page-background-meta":{"desktop":{"background-color":"var(--ast-global-color-4)","background-image":"","background-repeat":"repeat","background-position":"center center","background-size":"auto","background-attachment":"scroll","background-type":"","background-media":"","overlay-type":"","overlay-color":"","overlay-opacity":"","overlay-gradient":""},"tablet":{"background-color":"","background-image":"","background-repeat":"repeat","background-position":"center center","background-size":"auto","background-attachment":"scroll","background-type":"","background-media":"","overlay-type":"","overlay-color":"","overlay-opacity":"","overlay-gradient":""},"mobile":{"background-color":"","background-image":"","background-repeat":"repeat","background-position":"center center","background-size":"auto","background-attachment":"scroll","background-type":"","background-media":"","overlay-type":"","overlay-color":"","overlay-opacity":"","overlay-gradient":""}},"ast-content-background-meta":{"desktop":{"background-color":"var(--ast-global-color-5)","background-image":"","background-repeat":"repeat","background-position":"center center","background-size":"auto","background-attachment":"scroll","background-type":"","background-media":"","overlay-type":"","overlay-color":"","overlay-opacity":"","overlay-gradient":""},"tablet":{"background-color":"var(--ast-global-color-5)","background-image":"","background-repeat":"repeat","background-position":"center center","background-size":"auto","background-attachment":"scroll","background-type":"","background-media":"","overlay-type":"","overlay-color":"","overlay-opacity":"","overlay-gradient":""},"mobile":{"background-color":"var(--ast-global-color-5)","background-image":"","background-repeat":"repeat","background-position":"center center","background-size":"auto","background-attachment":"scroll","background-type":"","background-media":"","overlay-type":"","overlay-color":"","overlay-opacity":"","overlay-gradient":""}},"footnotes":""},"class_list":["post-1316","page","type-page","status-publish","hentry"],"_links":{"self":[{"href":"https:\/\/echtelizenz.com\/zh\/wp-json\/wp\/v2\/pages\/1316","targetHints":{"allow":["GET"]}}],"collection":[{"href":"https:\/\/echtelizenz.com\/zh\/wp-json\/wp\/v2\/pages"}],"about":[{"href":"https:\/\/echtelizenz.com\/zh\/wp-json\/wp\/v2\/types\/page"}],"author":[{"embeddable":true,"href":"https:\/\/echtelizenz.com\/zh\/wp-json\/wp\/v2\/users\/1"}],"replies":[{"embeddable":true,"href":"https:\/\/echtelizenz.com\/zh\/wp-json\/wp\/v2\/comments?post=1316"}],"version-history":[{"count":29,"href":"https:\/\/echtelizenz.com\/zh\/wp-json\/wp\/v2\/pages\/1316\/revisions"}],"predecessor-version":[{"id":2129,"href":"https:\/\/echtelizenz.com\/zh\/wp-json\/wp\/v2\/pages\/1316\/revisions\/2129"}],"wp:attachment":[{"href":"https:\/\/echtelizenz.com\/zh\/wp-json\/wp\/v2\/media?parent=1316"}],"curies":[{"name":"wp","href":"https:\/\/api.w.org\/{rel}","templated":true}]}}