{"id":3,"date":"2025-11-14T13:38:44","date_gmt":"2025-11-14T13:38:44","guid":{"rendered":"http:\/\/echtelizenz.com\/?page_id=3"},"modified":"2025-11-14T13:38:45","modified_gmt":"2025-11-14T13:38:45","slug":"datenschutz","status":"publish","type":"page","link":"https:\/\/echtelizenz.com\/sv\/dataskydd\/","title":{"rendered":"Skydd av personuppgifter"},"content":{"rendered":"<div data-elementor-type=\"wp-page\" data-elementor-id=\"3\" class=\"elementor elementor-3\" data-elementor-post-type=\"page\">\n\t\t\t\t\t\t<section class=\"elementor-section elementor-top-section elementor-element elementor-element-8f51d8f elementor-section-full_width elementor-section-stretched elementor-section-height-default elementor-section-height-default\" data-id=\"8f51d8f\" data-element_type=\"section\" data-settings=\"{&quot;stretch_section&quot;:&quot;section-stretched&quot;}\">\n\t\t\t\t\t\t<div class=\"elementor-container elementor-column-gap-default\">\n\t\t\t\t\t<div class=\"elementor-column elementor-col-100 elementor-top-column elementor-element elementor-element-d36a15f\" data-id=\"d36a15f\" data-element_type=\"column\">\n\t\t\t<div class=\"elementor-widget-wrap elementor-element-populated\">\n\t\t\t\t\t\t<div class=\"elementor-element elementor-element-aa2a73e elementor-widget elementor-widget-html\" data-id=\"aa2a73e\" data-element_type=\"widget\" data-widget_type=\"html.default\">\n\t\t\t\t<div class=\"elementor-widget-container\">\n\t\t\t\t\t<section style=\"padding:60px 20px; max-width:1100px; margin:0 auto; font-family:Arial, sans-serif;\">\r\n\r\n<h1 style=\"font-size:36px; font-weight:800; margin-bottom:25px; color:#111;\">Integritetspolicy<\/h1>\r\n<p style=\"font-size:16px; color:#444; line-height:1.7;\">\r\nSkyddet av dina personuppgifter \u00e4r mycket viktigt f\u00f6r oss. I denna integritetspolicy informerar vi dig om\r\nhur personuppgifter behandlas p\u00e5 <strong>echtelizenz.com<\/strong> samlas in, bearbetas och anv\u00e4nds.\r\n<\/p>\r\n\r\n<hr style=\"margin:35px 0;\">\r\n\r\n<h2 style=\"font-size:26px; font-weight:700; margin-bottom:15px;\">1. Ansvarigt organ<\/h2>\r\n<p style=\"font-size:16px; color:#444; line-height:1.7;\">\r\nAnsvarig f\u00f6r databehandling p\u00e5 denna webbplats:\r\n<br><br>\r\n<strong>Verklig licens<\/strong><br>\r\ne-post: <a href=\"mailto:majidbuda1@gmail.com\">majidbuda1@gmail.com<\/a><br>\r\nWhatsApp: <a href=\"https:\/\/wa.me\/4917644678273\" target=\"_blank\" rel=\"noopener\">+49 176 44678273<\/a>\r\n<\/p>\r\n\r\n<hr style=\"margin:35px 0;\">\r\n\r\n<h2 style=\"font-size:26px; font-weight:700; margin-bottom:15px;\">2. insamling och lagring av personuppgifter<\/h2>\r\n<p style=\"font-size:16px; color:#444; line-height:1.7;\">\r\nVi samlar endast in personuppgifter om du skickar dem till oss som en del av en f\u00f6rfr\u00e5gan, order eller kontakt.\r\n<\/p>\r\n\r\n<ul style=\"padding-left:20px; color:#444; line-height:1.7;\">\r\n<li>Namn, e-post, telefonnummer<\/li>\r\n<li>Kommunikation via WhatsApp<\/li>\r\n<li>Inneh\u00e5ll fr\u00e5n kontaktformul\u00e4r<\/li>\r\n<li>Tekniska data (IP-adress, enhetstyp, webbl\u00e4sare, \u00e5tkomsttider)<\/li>\r\n<li>Orderrelaterad information<\/li>\r\n<\/ul>\r\n\r\n<hr style=\"margin:35px 0;\">\r\n\r\n<h2 style=\"font-size:26px; font-weight:700; margin-bottom:15px;\">3. avsedd anv\u00e4ndning av uppgifterna<\/h2>\r\n<p style=\"font-size:16px; color:#444; line-height:1.7;\">\r\nDina uppgifter kommer uteslutande att anv\u00e4ndas f\u00f6r\r\n<\/p>\r\n\r\n<ul style=\"padding-left:20px; color:#444; line-height:1.7;\">\r\n<li>Behandling av f\u00f6rfr\u00e5gningar<\/li>\r\n<li>Kommunikation via WhatsApp eller e-post<\/li>\r\n<li>Orderhantering och kundsupport<\/li>\r\n<li>Intern dokumentation<\/li>\r\n<li>F\u00f6rb\u00e4ttring av webbplatsen<\/li>\r\n<\/ul>\r\n\r\n<hr style=\"margin:35px 0;\">\r\n\r\n<h2 style=\"font-size:26px; font-weight:700; margin-bottom:15px;\">4. utl\u00e4mnande av uppgifter<\/h2>\r\n<p style=\"font-size:16px; color:#444; line-height:1.7;\">\r\nVi vidarebefordrar aldrig dina uppgifter till tredje part om inte:\r\n<\/p>\r\n\r\n<ul style=\"padding-left:20px; color:#444; line-height:1.7;\">\r\n<li>Du ger uttryckligen ditt samtycke<\/li>\r\n<li>Det \u00e4r n\u00f6dv\u00e4ndigt f\u00f6r att fullg\u00f6ra avtalet<\/li>\r\n<li>Det finns en r\u00e4ttslig skyldighet<\/li>\r\n<\/ul>\r\n\r\n<hr style=\"margin:35px 0;\">\r\n\r\n<h2 style=\"font-size:26px; font-weight:700; margin-bottom:15px;\">5. cookies &amp; sp\u00e5rning<\/h2>\r\n<p style=\"font-size:16px; color:#444; line-height:1.7;\">\r\nV\u00e5r webbplats anv\u00e4nder cookies f\u00f6r att f\u00f6rb\u00e4ttra anv\u00e4ndarupplevelsen.  \r\nDu kan avaktivera lagring av cookies i din webbl\u00e4sare.\r\n<\/p>\r\n\r\n<hr style=\"margin:35px 0;\">\r\n\r\n<h2 style=\"font-size:26px; font-weight:700; margin-bottom:15px;\">6 Kommunikation via WhatsApp<\/h2>\r\n<p style=\"font-size:16px; color:#444; line-height:1.7;\">\r\nN\u00e4r du kontaktar oss via WhatsApp \u00f6verf\u00f6rs uppgifterna till WhatsApp Ireland Ltd.  \r\nVi rekommenderar att du inte skickar n\u00e5gra k\u00e4nsliga uppgifter via WhatsApp.\r\n<\/p>\r\n\r\n<hr style=\"margin:35px 0;\">\r\n\r\n<h2 style=\"font-size:26px; font-weight:700; margin-bottom:15px;\">7. Lagringsperiod<\/h2>\r\n<p style=\"font-size:16px; color:#444; line-height:1.7;\">\r\nVi lagrar endast personuppgifter s\u00e5 l\u00e4nge som det \u00e4r n\u00f6dv\u00e4ndigt f\u00f6r orderhantering eller r\u00e4ttsliga f\u00f6rpliktelser.\r\n<\/p>\r\n\r\n<hr style=\"margin:35px 0;\">\r\n\r\n<h2 style=\"font-size:26px; font-weight:700; margin-bottom:15px;\">8. Dina r\u00e4ttigheter<\/h2>\r\n<p style=\"font-size:16px; color:#444; line-height:1.7;\">\r\nDu har r\u00e4tt att g\u00f6ra det n\u00e4r som helst:\r\n<\/p>\r\n\r\n<ul style=\"padding-left:20px; color:#444; line-height:1.7;\">\r\n<li>Information om lagrade data<\/li>\r\n<li>R\u00e4ttelse av felaktiga uppgifter<\/li>\r\n<li>Radering av dina uppgifter<\/li>\r\n<li>Begr\u00e4nsning av behandling<\/li>\r\n<li>Dataportabilitet<\/li>\r\n<li>\u00c5terkallelse av ditt samtycke<\/li>\r\n<\/ul>\r\n\r\n<hr style=\"margin:35px 0;\">\r\n\r\n<h2 style=\"font-size:26px; font-weight:700; margin-bottom:15px;\">9. S\u00e4kerhet f\u00f6r dina uppgifter<\/h2>\r\n<p style=\"font-size:16px; color:#444; line-height:1.7;\">\r\nVi anv\u00e4nder tekniska och organisatoriska \u00e5tg\u00e4rder f\u00f6r att skydda dina uppgifter mot f\u00f6rlust, missbruk eller obeh\u00f6rig \u00e5tkomst.\r\n<\/p>\r\n\r\n<hr style=\"margin:35px 0;\">\r\n\r\n<h2 style=\"font-size:26px; font-weight:700; margin-bottom:15px;\">10. \u00e4ndringar av denna integritetspolicy<\/h2>\r\n<p style=\"font-size:16px; color:#444; line-height:1.7;\">\r\nVi f\u00f6rbeh\u00e5ller oss r\u00e4tten att n\u00e4r som helst uppdatera denna integritetspolicy.  \r\nV\u00e4nligen kontrollera denna sida regelbundet.\r\n<\/p>\r\n\r\n<hr style=\"margin:35px 0;\">\r\n\r\n<h2 style=\"font-size:26px; font-weight:700; margin-bottom:15px;\">11. Kontakt<\/h2>\r\n<p style=\"font-size:16px; color:#444; line-height:1.7;\">\r\nOm du har n\u00e5gra fr\u00e5gor om v\u00e5r integritetspolicy \u00e4r du v\u00e4lkommen att kontakta oss:\r\n<br><br>\r\n<strong>e-post:<\/strong> <a href=\"mailto:majidbuda1@gmail.com\">majidbuda1@gmail.com<\/a><br>\r\n<strong>WhatsApp:<\/strong> <a href=\"https:\/\/wa.me\/4917644678273\" target=\"_blank\" rel=\"noopener\">+49 176 44678273<\/a>\r\n<\/p>\r\n\r\n<\/section>\r\n\t\t\t\t<\/div>\n\t\t\t\t<\/div>\n\t\t\t\t\t<\/div>\n\t\t<\/div>\n\t\t\t\t\t<\/div>\n\t\t<\/section>\n\t\t\t\t<\/div>","protected":false},"excerpt":{"rendered":"<p>F\u00fchrerschein Schweiz f\u00fchrerausweis verloren f\u00fchrerausweis kategorie F\u00fchrerschein Schweiz der Erwerb eines Schweizer F\u00fchrerscheins ist eine m\u00fchsame Aufgabe. Zun\u00e4chst m\u00fcssen Sie einen zehnst\u00fcndigen Erste-Hilfe-Unterricht absolvieren, gefolgt von einer theoretischen Pr\u00fcfung. Sobald Sie den provisorischen F\u00fchrerschein besitzen, m\u00fcssen Sie 8 Stunden Verkehrserziehungskurse absolvieren und nach Erhalt Ihres Schweizer F\u00fchrerscheins noch ein paar weitere. Der gesamte Prozess ist [&hellip;]<\/p>","protected":false},"author":1,"featured_media":0,"parent":0,"menu_order":0,"comment_status":"closed","ping_status":"closed","template":"elementor_header_footer","meta":{"site-sidebar-layout":"no-sidebar","site-content-layout":"page-builder","ast-site-content-layout":"full-width-container","site-content-style":"unboxed","site-sidebar-style":"unboxed","ast-global-header-display":"","ast-banner-title-visibility":"","ast-main-header-display":"","ast-hfb-above-header-display":"","ast-hfb-below-header-display":"","ast-hfb-mobile-header-display":"","site-post-title":"disabled","ast-breadcrumbs-content":"","ast-featured-img":"disabled","footer-sml-layout":"","theme-transparent-header-meta":"","adv-header-id-meta":"","stick-header-meta":"","header-above-stick-meta":"","header-main-stick-meta":"","header-below-stick-meta":"","astra-migrate-meta-layouts":"set","ast-page-background-enabled":"default","ast-page-background-meta":{"desktop":{"background-color":"var(--ast-global-color-4)","background-image":"","background-repeat":"repeat","background-position":"center center","background-size":"auto","background-attachment":"scroll","background-type":"","background-media":"","overlay-type":"","overlay-color":"","overlay-gradient":""},"tablet":{"background-color":"","background-image":"","background-repeat":"repeat","background-position":"center center","background-size":"auto","background-attachment":"scroll","background-type":"","background-media":"","overlay-type":"","overlay-color":"","overlay-gradient":""},"mobile":{"background-color":"","background-image":"","background-repeat":"repeat","background-position":"center center","background-size":"auto","background-attachment":"scroll","background-type":"","background-media":"","overlay-type":"","overlay-color":"","overlay-gradient":""}},"ast-content-background-meta":{"desktop":{"background-color":"var(--ast-global-color-5)","background-image":"","background-repeat":"repeat","background-position":"center center","background-size":"auto","background-attachment":"scroll","background-type":"","background-media":"","overlay-type":"","overlay-color":"","overlay-gradient":""},"tablet":{"background-color":"var(--ast-global-color-5)","background-image":"","background-repeat":"repeat","background-position":"center center","background-size":"auto","background-attachment":"scroll","background-type":"","background-media":"","overlay-type":"","overlay-color":"","overlay-gradient":""},"mobile":{"background-color":"var(--ast-global-color-5)","background-image":"","background-repeat":"repeat","background-position":"center center","background-size":"auto","background-attachment":"scroll","background-type":"","background-media":"","overlay-type":"","overlay-color":"","overlay-gradient":""}},"footnotes":""},"class_list":["post-3","page","type-page","status-publish","hentry"],"_links":{"self":[{"href":"https:\/\/echtelizenz.com\/sv\/wp-json\/wp\/v2\/pages\/3","targetHints":{"allow":["GET"]}}],"collection":[{"href":"https:\/\/echtelizenz.com\/sv\/wp-json\/wp\/v2\/pages"}],"about":[{"href":"https:\/\/echtelizenz.com\/sv\/wp-json\/wp\/v2\/types\/page"}],"author":[{"embeddable":true,"href":"https:\/\/echtelizenz.com\/sv\/wp-json\/wp\/v2\/users\/1"}],"replies":[{"embeddable":true,"href":"https:\/\/echtelizenz.com\/sv\/wp-json\/wp\/v2\/comments?post=3"}],"version-history":[{"count":67,"href":"https:\/\/echtelizenz.com\/sv\/wp-json\/wp\/v2\/pages\/3\/revisions"}],"predecessor-version":[{"id":2015,"href":"https:\/\/echtelizenz.com\/sv\/wp-json\/wp\/v2\/pages\/3\/revisions\/2015"}],"wp:attachment":[{"href":"https:\/\/echtelizenz.com\/sv\/wp-json\/wp\/v2\/media?parent=3"}],"curies":[{"name":"wp","href":"https:\/\/api.w.org\/{rel}","templated":true}]}}