{"id":3,"date":"2025-11-14T13:38:44","date_gmt":"2025-11-14T13:38:44","guid":{"rendered":"http:\/\/echtelizenz.com\/?page_id=3"},"modified":"2025-11-14T13:38:45","modified_gmt":"2025-11-14T13:38:45","slug":"datenschutz","status":"publish","type":"page","link":"https:\/\/echtelizenz.com\/ru\/\u0437\u0430\u0449\u0438\u0442\u0430-\u0434\u0430\u043d\u043d\u044b\u0445\/","title":{"rendered":"\u0417\u0430\u0449\u0438\u0442\u0430 \u0434\u0430\u043d\u043d\u044b\u0445"},"content":{"rendered":"<div data-elementor-type=\"wp-page\" data-elementor-id=\"3\" class=\"elementor elementor-3\" data-elementor-post-type=\"page\">\n\t\t\t\t\t\t<section class=\"elementor-section elementor-top-section elementor-element elementor-element-8f51d8f elementor-section-full_width elementor-section-stretched elementor-section-height-default elementor-section-height-default\" data-id=\"8f51d8f\" data-element_type=\"section\" data-settings=\"{&quot;stretch_section&quot;:&quot;section-stretched&quot;}\">\n\t\t\t\t\t\t<div class=\"elementor-container elementor-column-gap-default\">\n\t\t\t\t\t<div class=\"elementor-column elementor-col-100 elementor-top-column elementor-element elementor-element-d36a15f\" data-id=\"d36a15f\" data-element_type=\"column\">\n\t\t\t<div class=\"elementor-widget-wrap elementor-element-populated\">\n\t\t\t\t\t\t<div class=\"elementor-element elementor-element-aa2a73e elementor-widget elementor-widget-html\" data-id=\"aa2a73e\" data-element_type=\"widget\" data-widget_type=\"html.default\">\n\t\t\t\t<div class=\"elementor-widget-container\">\n\t\t\t\t\t<section style=\"padding:60px 20px; max-width:1100px; margin:0 auto; font-family:Arial, sans-serif;\">\r\n\r\n<h1 style=\"font-size:36px; font-weight:800; margin-bottom:25px; color:#111;\">\u041f\u043e\u043b\u0438\u0442\u0438\u043a\u0430 \u043a\u043e\u043d\u0444\u0438\u0434\u0435\u043d\u0446\u0438\u0430\u043b\u044c\u043d\u043e\u0441\u0442\u0438<\/h1>\r\n<p style=\"font-size:16px; color:#444; line-height:1.7;\">\r\n\u0417\u0430\u0449\u0438\u0442\u0430 \u0432\u0430\u0448\u0438\u0445 \u043f\u0435\u0440\u0441\u043e\u043d\u0430\u043b\u044c\u043d\u044b\u0445 \u0434\u0430\u043d\u043d\u044b\u0445 \u043e\u0447\u0435\u043d\u044c \u0432\u0430\u0436\u043d\u0430 \u0434\u043b\u044f \u043d\u0430\u0441. \u0412 \u044d\u0442\u043e\u0439 \u043f\u043e\u043b\u0438\u0442\u0438\u043a\u0435 \u043a\u043e\u043d\u0444\u0438\u0434\u0435\u043d\u0446\u0438\u0430\u043b\u044c\u043d\u043e\u0441\u0442\u0438 \u043c\u044b \u0438\u043d\u0444\u043e\u0440\u043c\u0438\u0440\u0443\u0435\u043c \u0432\u0430\u0441 \u043e \u0442\u043e\u043c\r\n\u043a\u0430\u043a \u043e\u0431\u0440\u0430\u0431\u0430\u0442\u044b\u0432\u0430\u044e\u0442\u0441\u044f \u043f\u0435\u0440\u0441\u043e\u043d\u0430\u043b\u044c\u043d\u044b\u0435 \u0434\u0430\u043d\u043d\u044b\u0435 \u043d\u0430 <strong>echtelizenz.com<\/strong> \u0441\u043e\u0431\u0438\u0440\u0430\u044e\u0442\u0441\u044f, \u043e\u0431\u0440\u0430\u0431\u0430\u0442\u044b\u0432\u0430\u044e\u0442\u0441\u044f \u0438 \u0438\u0441\u043f\u043e\u043b\u044c\u0437\u0443\u044e\u0442\u0441\u044f.\r\n<\/p>\r\n\r\n<hr style=\"margin:35px 0;\">\r\n\r\n<h2 style=\"font-size:26px; font-weight:700; margin-bottom:15px;\">1. \u043e\u0442\u0432\u0435\u0442\u0441\u0442\u0432\u0435\u043d\u043d\u044b\u0439 \u043e\u0440\u0433\u0430\u043d<\/h2>\r\n<p style=\"font-size:16px; color:#444; line-height:1.7;\">\r\n\u041e\u0442\u0432\u0435\u0447\u0430\u0435\u0442 \u0437\u0430 \u043e\u0431\u0440\u0430\u0431\u043e\u0442\u043a\u0443 \u0434\u0430\u043d\u043d\u044b\u0445 \u043d\u0430 \u044d\u0442\u043e\u043c \u0441\u0430\u0439\u0442\u0435:\r\n<br><br>\r\n<strong>\u041d\u0430\u0441\u0442\u043e\u044f\u0449\u0430\u044f \u043b\u0438\u0446\u0435\u043d\u0437\u0438\u044f<\/strong><br>\r\ne-mail: <a href=\"mailto:majidbuda1@gmail.com\">majidbuda1@gmail.com<\/a><br>\r\nWhatsApp: <a href=\"https:\/\/wa.me\/4917644678273\" target=\"_blank\" rel=\"noopener\">+49 176 44678273<\/a>\r\n<\/p>\r\n\r\n<hr style=\"margin:35px 0;\">\r\n\r\n<h2 style=\"font-size:26px; font-weight:700; margin-bottom:15px;\">2. \u0441\u0431\u043e\u0440 \u0438 \u0445\u0440\u0430\u043d\u0435\u043d\u0438\u0435 \u043f\u0435\u0440\u0441\u043e\u043d\u0430\u043b\u044c\u043d\u044b\u0445 \u0434\u0430\u043d\u043d\u044b\u0445<\/h2>\r\n<p style=\"font-size:16px; color:#444; line-height:1.7;\">\r\n\u041c\u044b \u0441\u043e\u0431\u0438\u0440\u0430\u0435\u043c \u043b\u0438\u0447\u043d\u044b\u0435 \u0434\u0430\u043d\u043d\u044b\u0435 \u0442\u043e\u043b\u044c\u043a\u043e \u0432 \u0442\u043e\u043c \u0441\u043b\u0443\u0447\u0430\u0435, \u0435\u0441\u043b\u0438 \u0432\u044b \u043e\u0442\u043f\u0440\u0430\u0432\u043b\u044f\u0435\u0442\u0435 \u0438\u0445 \u043d\u0430\u043c \u0432 \u0440\u0430\u043c\u043a\u0430\u0445 \u0437\u0430\u043f\u0440\u043e\u0441\u0430, \u0437\u0430\u043a\u0430\u0437\u0430 \u0438\u043b\u0438 \u043a\u043e\u043d\u0442\u0430\u043a\u0442\u0430.\r\n<\/p>\r\n\r\n<ul style=\"padding-left:20px; color:#444; line-height:1.7;\">\r\n<li>\u0418\u043c\u044f, \u044d\u043b\u0435\u043a\u0442\u0440\u043e\u043d\u043d\u0430\u044f \u043f\u043e\u0447\u0442\u0430, \u043d\u043e\u043c\u0435\u0440 \u0442\u0435\u043b\u0435\u0444\u043e\u043d\u0430<\/li>\r\n<li>\u041e\u0431\u0449\u0435\u043d\u0438\u0435 \u0447\u0435\u0440\u0435\u0437 WhatsApp<\/li>\r\n<li>\u041a\u043e\u043d\u0442\u0435\u043d\u0442 \u0438\u0437 \u043a\u043e\u043d\u0442\u0430\u043a\u0442\u043d\u044b\u0445 \u0444\u043e\u0440\u043c<\/li>\r\n<li>\u0422\u0435\u0445\u043d\u0438\u0447\u0435\u0441\u043a\u0438\u0435 \u0434\u0430\u043d\u043d\u044b\u0435 (IP-\u0430\u0434\u0440\u0435\u0441, \u0442\u0438\u043f \u0443\u0441\u0442\u0440\u043e\u0439\u0441\u0442\u0432\u0430, \u0431\u0440\u0430\u0443\u0437\u0435\u0440, \u0432\u0440\u0435\u043c\u044f \u0434\u043e\u0441\u0442\u0443\u043f\u0430)<\/li>\r\n<li>\u0418\u043d\u0444\u043e\u0440\u043c\u0430\u0446\u0438\u044f, \u0441\u0432\u044f\u0437\u0430\u043d\u043d\u0430\u044f \u0441 \u0437\u0430\u043a\u0430\u0437\u043e\u043c<\/li>\r\n<\/ul>\r\n\r\n<hr style=\"margin:35px 0;\">\r\n\r\n<h2 style=\"font-size:26px; font-weight:700; margin-bottom:15px;\">3. \u043f\u0440\u0435\u0434\u043f\u043e\u043b\u0430\u0433\u0430\u0435\u043c\u043e\u0435 \u0438\u0441\u043f\u043e\u043b\u044c\u0437\u043e\u0432\u0430\u043d\u0438\u0435 \u0434\u0430\u043d\u043d\u044b\u0445<\/h2>\r\n<p style=\"font-size:16px; color:#444; line-height:1.7;\">\r\n\u0412\u0430\u0448\u0438 \u0434\u0430\u043d\u043d\u044b\u0435 \u0431\u0443\u0434\u0443\u0442 \u0438\u0441\u043f\u043e\u043b\u044c\u0437\u043e\u0432\u0430\u0442\u044c\u0441\u044f \u0438\u0441\u043a\u043b\u044e\u0447\u0438\u0442\u0435\u043b\u044c\u043d\u043e \u0434\u043b\u044f\r\n<\/p>\r\n\r\n<ul style=\"padding-left:20px; color:#444; line-height:1.7;\">\r\n<li>\u041e\u0431\u0440\u0430\u0431\u043e\u0442\u043a\u0430 \u0437\u0430\u043f\u0440\u043e\u0441\u043e\u0432<\/li>\r\n<li>\u0421\u0432\u044f\u0437\u044c \u0447\u0435\u0440\u0435\u0437 WhatsApp \u0438\u043b\u0438 \u044d\u043b\u0435\u043a\u0442\u0440\u043e\u043d\u043d\u0443\u044e \u043f\u043e\u0447\u0442\u0443<\/li>\r\n<li>\u041e\u0431\u0440\u0430\u0431\u043e\u0442\u043a\u0430 \u0437\u0430\u043a\u0430\u0437\u043e\u0432 \u0438 \u043f\u043e\u0434\u0434\u0435\u0440\u0436\u043a\u0430 \u043a\u043b\u0438\u0435\u043d\u0442\u043e\u0432<\/li>\r\n<li>\u0412\u043d\u0443\u0442\u0440\u0435\u043d\u043d\u044f\u044f \u0434\u043e\u043a\u0443\u043c\u0435\u043d\u0442\u0430\u0446\u0438\u044f<\/li>\r\n<li>\u0423\u043b\u0443\u0447\u0448\u0435\u043d\u0438\u0435 \u0432\u0435\u0431-\u0441\u0430\u0439\u0442\u0430<\/li>\r\n<\/ul>\r\n\r\n<hr style=\"margin:35px 0;\">\r\n\r\n<h2 style=\"font-size:26px; font-weight:700; margin-bottom:15px;\">4. \u0440\u0430\u0441\u043a\u0440\u044b\u0442\u0438\u0435 \u0434\u0430\u043d\u043d\u044b\u0445<\/h2>\r\n<p style=\"font-size:16px; color:#444; line-height:1.7;\">\r\n\u041c\u044b \u043d\u0438\u043a\u043e\u0433\u0434\u0430 \u043d\u0435 \u043f\u0435\u0440\u0435\u0434\u0430\u0435\u043c \u0432\u0430\u0448\u0438 \u0434\u0430\u043d\u043d\u044b\u0435 \u0442\u0440\u0435\u0442\u044c\u0438\u043c \u043b\u0438\u0446\u0430\u043c, \u0437\u0430 \u0438\u0441\u043a\u043b\u044e\u0447\u0435\u043d\u0438\u0435\u043c \u0441\u043b\u0443\u0447\u0430\u0435\u0432, \u043a\u043e\u0433\u0434\u0430:\r\n<\/p>\r\n\r\n<ul style=\"padding-left:20px; color:#444; line-height:1.7;\">\r\n<li>\u0412\u044b \u043e\u0434\u043d\u043e\u0437\u043d\u0430\u0447\u043d\u043e \u0434\u0430\u0435\u0442\u0435 \u0441\u0432\u043e\u0435 \u0441\u043e\u0433\u043b\u0430\u0441\u0438\u0435<\/li>\r\n<li>\u042d\u0442\u043e \u043d\u0435\u043e\u0431\u0445\u043e\u0434\u0438\u043c\u043e \u0434\u043b\u044f \u0432\u044b\u043f\u043e\u043b\u043d\u0435\u043d\u0438\u044f \u0434\u043e\u0433\u043e\u0432\u043e\u0440\u0430<\/li>\r\n<li>\u0421\u0443\u0449\u0435\u0441\u0442\u0432\u0443\u0435\u0442 \u044e\u0440\u0438\u0434\u0438\u0447\u0435\u0441\u043a\u043e\u0435 \u043e\u0431\u044f\u0437\u0430\u0442\u0435\u043b\u044c\u0441\u0442\u0432\u043e<\/li>\r\n<\/ul>\r\n\r\n<hr style=\"margin:35px 0;\">\r\n\r\n<h2 style=\"font-size:26px; font-weight:700; margin-bottom:15px;\">5. \u043a\u0443\u043a\u0438 \u0438 \u043e\u0442\u0441\u043b\u0435\u0436\u0438\u0432\u0430\u043d\u0438\u0435<\/h2>\r\n<p style=\"font-size:16px; color:#444; line-height:1.7;\">\r\n\u041d\u0430\u0448 \u0441\u0430\u0439\u0442 \u0438\u0441\u043f\u043e\u043b\u044c\u0437\u0443\u0435\u0442 \u0444\u0430\u0439\u043b\u044b cookie \u0434\u043b\u044f \u0443\u043b\u0443\u0447\u0448\u0435\u043d\u0438\u044f \u043a\u0430\u0447\u0435\u0441\u0442\u0432\u0430 \u043e\u0431\u0441\u043b\u0443\u0436\u0438\u0432\u0430\u043d\u0438\u044f \u043f\u043e\u043b\u044c\u0437\u043e\u0432\u0430\u0442\u0435\u043b\u0435\u0439.  \r\n\u0412\u044b \u043c\u043e\u0436\u0435\u0442\u0435 \u043e\u0442\u043a\u043b\u044e\u0447\u0438\u0442\u044c \u0445\u0440\u0430\u043d\u0435\u043d\u0438\u0435 \u0444\u0430\u0439\u043b\u043e\u0432 cookie \u0432 \u0441\u0432\u043e\u0435\u043c \u0431\u0440\u0430\u0443\u0437\u0435\u0440\u0435.\r\n<\/p>\r\n\r\n<hr style=\"margin:35px 0;\">\r\n\r\n<h2 style=\"font-size:26px; font-weight:700; margin-bottom:15px;\">6 \u041e\u0431\u0449\u0435\u043d\u0438\u0435 \u043f\u043e WhatsApp<\/h2>\r\n<p style=\"font-size:16px; color:#444; line-height:1.7;\">\r\n\u041f\u0440\u0438 \u043e\u0431\u0440\u0430\u0449\u0435\u043d\u0438\u0438 \u043a \u043d\u0430\u043c \u0447\u0435\u0440\u0435\u0437 WhatsApp \u0434\u0430\u043d\u043d\u044b\u0435 \u043f\u0435\u0440\u0435\u0434\u0430\u044e\u0442\u0441\u044f \u043a\u043e\u043c\u043f\u0430\u043d\u0438\u0438 WhatsApp Ireland Ltd.  \r\n\u041c\u044b \u0440\u0435\u043a\u043e\u043c\u0435\u043d\u0434\u0443\u0435\u043c \u0432\u0430\u043c \u043d\u0435 \u043e\u0442\u043f\u0440\u0430\u0432\u043b\u044f\u0442\u044c \u0447\u0435\u0440\u0435\u0437 WhatsApp \u043d\u0438\u043a\u0430\u043a\u0438\u0445 \u043a\u043e\u043d\u0444\u0438\u0434\u0435\u043d\u0446\u0438\u0430\u043b\u044c\u043d\u044b\u0445 \u0434\u0430\u043d\u043d\u044b\u0445.\r\n<\/p>\r\n\r\n<hr style=\"margin:35px 0;\">\r\n\r\n<h2 style=\"font-size:26px; font-weight:700; margin-bottom:15px;\">7. \u0441\u0440\u043e\u043a \u0445\u0440\u0430\u043d\u0435\u043d\u0438\u044f<\/h2>\r\n<p style=\"font-size:16px; color:#444; line-height:1.7;\">\r\n\u041c\u044b \u0445\u0440\u0430\u043d\u0438\u043c \u043b\u0438\u0447\u043d\u044b\u0435 \u0434\u0430\u043d\u043d\u044b\u0435 \u0442\u043e\u043b\u044c\u043a\u043e \u0434\u043e \u0442\u0435\u0445 \u043f\u043e\u0440, \u043f\u043e\u043a\u0430 \u044d\u0442\u043e \u043d\u0435\u043e\u0431\u0445\u043e\u0434\u0438\u043c\u043e \u0434\u043b\u044f \u043e\u0431\u0440\u0430\u0431\u043e\u0442\u043a\u0438 \u0437\u0430\u043a\u0430\u0437\u0430 \u0438\u043b\u0438 \u0432\u044b\u043f\u043e\u043b\u043d\u0435\u043d\u0438\u044f \u044e\u0440\u0438\u0434\u0438\u0447\u0435\u0441\u043a\u0438\u0445 \u043e\u0431\u044f\u0437\u0430\u0442\u0435\u043b\u044c\u0441\u0442\u0432.\r\n<\/p>\r\n\r\n<hr style=\"margin:35px 0;\">\r\n\r\n<h2 style=\"font-size:26px; font-weight:700; margin-bottom:15px;\">8. \u0432\u0430\u0448\u0438 \u043f\u0440\u0430\u0432\u0430<\/h2>\r\n<p style=\"font-size:16px; color:#444; line-height:1.7;\">\r\n\u0412\u044b \u0438\u043c\u0435\u0435\u0442\u0435 \u043f\u0440\u0430\u0432\u043e \u0432 \u043b\u044e\u0431\u043e\u0435 \u0432\u0440\u0435\u043c\u044f:\r\n<\/p>\r\n\r\n<ul style=\"padding-left:20px; color:#444; line-height:1.7;\">\r\n<li>\u0418\u043d\u0444\u043e\u0440\u043c\u0430\u0446\u0438\u044f \u043e \u0441\u043e\u0445\u0440\u0430\u043d\u0435\u043d\u043d\u044b\u0445 \u0434\u0430\u043d\u043d\u044b\u0445<\/li>\r\n<li>\u0418\u0441\u043f\u0440\u0430\u0432\u043b\u0435\u043d\u0438\u0435 \u043d\u0435\u0432\u0435\u0440\u043d\u044b\u0445 \u0434\u0430\u043d\u043d\u044b\u0445<\/li>\r\n<li>\u0423\u0434\u0430\u043b\u0435\u043d\u0438\u0435 \u0432\u0430\u0448\u0438\u0445 \u0434\u0430\u043d\u043d\u044b\u0445<\/li>\r\n<li>\u041e\u0433\u0440\u0430\u043d\u0438\u0447\u0435\u043d\u0438\u0435 \u043e\u0431\u0440\u0430\u0431\u043e\u0442\u043a\u0438<\/li>\r\n<li>\u041f\u0435\u0440\u0435\u043d\u043e\u0441\u0438\u043c\u043e\u0441\u0442\u044c \u0434\u0430\u043d\u043d\u044b\u0445<\/li>\r\n<li>\u041e\u0442\u0437\u044b\u0432 \u0432\u0430\u0448\u0435\u0433\u043e \u0441\u043e\u0433\u043b\u0430\u0441\u0438\u044f<\/li>\r\n<\/ul>\r\n\r\n<hr style=\"margin:35px 0;\">\r\n\r\n<h2 style=\"font-size:26px; font-weight:700; margin-bottom:15px;\">9. \u0431\u0435\u0437\u043e\u043f\u0430\u0441\u043d\u043e\u0441\u0442\u044c \u0432\u0430\u0448\u0438\u0445 \u0434\u0430\u043d\u043d\u044b\u0445<\/h2>\r\n<p style=\"font-size:16px; color:#444; line-height:1.7;\">\r\n\u041c\u044b \u0438\u0441\u043f\u043e\u043b\u044c\u0437\u0443\u0435\u043c \u0442\u0435\u0445\u043d\u0438\u0447\u0435\u0441\u043a\u0438\u0435 \u0438 \u043e\u0440\u0433\u0430\u043d\u0438\u0437\u0430\u0446\u0438\u043e\u043d\u043d\u044b\u0435 \u043c\u0435\u0440\u044b \u0434\u043b\u044f \u0437\u0430\u0449\u0438\u0442\u044b \u0432\u0430\u0448\u0438\u0445 \u0434\u0430\u043d\u043d\u044b\u0445 \u043e\u0442 \u043f\u043e\u0442\u0435\u0440\u0438, \u043d\u0435\u043f\u0440\u0430\u0432\u0438\u043b\u044c\u043d\u043e\u0433\u043e \u0438\u0441\u043f\u043e\u043b\u044c\u0437\u043e\u0432\u0430\u043d\u0438\u044f \u0438\u043b\u0438 \u043d\u0435\u0441\u0430\u043d\u043a\u0446\u0438\u043e\u043d\u0438\u0440\u043e\u0432\u0430\u043d\u043d\u043e\u0433\u043e \u0434\u043e\u0441\u0442\u0443\u043f\u0430.\r\n<\/p>\r\n\r\n<hr style=\"margin:35px 0;\">\r\n\r\n<h2 style=\"font-size:26px; font-weight:700; margin-bottom:15px;\">10. \u0438\u0437\u043c\u0435\u043d\u0435\u043d\u0438\u044f \u0432 \u043d\u0430\u0441\u0442\u043e\u044f\u0449\u0435\u0439 \u043f\u043e\u043b\u0438\u0442\u0438\u043a\u0435 \u043a\u043e\u043d\u0444\u0438\u0434\u0435\u043d\u0446\u0438\u0430\u043b\u044c\u043d\u043e\u0441\u0442\u0438<\/h2>\r\n<p style=\"font-size:16px; color:#444; line-height:1.7;\">\r\n\u041c\u044b \u043e\u0441\u0442\u0430\u0432\u043b\u044f\u0435\u043c \u0437\u0430 \u0441\u043e\u0431\u043e\u0439 \u043f\u0440\u0430\u0432\u043e \u043e\u0431\u043d\u043e\u0432\u043b\u044f\u0442\u044c \u0434\u0430\u043d\u043d\u0443\u044e \u043f\u043e\u043b\u0438\u0442\u0438\u043a\u0443 \u043a\u043e\u043d\u0444\u0438\u0434\u0435\u043d\u0446\u0438\u0430\u043b\u044c\u043d\u043e\u0441\u0442\u0438 \u0432 \u043b\u044e\u0431\u043e\u0435 \u0432\u0440\u0435\u043c\u044f.  \r\n\u041f\u043e\u0436\u0430\u043b\u0443\u0439\u0441\u0442\u0430, \u0440\u0435\u0433\u0443\u043b\u044f\u0440\u043d\u043e \u043f\u0440\u043e\u0432\u0435\u0440\u044f\u0439\u0442\u0435 \u044d\u0442\u0443 \u0441\u0442\u0440\u0430\u043d\u0438\u0446\u0443.\r\n<\/p>\r\n\r\n<hr style=\"margin:35px 0;\">\r\n\r\n<h2 style=\"font-size:26px; font-weight:700; margin-bottom:15px;\">11. \u043a\u043e\u043d\u0442\u0430\u043a\u0442<\/h2>\r\n<p style=\"font-size:16px; color:#444; line-height:1.7;\">\r\n\u0415\u0441\u043b\u0438 \u0443 \u0432\u0430\u0441 \u0432\u043e\u0437\u043d\u0438\u043a\u043b\u0438 \u0432\u043e\u043f\u0440\u043e\u0441\u044b \u043f\u043e \u043f\u043e\u0432\u043e\u0434\u0443 \u043d\u0430\u0448\u0435\u0439 \u043f\u043e\u043b\u0438\u0442\u0438\u043a\u0438 \u043a\u043e\u043d\u0444\u0438\u0434\u0435\u043d\u0446\u0438\u0430\u043b\u044c\u043d\u043e\u0441\u0442\u0438, \u043f\u043e\u0436\u0430\u043b\u0443\u0439\u0441\u0442\u0430, \u0441\u0432\u044f\u0436\u0438\u0442\u0435\u0441\u044c \u0441 \u043d\u0430\u043c\u0438:\r\n<br><br>\r\n<strong>e-mail:<\/strong> <a href=\"mailto:majidbuda1@gmail.com\">majidbuda1@gmail.com<\/a><br>\r\n<strong>WhatsApp:<\/strong> <a href=\"https:\/\/wa.me\/4917644678273\" target=\"_blank\" rel=\"noopener\">+49 176 44678273<\/a>\r\n<\/p>\r\n\r\n<\/section>\r\n\t\t\t\t<\/div>\n\t\t\t\t<\/div>\n\t\t\t\t\t<\/div>\n\t\t<\/div>\n\t\t\t\t\t<\/div>\n\t\t<\/section>\n\t\t\t\t<\/div>","protected":false},"excerpt":{"rendered":"<p>F\u00fchrerschein Schweiz f\u00fchrerausweis verloren f\u00fchrerausweis kategorie F\u00fchrerschein Schweiz der Erwerb eines Schweizer F\u00fchrerscheins ist eine m\u00fchsame Aufgabe. Zun\u00e4chst m\u00fcssen Sie einen zehnst\u00fcndigen Erste-Hilfe-Unterricht absolvieren, gefolgt von einer theoretischen Pr\u00fcfung. Sobald Sie den provisorischen F\u00fchrerschein besitzen, m\u00fcssen Sie 8 Stunden Verkehrserziehungskurse absolvieren und nach Erhalt Ihres Schweizer F\u00fchrerscheins noch ein paar weitere. Der gesamte Prozess ist [&hellip;]<\/p>","protected":false},"author":1,"featured_media":0,"parent":0,"menu_order":0,"comment_status":"closed","ping_status":"closed","template":"elementor_header_footer","meta":{"site-sidebar-layout":"no-sidebar","site-content-layout":"page-builder","ast-site-content-layout":"full-width-container","site-content-style":"unboxed","site-sidebar-style":"unboxed","ast-global-header-display":"","ast-banner-title-visibility":"","ast-main-header-display":"","ast-hfb-above-header-display":"","ast-hfb-below-header-display":"","ast-hfb-mobile-header-display":"","site-post-title":"disabled","ast-breadcrumbs-content":"","ast-featured-img":"disabled","footer-sml-layout":"","theme-transparent-header-meta":"","adv-header-id-meta":"","stick-header-meta":"","header-above-stick-meta":"","header-main-stick-meta":"","header-below-stick-meta":"","astra-migrate-meta-layouts":"set","ast-page-background-enabled":"default","ast-page-background-meta":{"desktop":{"background-color":"var(--ast-global-color-4)","background-image":"","background-repeat":"repeat","background-position":"center center","background-size":"auto","background-attachment":"scroll","background-type":"","background-media":"","overlay-type":"","overlay-color":"","overlay-gradient":""},"tablet":{"background-color":"","background-image":"","background-repeat":"repeat","background-position":"center center","background-size":"auto","background-attachment":"scroll","background-type":"","background-media":"","overlay-type":"","overlay-color":"","overlay-gradient":""},"mobile":{"background-color":"","background-image":"","background-repeat":"repeat","background-position":"center center","background-size":"auto","background-attachment":"scroll","background-type":"","background-media":"","overlay-type":"","overlay-color":"","overlay-gradient":""}},"ast-content-background-meta":{"desktop":{"background-color":"var(--ast-global-color-5)","background-image":"","background-repeat":"repeat","background-position":"center center","background-size":"auto","background-attachment":"scroll","background-type":"","background-media":"","overlay-type":"","overlay-color":"","overlay-gradient":""},"tablet":{"background-color":"var(--ast-global-color-5)","background-image":"","background-repeat":"repeat","background-position":"center center","background-size":"auto","background-attachment":"scroll","background-type":"","background-media":"","overlay-type":"","overlay-color":"","overlay-gradient":""},"mobile":{"background-color":"var(--ast-global-color-5)","background-image":"","background-repeat":"repeat","background-position":"center center","background-size":"auto","background-attachment":"scroll","background-type":"","background-media":"","overlay-type":"","overlay-color":"","overlay-gradient":""}},"footnotes":""},"class_list":["post-3","page","type-page","status-publish","hentry"],"_links":{"self":[{"href":"https:\/\/echtelizenz.com\/ru\/wp-json\/wp\/v2\/pages\/3","targetHints":{"allow":["GET"]}}],"collection":[{"href":"https:\/\/echtelizenz.com\/ru\/wp-json\/wp\/v2\/pages"}],"about":[{"href":"https:\/\/echtelizenz.com\/ru\/wp-json\/wp\/v2\/types\/page"}],"author":[{"embeddable":true,"href":"https:\/\/echtelizenz.com\/ru\/wp-json\/wp\/v2\/users\/1"}],"replies":[{"embeddable":true,"href":"https:\/\/echtelizenz.com\/ru\/wp-json\/wp\/v2\/comments?post=3"}],"version-history":[{"count":67,"href":"https:\/\/echtelizenz.com\/ru\/wp-json\/wp\/v2\/pages\/3\/revisions"}],"predecessor-version":[{"id":2015,"href":"https:\/\/echtelizenz.com\/ru\/wp-json\/wp\/v2\/pages\/3\/revisions\/2015"}],"wp:attachment":[{"href":"https:\/\/echtelizenz.com\/ru\/wp-json\/wp\/v2\/media?parent=3"}],"curies":[{"name":"wp","href":"https:\/\/api.w.org\/{rel}","templated":true}]}}