{"id":2039,"date":"2025-11-14T16:01:34","date_gmt":"2025-11-14T16:01:34","guid":{"rendered":"https:\/\/echtelizenz.com\/?page_id=2039"},"modified":"2025-11-26T18:59:29","modified_gmt":"2025-11-26T18:59:29","slug":"impressum","status":"publish","type":"page","link":"https:\/\/echtelizenz.com\/ru\/\u043f\u0440\u0430\u0432\u043e\u0432\u0430\u044f-\u0438\u043d\u0444\u043e\u0440\u043c\u0430\u0446\u0438\u044f\/","title":{"rendered":"\u041e\u0442\u0442\u0438\u0441\u043a"},"content":{"rendered":"<div data-elementor-type=\"wp-page\" data-elementor-id=\"2039\" class=\"elementor elementor-2039\" data-elementor-post-type=\"page\">\n\t\t\t\t\t\t<section class=\"elementor-section elementor-top-section elementor-element elementor-element-e40f919 elementor-section-full_width elementor-section-stretched elementor-section-height-default elementor-section-height-default\" data-id=\"e40f919\" data-element_type=\"section\" data-settings=\"{&quot;stretch_section&quot;:&quot;section-stretched&quot;}\">\n\t\t\t\t\t\t<div class=\"elementor-container elementor-column-gap-default\">\n\t\t\t\t\t<div class=\"elementor-column elementor-col-100 elementor-top-column elementor-element elementor-element-a2c42af\" data-id=\"a2c42af\" data-element_type=\"column\">\n\t\t\t<div class=\"elementor-widget-wrap elementor-element-populated\">\n\t\t\t\t\t\t<div class=\"elementor-element elementor-element-f561bca elementor-widget elementor-widget-html\" data-id=\"f561bca\" data-element_type=\"widget\" data-widget_type=\"html.default\">\n\t\t\t\t<div class=\"elementor-widget-container\">\n\t\t\t\t\t<!-- IMPRESSUM PAGE - EINZELNER HTML BLOCK -->\r\n<section style=\"padding:60px 20px; max-width:1100px; margin:0 auto; font-family: Arial, sans-serif; color:#111;\">\r\n  <!-- META (Einf\u00fcgen in <head> Ihrer Seite) -->\r\n  <!--\r\n  <title>Impressum \u2013 EchteLizenz<\/title>\r\n  <meta name=\"description\" content=\"Impressum von EchteLizenz. Kontakt, Verantwortlicher, Registerangaben und rechtliche Hinweise.\">\r\n  -->\r\n\r\n  <!-- JSON-LD Organization (f\u00fcge in <head> oder vor dem schlie\u00dfenden <\/body> ein) -->\r\n  <script type=\"application\/ld+json\">{\n    \"@context\": \"https:\\\/\\\/schema.org\",\n    \"@type\": \"Organization\",\n    \"name\": \"Echte Lizenz\",\n    \"url\": \"https:\\\/\\\/echtelizenz.com\",\n    \"logo\": \"https:\\\/\\\/echtelizenz.com\\\/wp-content\\\/uploads\\\/2024\\\/04\\\/Logo-W.png\",\n    \"contactPoint\": [\n        {\n            \"@type\": \"ContactPoint\",\n            \"telephone\": \"+49 176 44678273\",\n            \"contactType\": \"customer support\",\n            \"email\": \"majidbuda1@gmail.com\",\n            \"availableLanguage\": [\n                \"German\",\n                \"English\"\n            ]\n        }\n    ],\n    \"sameAs\": [\n        \"https:\\\/\\\/echtelizenz.com\"\n    ]\n}<\/script>\r\n\r\n  <h1 style=\"font-size:34px; font-weight:800; margin-bottom:10px;\">\u041e\u0442\u0442\u0438\u0441\u043a<\/h1>\r\n  <p style=\"font-size:15px; color:#444; margin-bottom:30px;\">\r\n    \u0418\u043d\u0444\u043e\u0440\u043c\u0430\u0446\u0438\u044f \u0432 \u0441\u043e\u043e\u0442\u0432\u0435\u0442\u0441\u0442\u0432\u0438\u0438 \u0441 \u00a7 5 TMG \/ \u0430\u043b\u044c\u0442\u0435\u0440\u043d\u0430\u0442\u0438\u0432\u043d\u044b\u0435 \u0442\u0440\u0435\u0431\u043e\u0432\u0430\u043d\u0438\u044f \u0437\u0430\u043a\u043e\u043d\u043e\u0434\u0430\u0442\u0435\u043b\u044c\u0441\u0442\u0432\u0430 (\u043f\u043e\u0436\u0430\u043b\u0443\u0439\u0441\u0442\u0430, \u0437\u0430\u043c\u0435\u043d\u0438\u0442\u0435 \u043c\u0435\u0441\u0442\u043e, \u0443\u043a\u0430\u0437\u0430\u043d\u043d\u043e\u0435 \u043d\u0438\u0436\u0435).\r\n  <\/p>\r\n\r\n  <!-- Unternehmensinformationen -->\r\n  <div style=\"background:#f8f8f8; padding:22px; border-radius:10px; margin-bottom:30px;\">\r\n    <h2 style=\"font-size:20px; font-weight:700; margin-bottom:10px;\">\u041f\u043e\u0441\u0442\u0430\u0432\u0449\u0438\u043a<\/h2>\r\n\r\n    <p style=\"font-size:15px; color:#222; line-height:1.6; margin-bottom:6px;\">\r\n      <strong>\u041d\u0430\u0437\u0432\u0430\u043d\u0438\u0435 \u043a\u043e\u043c\u043f\u0430\u043d\u0438\u0438:<\/strong> \u041d\u0430\u0441\u0442\u043e\u044f\u0449\u0430\u044f \u043b\u0438\u0446\u0435\u043d\u0437\u0438\u044f\r\n    <\/p>\r\n\r\n    <p style=\"font-size:15px; color:#222; line-height:1.6; margin-bottom:6px;\">\r\n      <strong>\u0410\u0434\u0440\u0435\u0441 \u043f\u0440\u0435\u0434\u043f\u0440\u0438\u044f\u0442\u0438\u044f:<\/strong><br>\r\n      <!-- ERSETZEN: Vollst\u00e4ndige Gesch\u00e4ftsadresse einf\u00fcgen -->\r\n      \u041e\u0431\u0440\u0430\u0437\u0446\u043e\u0432\u0430\u044f \u0443\u043b\u0438\u0446\u0430 1<br>\r\n      00000 \u041d\u0430\u0437\u0432\u0430\u043d\u0438\u0435 \u0433\u043e\u0440\u043e\u0434\u0430<br>\r\n      \u0421\u0442\u0440\u0430\u043d\u0430\r\n    <\/p>\r\n\r\n    <p style=\"font-size:15px; color:#222; line-height:1.6; margin-bottom:6px;\">\r\n      <strong>\u0423\u043f\u0440\u0430\u0432\u043b\u044f\u044e\u0449\u0438\u0439 \u0434\u0438\u0440\u0435\u043a\u0442\u043e\u0440 \/ \u041e\u0442\u0432\u0435\u0442\u0441\u0442\u0432\u0435\u043d\u043d\u044b\u0439 \u0432 \u0441\u043e\u043e\u0442\u0432\u0435\u0442\u0441\u0442\u0432\u0438\u0438 \u0441 \u00a7 55 \u0430\u0431\u0437. 2 RStV:<\/strong><br>\r\n      <!-- ERSETZEN: Name des Gesch\u00e4ftsf\u00fchrers \/ Verantwortlichen -->\r\n      \u0418\u043c\u044f \u0424\u0430\u043c\u0438\u043b\u0438\u044f\r\n    <\/p>\r\n\r\n    <p style=\"font-size:15px; color:#222; line-height:1.6; margin-bottom:6px;\">\r\n      <strong>\u0422\u0435\u043b\u0435\u0444\u043e\u043d \/ WhatsApp:<\/strong><br>\r\n      <a href=\"https:\/\/wa.me\/4915211539342\" style=\"color:#111; text-decoration:none;\" target=\"_blank\" rel=\"noopener\">+49 15211539342 (WhatsApp)<\/a>\r\n    <\/p>\r\n\r\n    <p style=\"font-size:15px; color:#222; line-height:1.6; margin-bottom:6px;\">\r\n      <strong>e-mail:<\/strong><br>\r\n      <a href=\"mailto:majidbuda1@gmail.com\" style=\"color:#111; text-decoration:none;\">majidbuda1@gmail.com<\/a>\r\n    <\/p>\r\n\r\n    <p style=\"font-size:15px; color:#222; line-height:1.6; margin-top:12px;\">\r\n      <strong>\u0422\u043e\u0440\u0433\u043e\u0432\u044b\u0439 \u0440\u0435\u0435\u0441\u0442\u0440:<\/strong><br>\r\n      <!-- ERSETZEN: z.B. Amtsgericht XXX, HRB 123456 -->\r\n      \u041c\u0435\u0441\u0442\u043d\u044b\u0439 \u0441\u0443\u0434 [\u043c\u0435\u0441\u0442\u043e], HRB [\u043d\u043e\u043c\u0435\u0440]\r\n    <\/p>\r\n\r\n    <p style=\"font-size:15px; color:#222; line-height:1.6; margin-top:6px;\">\r\n      <strong>\u0418\u0434\u0435\u043d\u0442\u0438\u0444\u0438\u043a\u0430\u0442\u043e\u0440 \u043d\u0430\u043b\u043e\u0433\u0430 \u043d\u0430 \u0434\u043e\u0431\u0430\u0432\u043b\u0435\u043d\u043d\u0443\u044e \u0441\u0442\u043e\u0438\u043c\u043e\u0441\u0442\u044c (UID):<\/strong><br>\r\n      <!-- ERSETZEN: USt-IdNr. falls vorhanden -->\r\n      VAT-ID: [DE\/AT\/CH ...]\r\n    <\/p>\r\n\r\n    <p style=\"font-size:13px; color:#666; margin-top:12px;\">\r\n      <em>\u041f\u0440\u0438\u043c\u0435\u0447\u0430\u043d\u0438\u0435:<\/em> \u0417\u0430\u043c\u0435\u043d\u0438\u0442\u0435 \u0432\u0441\u0435 \u043a\u0432\u0430\u0434\u0440\u0430\u0442\u043d\u044b\u0435 \u043f\u0440\u043e\u0431\u0435\u043b\u044b [ ... ] \u043d\u0430 \u0444\u0430\u043a\u0442\u0438\u0447\u0435\u0441\u043a\u0438\u0435 \u0434\u0430\u043d\u043d\u044b\u0435 \u0432\u0430\u0448\u0435\u0439 \u043a\u043e\u043c\u043f\u0430\u043d\u0438\u0438. \u041e\u0442\u0441\u0443\u0442\u0441\u0442\u0432\u0438\u0435 \u043e\u0431\u044f\u0437\u0430\u0442\u0435\u043b\u044c\u043d\u043e\u0439 \u0438\u043d\u0444\u043e\u0440\u043c\u0430\u0446\u0438\u0438 \u043c\u043e\u0436\u0435\u0442 \u0438\u043c\u0435\u0442\u044c \u044e\u0440\u0438\u0434\u0438\u0447\u0435\u0441\u043a\u0438\u0435 \u043f\u043e\u0441\u043b\u0435\u0434\u0441\u0442\u0432\u0438\u044f.\r\n    <\/p>\r\n  <\/div>\r\n\r\n  <!-- Inhaltliche Angaben -->\r\n  <div style=\"margin-bottom:30px;\">\r\n    <h2 style=\"font-size:20px; font-weight:700; margin-bottom:10px;\">\u041e\u0442\u0432\u0435\u0442\u0441\u0442\u0432\u0435\u043d\u043d\u044b\u0439 \u0437\u0430 \u0441\u043e\u0434\u0435\u0440\u0436\u0430\u043d\u0438\u0435<\/h2>\r\n    <p style=\"font-size:15px; color:#333; line-height:1.6;\">\r\n      \u041e\u0442\u0432\u0435\u0447\u0430\u0435\u0442 \u0437\u0430 \u0440\u0435\u0434\u0430\u043a\u0446\u0438\u043e\u043d\u043d\u043e\u0435 \u0441\u043e\u0434\u0435\u0440\u0436\u0430\u043d\u0438\u0435 \u0432 \u0441\u043e\u043e\u0442\u0432\u0435\u0442\u0441\u0442\u0432\u0438\u0438 \u0441 \u00a7 55 \u0430\u0431\u0437. 2 RStV:<br>\r\n      <strong><!-- ERSETZEN: Name --><\/strong><br>\r\n      \u0410\u0434\u0440\u0435\u0441, \u043a\u0430\u043a \u0443\u043a\u0430\u0437\u0430\u043d\u043e \u0432\u044b\u0448\u0435.\r\n    <\/p>\r\n  <\/div>\r\n\r\n  <!-- Haftung -->\r\n  <div style=\"background:#f8f8f8; padding:22px; border-radius:10px; margin-bottom:30px;\">\r\n    <h2 style=\"font-size:20px; font-weight:700; margin-bottom:10px;\">\u041e\u0442\u0432\u0435\u0442\u0441\u0442\u0432\u0435\u043d\u043d\u043e\u0441\u0442\u044c \u0437\u0430 \u0441\u043e\u0434\u0435\u0440\u0436\u0430\u043d\u0438\u0435<\/h2>\r\n    <p style=\"font-size:15px; color:#333; line-height:1.6;\">\r\n      \u0421\u043e\u0434\u0435\u0440\u0436\u0430\u043d\u0438\u0435 \u043d\u0430\u0448\u0438\u0445 \u0441\u0442\u0440\u0430\u043d\u0438\u0446 \u0441\u043e\u0437\u0434\u0430\u0432\u0430\u043b\u043e\u0441\u044c \u0441 \u043e\u0441\u043e\u0431\u043e\u0439 \u0442\u0449\u0430\u0442\u0435\u043b\u044c\u043d\u043e\u0441\u0442\u044c\u044e. \u041e\u0434\u043d\u0430\u043a\u043e \u043c\u044b \u043d\u0435 \u043c\u043e\u0436\u0435\u043c \u0432\u0437\u044f\u0442\u044c \u043d\u0430 \u0441\u0435\u0431\u044f \u043e\u0442\u0432\u0435\u0442\u0441\u0442\u0432\u0435\u043d\u043d\u043e\u0441\u0442\u044c \u0437\u0430 \u0442\u043e\u0447\u043d\u043e\u0441\u0442\u044c, \u043f\u043e\u043b\u043d\u043e\u0442\u0443 \u0438 \u0430\u043a\u0442\u0443\u0430\u043b\u044c\u043d\u043e\u0441\u0442\u044c \u0441\u043e\u0434\u0435\u0440\u0436\u0430\u043d\u0438\u044f.\r\n      \u041a\u0430\u043a \u043f\u043e\u0441\u0442\u0430\u0432\u0449\u0438\u043a \u0443\u0441\u043b\u0443\u0433 \u043c\u044b \u043d\u0435\u0441\u0435\u043c \u043e\u0442\u0432\u0435\u0442\u0441\u0442\u0432\u0435\u043d\u043d\u043e\u0441\u0442\u044c \u0437\u0430 \u0441\u043e\u0434\u0435\u0440\u0436\u0430\u043d\u0438\u0435 \u043d\u0430\u0448\u0438\u0445 \u0441\u0442\u0440\u0430\u043d\u0438\u0446 \u0432 \u0441\u043e\u043e\u0442\u0432\u0435\u0442\u0441\u0442\u0432\u0438\u0438 \u0441 \u00a7 7 \u0430\u0431\u0437. 1 TMG (\u0417\u0430\u043a\u043e\u043d \u043e \u0442\u0435\u043b\u0435\u043c\u0435\u0434\u0438\u0430) \u0438 \u043e\u0431\u0449\u0438\u043c\u0438 \u0437\u0430\u043a\u043e\u043d\u0430\u043c\u0438.\r\n    <\/p>\r\n\r\n    <h2 style=\"font-size:20px; font-weight:700; margin-top:16px; margin-bottom:10px;\">\u041e\u0442\u0432\u0435\u0442\u0441\u0442\u0432\u0435\u043d\u043d\u043e\u0441\u0442\u044c \u0437\u0430 \u0441\u0441\u044b\u043b\u043a\u0438<\/h2>\r\n    <p style=\"font-size:15px; color:#333; line-height:1.6;\">\r\n      \u041d\u0430\u0448 \u0441\u0430\u0439\u0442 \u0441\u043e\u0434\u0435\u0440\u0436\u0438\u0442 \u0441\u0441\u044b\u043b\u043a\u0438 \u043d\u0430 \u0432\u043d\u0435\u0448\u043d\u0438\u0435 \u0441\u0430\u0439\u0442\u044b \u0442\u0440\u0435\u0442\u044c\u0438\u0445 \u043b\u0438\u0446, \u043d\u0430 \u0441\u043e\u0434\u0435\u0440\u0436\u0430\u043d\u0438\u0435 \u043a\u043e\u0442\u043e\u0440\u044b\u0445 \u043c\u044b \u043d\u0435 \u0438\u043c\u0435\u0435\u043c \u043d\u0438\u043a\u0430\u043a\u043e\u0433\u043e \u0432\u043b\u0438\u044f\u043d\u0438\u044f. \u041c\u044b \u043d\u0435 \u043d\u0435\u0441\u0435\u043c \u043d\u0438\u043a\u0430\u043a\u043e\u0439 \u043e\u0442\u0432\u0435\u0442\u0441\u0442\u0432\u0435\u043d\u043d\u043e\u0441\u0442\u0438 \u0437\u0430 \u0441\u043e\u0434\u0435\u0440\u0436\u0430\u043d\u0438\u0435 \u044d\u0442\u0438\u0445 \u0441\u0442\u043e\u0440\u043e\u043d\u043d\u0438\u0445 \u0441\u0430\u0439\u0442\u043e\u0432.\r\n    <\/p>\r\n  <\/div>\r\n\r\n  <!-- Urheberrecht -->\r\n  <div style=\"margin-bottom:30px;\">\r\n    <h2 style=\"font-size:20px; font-weight:700; margin-bottom:10px;\">\u0410\u0432\u0442\u043e\u0440\u0441\u043a\u043e\u0435 \u043f\u0440\u0430\u0432\u043e<\/h2>\r\n    <p style=\"font-size:15px; color:#333; line-height:1.6;\">\r\n      \u0421\u043e\u0434\u0435\u0440\u0436\u0430\u043d\u0438\u0435 \u0438 \u043f\u0440\u043e\u0438\u0437\u0432\u0435\u0434\u0435\u043d\u0438\u044f, \u0441\u043e\u0437\u0434\u0430\u043d\u043d\u044b\u0435 \u043e\u043f\u0435\u0440\u0430\u0442\u043e\u0440\u0430\u043c\u0438 \u0441\u0430\u0439\u0442\u0430 \u043d\u0430 \u044d\u0442\u0438\u0445 \u0441\u0442\u0440\u0430\u043d\u0438\u0446\u0430\u0445, \u043f\u043e\u0434\u043f\u0430\u0434\u0430\u044e\u0442 \u043f\u043e\u0434 \u0434\u0435\u0439\u0441\u0442\u0432\u0438\u0435 \u043d\u0435\u043c\u0435\u0446\u043a\u043e\u0433\u043e \u0437\u0430\u043a\u043e\u043d\u0430 \u043e\u0431 \u0430\u0432\u0442\u043e\u0440\u0441\u043a\u043e\u043c \u043f\u0440\u0430\u0432\u0435.\r\n      \u041c\u0430\u0442\u0435\u0440\u0438\u0430\u043b\u044b \u0442\u0440\u0435\u0442\u044c\u0438\u0445 \u043b\u0438\u0446 \u043f\u043e\u043c\u0435\u0447\u0435\u043d\u044b \u043a\u0430\u043a \u0442\u0430\u043a\u043e\u0432\u044b\u0435. \u0412\u043e\u0441\u043f\u0440\u043e\u0438\u0437\u0432\u0435\u0434\u0435\u043d\u0438\u0435, \u0440\u0435\u0434\u0430\u043a\u0442\u0438\u0440\u043e\u0432\u0430\u043d\u0438\u0435, \u0440\u0430\u0441\u043f\u0440\u043e\u0441\u0442\u0440\u0430\u043d\u0435\u043d\u0438\u0435 \u0438 \u043b\u044e\u0431\u043e\u0435 \u0434\u0440\u0443\u0433\u043e\u0435 \u0438\u0441\u043f\u043e\u043b\u044c\u0437\u043e\u0432\u0430\u043d\u0438\u0435, \u0432\u044b\u0445\u043e\u0434\u044f\u0449\u0435\u0435 \u0437\u0430 \u0440\u0430\u043c\u043a\u0438 \u0430\u0432\u0442\u043e\u0440\u0441\u043a\u043e\u0433\u043e \u043f\u0440\u0430\u0432\u0430, \u0442\u0440\u0435\u0431\u0443\u0435\u0442 \u043d\u0430\u0448\u0435\u0433\u043e \u043f\u0438\u0441\u044c\u043c\u0435\u043d\u043d\u043e\u0433\u043e \u0441\u043e\u0433\u043b\u0430\u0441\u0438\u044f.\r\n    <\/p>\r\n  <\/div>\r\n\r\n  <!-- Datenschutz \/ Verweise -->\r\n  <div style=\"background:#f8f8f8; padding:22px; border-radius:10px; margin-bottom:30px;\">\r\n    <h2 style=\"font-size:20px; font-weight:700; margin-bottom:10px;\">\u0417\u0430\u0449\u0438\u0442\u0430 \u0434\u0430\u043d\u043d\u044b\u0445<\/h2>\r\n    <p style=\"font-size:15px; color:#333; line-height:1.6;\">\r\n      \u0418\u043d\u0444\u043e\u0440\u043c\u0430\u0446\u0438\u044e \u043e \u0437\u0430\u0449\u0438\u0442\u0435 \u0434\u0430\u043d\u043d\u044b\u0445 \u0432\u044b \u043c\u043e\u0436\u0435\u0442\u0435 \u043d\u0430\u0439\u0442\u0438 \u0432 \u043d\u0430\u0448\u0435\u043c <a href=\"https:\/\/echtelizenz.com\/ru\/\u0437\u0430\u0449\u0438\u0442\u0430-\u0434\u0430\u043d\u043d\u044b\u0445\/\" style=\"color:#111; text-decoration:underline;\">\u041f\u043e\u043b\u0438\u0442\u0438\u043a\u0430 \u043a\u043e\u043d\u0444\u0438\u0434\u0435\u043d\u0446\u0438\u0430\u043b\u044c\u043d\u043e\u0441\u0442\u0438<\/a>.\r\n    <\/p>\r\n\r\n    <h2 style=\"font-size:20px; font-weight:700; margin-top:12px; margin-bottom:10px;\">\u0420\u0430\u0437\u0440\u0435\u0448\u0435\u043d\u0438\u0435 \u0441\u043f\u043e\u0440\u043e\u0432<\/h2>\r\n    <p style=\"font-size:15px; color:#333; line-height:1.6;\">\r\n      \u041a\u043e\u043c\u0438\u0441\u0441\u0438\u044f \u0415\u0421 \u043f\u0440\u0435\u0434\u043e\u0441\u0442\u0430\u0432\u043b\u044f\u0435\u0442 \u043f\u043b\u0430\u0442\u0444\u043e\u0440\u043c\u0443 \u0434\u043b\u044f \u0440\u0430\u0437\u0440\u0435\u0448\u0435\u043d\u0438\u044f \u0441\u043f\u043e\u0440\u043e\u0432 \u0432 \u0440\u0435\u0436\u0438\u043c\u0435 \u043e\u043d\u043b\u0430\u0439\u043d (OS): <br>\r\n      <a href=\"\" target=\"_blank\" rel=\"noopener\" style=\"color:#111; text-decoration:underline;\">\r\n     <br>\r\n      \u041c\u044b \u043d\u0435 \u043e\u0431\u044f\u0437\u0430\u043d\u044b \u0438 \u043d\u0435 \u0436\u0435\u043b\u0430\u0435\u043c \u0443\u0447\u0430\u0441\u0442\u0432\u043e\u0432\u0430\u0442\u044c \u0432 \u043f\u0440\u043e\u0446\u0435\u0434\u0443\u0440\u0435 \u0440\u0430\u0437\u0440\u0435\u0448\u0435\u043d\u0438\u044f \u0441\u043f\u043e\u0440\u043e\u0432 \u0432 \u043f\u043e\u0442\u0440\u0435\u0431\u0438\u0442\u0435\u043b\u044c\u0441\u043a\u043e\u043c \u0430\u0440\u0431\u0438\u0442\u0440\u0430\u0436\u043d\u043e\u043c \u0441\u0443\u0434\u0435.\r\n    <\/p>\r\n  <\/div>\r\n\r\n  <!-- Kontakt & Hinweis zu Rechtsform -->\r\n  <div style=\"margin-bottom:30px;\">\r\n    <h2 style=\"font-size:20px; font-weight:700; margin-bottom:10px;\">\u041a\u043e\u043d\u0442\u0430\u043a\u0442\u043d\u0430\u044f \u0438 \u044e\u0440\u0438\u0434\u0438\u0447\u0435\u0441\u043a\u0430\u044f \u0438\u043d\u0444\u043e\u0440\u043c\u0430\u0446\u0438\u044f<\/h2>\r\n    <p style=\"font-size:15px; color:#333; line-height:1.6;\">\r\n      \u041f\u043e \u0432\u043e\u043f\u0440\u043e\u0441\u0430\u043c, \u0441\u0432\u044f\u0437\u0430\u043d\u043d\u044b\u043c \u0441 \u043f\u0435\u0447\u0430\u0442\u044c\u044e \u0438\u043b\u0438 \u044e\u0440\u0438\u0434\u0438\u0447\u0435\u0441\u043a\u0438\u043c\u0438 \u0432\u043e\u043f\u0440\u043e\u0441\u0430\u043c\u0438, \u043e\u0431\u0440\u0430\u0449\u0430\u0439\u0442\u0435\u0441\u044c \u043a \u043d\u0430\u043c \u043f\u043e \u044d\u043b\u0435\u043a\u0442\u0440\u043e\u043d\u043d\u043e\u0439 \u043f\u043e\u0447\u0442\u0435 \u0438\u043b\u0438 WhatsApp:\r\n    <\/p>\r\n\r\n    <ul style=\"font-size:15px; color:#333; line-height:1.7;\">\r\n      <li>e-mail: <a href=\"mailto:majidbuda1@gmail.com\" style=\"color:#111; text-decoration:none;\">majidbuda1@gmail.com<\/a><\/li>\r\n      <li>WhatsApp: <a href=\"https:\/\/wa.me\/4915211539342\" style=\"color:#111; text-decoration:none;\" target=\"_blank\" rel=\"noopener\">+4915211539342<\/a><\/li>\r\n      <li>\u0412\u0435\u0431-\u0441\u0430\u0439\u0442: <a href=\"https:\/\/echtelizenz.com\/ru\/\" style=\"color:#111; text-decoration:none;\">https:\/\/echtelizenz.com<\/a><\/li>\r\n    <\/ul>\r\n  <\/div>\r\n\r\n<\/section>\r\n\t\t\t\t<\/div>\n\t\t\t\t<\/div>\n\t\t\t\t\t<\/div>\n\t\t<\/div>\n\t\t\t\t\t<\/div>\n\t\t<\/section>\n\t\t\t\t<\/div>","protected":false},"excerpt":{"rendered":"<p>Impressum Angaben gem\u00e4\u00df \u00a7 5 TMG \/ alternative rechtlicher Vorgaben (bitte Platzhalter unten ersetzen). Anbieter Firmenname: Echte Lizenz Gesch\u00e4ftsadresse: Musterstra\u00dfe 1 00000 Stadtname Land Gesch\u00e4ftsf\u00fchrer \/ Verantwortlich gem\u00e4\u00df \u00a7 55 Abs. 2 RStV: Vorname Nachname Telefon \/ WhatsApp: +49 15211539342 (WhatsApp) E-Mail: majidbuda1@gmail.com Handelsregister: Amtsgericht [Ort], HRB [Nummer] Umsatzsteuer-ID (UID): USt-ID: [DE\/AT\/CH &#8230;] Hinweis: Ersetze [&hellip;]<\/p>","protected":false},"author":2,"featured_media":0,"parent":0,"menu_order":0,"comment_status":"closed","ping_status":"closed","template":"elementor_header_footer","meta":{"site-sidebar-layout":"no-sidebar","site-content-layout":"page-builder","ast-site-content-layout":"full-width-container","site-content-style":"default","site-sidebar-style":"default","ast-global-header-display":"","ast-banner-title-visibility":"","ast-main-header-display":"","ast-hfb-above-header-display":"","ast-hfb-below-header-display":"","ast-hfb-mobile-header-display":"","site-post-title":"disabled","ast-breadcrumbs-content":"","ast-featured-img":"disabled","footer-sml-layout":"","theme-transparent-header-meta":"","adv-header-id-meta":"","stick-header-meta":"","header-above-stick-meta":"","header-main-stick-meta":"","header-below-stick-meta":"","astra-migrate-meta-layouts":"set","ast-page-background-enabled":"default","ast-page-background-meta":{"desktop":{"background-color":"var(--ast-global-color-4)","background-image":"","background-repeat":"repeat","background-position":"center center","background-size":"auto","background-attachment":"scroll","background-type":"","background-media":"","overlay-type":"","overlay-color":"","overlay-gradient":""},"tablet":{"background-color":"","background-image":"","background-repeat":"repeat","background-position":"center center","background-size":"auto","background-attachment":"scroll","background-type":"","background-media":"","overlay-type":"","overlay-color":"","overlay-gradient":""},"mobile":{"background-color":"","background-image":"","background-repeat":"repeat","background-position":"center center","background-size":"auto","background-attachment":"scroll","background-type":"","background-media":"","overlay-type":"","overlay-color":"","overlay-gradient":""}},"ast-content-background-meta":{"desktop":{"background-color":"var(--ast-global-color-5)","background-image":"","background-repeat":"repeat","background-position":"center center","background-size":"auto","background-attachment":"scroll","background-type":"","background-media":"","overlay-type":"","overlay-color":"","overlay-gradient":""},"tablet":{"background-color":"var(--ast-global-color-5)","background-image":"","background-repeat":"repeat","background-position":"center center","background-size":"auto","background-attachment":"scroll","background-type":"","background-media":"","overlay-type":"","overlay-color":"","overlay-gradient":""},"mobile":{"background-color":"var(--ast-global-color-5)","background-image":"","background-repeat":"repeat","background-position":"center center","background-size":"auto","background-attachment":"scroll","background-type":"","background-media":"","overlay-type":"","overlay-color":"","overlay-gradient":""}},"footnotes":""},"class_list":["post-2039","page","type-page","status-publish","hentry"],"_links":{"self":[{"href":"https:\/\/echtelizenz.com\/ru\/wp-json\/wp\/v2\/pages\/2039","targetHints":{"allow":["GET"]}}],"collection":[{"href":"https:\/\/echtelizenz.com\/ru\/wp-json\/wp\/v2\/pages"}],"about":[{"href":"https:\/\/echtelizenz.com\/ru\/wp-json\/wp\/v2\/types\/page"}],"author":[{"embeddable":true,"href":"https:\/\/echtelizenz.com\/ru\/wp-json\/wp\/v2\/users\/2"}],"replies":[{"embeddable":true,"href":"https:\/\/echtelizenz.com\/ru\/wp-json\/wp\/v2\/comments?post=2039"}],"version-history":[{"count":11,"href":"https:\/\/echtelizenz.com\/ru\/wp-json\/wp\/v2\/pages\/2039\/revisions"}],"predecessor-version":[{"id":2150,"href":"https:\/\/echtelizenz.com\/ru\/wp-json\/wp\/v2\/pages\/2039\/revisions\/2150"}],"wp:attachment":[{"href":"https:\/\/echtelizenz.com\/ru\/wp-json\/wp\/v2\/media?parent=2039"}],"curies":[{"name":"wp","href":"https:\/\/api.w.org\/{rel}","templated":true}]}}