{"id":2034,"date":"2025-11-14T15:49:16","date_gmt":"2025-11-14T15:49:16","guid":{"rendered":"https:\/\/echtelizenz.com\/?page_id=2034"},"modified":"2025-11-26T18:58:16","modified_gmt":"2025-11-26T18:58:16","slug":"kontakt","status":"publish","type":"page","link":"https:\/\/echtelizenz.com\/ru\/\u043a\u043e\u043d\u0442\u0430\u043a\u0442\/","title":{"rendered":"\u0421\u0432\u044f\u0436\u0438\u0442\u0435\u0441\u044c \u0441 \u043d\u0430\u043c\u0438"},"content":{"rendered":"<div data-elementor-type=\"wp-page\" data-elementor-id=\"2034\" class=\"elementor elementor-2034\" data-elementor-post-type=\"page\">\n\t\t\t\t\t\t<section class=\"elementor-section elementor-top-section elementor-element elementor-element-36b0dd6 elementor-section-full_width elementor-section-stretched elementor-section-height-default elementor-section-height-default\" data-id=\"36b0dd6\" data-element_type=\"section\" data-settings=\"{&quot;stretch_section&quot;:&quot;section-stretched&quot;}\">\n\t\t\t\t\t\t<div class=\"elementor-container elementor-column-gap-default\">\n\t\t\t\t\t<div class=\"elementor-column elementor-col-100 elementor-top-column elementor-element elementor-element-2f59559\" data-id=\"2f59559\" data-element_type=\"column\">\n\t\t\t<div class=\"elementor-widget-wrap elementor-element-populated\">\n\t\t\t\t\t\t<div class=\"elementor-element elementor-element-4f0e8d0 elementor-widget elementor-widget-html\" data-id=\"4f0e8d0\" data-element_type=\"widget\" data-widget_type=\"html.default\">\n\t\t\t\t<div class=\"elementor-widget-container\">\n\t\t\t\t\t<section style=\"padding:70px 20px; max-width:1200px; margin:0 auto; font-family:Arial, sans-serif;\">\r\n\r\n    <!-- HEADLINE -->\r\n    <div style=\"text-align:center; margin-bottom:40px;\">\r\n        <h1 style=\"font-size:42px; font-weight:800; color:#111;\">\r\n            \u041a\u043e\u043d\u0442\u0430\u043a\u0442\u044b - \u041c\u044b \u0434\u043e\u0441\u0442\u0443\u043f\u043d\u044b \u0434\u043b\u044f \u0432\u0430\u0441 24 \u0447\u0430\u0441\u0430 \u0432 \u0441\u0443\u0442\u043a\u0438 7 \u0434\u043d\u0435\u0439 \u0432 \u043d\u0435\u0434\u0435\u043b\u044e\r\n        <\/h1>\r\n        <p style=\"font-size:18px; color:#555; max-width:750px; margin:10px auto;\">\r\n            \u0412\u043e\u0434\u0438\u0442\u0435\u043b\u044c\u0441\u043a\u0438\u0435 \u043f\u0440\u0430\u0432\u0430, \u043f\u0430\u0441\u043f\u043e\u0440\u0442, \u0441\u043f\u0440\u0430\u0432\u043a\u0430 \u043e \u0445\u043e\u0440\u043e\u0448\u0435\u043c \u043f\u043e\u0432\u0435\u0434\u0435\u043d\u0438\u0438 \u0438\u043b\u0438 \u0441\u043f\u0440\u0430\u0432\u043a\u0430 \u0434\u043b\u044f MPU - \u043f\u0438\u0448\u0438\u0442\u0435 \u043d\u0430\u043c \u0432 \u043b\u044e\u0431\u043e\u0435 \u0432\u0440\u0435\u043c\u044f.\r\n            \u041d\u0430\u0448\u0430 \u043a\u043e\u043c\u0430\u043d\u0434\u0430 \u043e\u0442\u0432\u0435\u0447\u0430\u0435\u0442 <strong>\u0431\u044b\u0441\u0442\u0440\u043e, \u043d\u0435\u0437\u0430\u043c\u0435\u0442\u043d\u043e \u0438 \u043d\u0430\u0434\u0435\u0436\u043d\u043e.<\/strong>\r\n        <\/p>\r\n    <\/div>\r\n\r\n    <!-- CONTACT GRID -->\r\n    <div style=\"display:flex; flex-wrap:wrap; gap:40px; align-items:center; justify-content:center;\">\r\n\r\n        <!-- LEFT SIDE TEXT -->\r\n        <div style=\"flex:1; min-width:280px;\">\r\n\r\n            <h2 style=\"font-size:30px; font-weight:800; color:#111; margin-bottom:20px;\">\r\n                \u041a\u0430\u043a \u0441 \u043d\u0430\u043c\u0438 \u0441\u0432\u044f\u0437\u0430\u0442\u044c\u0441\u044f\r\n            <\/h2>\r\n\r\n            <p style=\"font-size:17px; color:#444; line-height:1.7;\">\r\n                \u041c\u044b \u043f\u043e\u043b\u0430\u0433\u0430\u0435\u043c\u0441\u044f \u043d\u0430 <strong>\u041f\u0440\u044f\u043c\u0430\u044f, \u043f\u0440\u043e\u0441\u0442\u0430\u044f \u0438 \u0431\u0435\u0437\u043e\u043f\u0430\u0441\u043d\u0430\u044f \u0441\u0432\u044f\u0437\u044c<\/strong>.\r\n                \u041d\u0438\u043a\u0430\u043a\u0438\u0445 \u0444\u043e\u0440\u043c, \u043d\u0438\u043a\u0430\u043a\u043e\u0433\u043e \u043e\u0436\u0438\u0434\u0430\u043d\u0438\u044f - \u0432\u044b \u043f\u0438\u0448\u0435\u0442\u0435 \u043d\u0430\u043c \u043f\u0440\u044f\u043c\u043e \u0441\u0435\u0439\u0447\u0430\u0441.\r\n                <br><br>\r\n                \u0414\u043b\u044f \u043f\u043e\u043b\u0443\u0447\u0435\u043d\u0438\u044f \u0431\u044b\u0441\u0442\u0440\u044b\u0445 \u043e\u0442\u0432\u0435\u0442\u043e\u0432 \u0438\u0441\u043f\u043e\u043b\u044c\u0437\u0443\u0439\u0442\u0435 WhatsApp \u0438\u043b\u0438 \u044d\u043b\u0435\u043a\u0442\u0440\u043e\u043d\u043d\u0443\u044e \u043f\u043e\u0447\u0442\u0443:\r\n            <\/p>\r\n\r\n            <div style=\"margin-top:25px;\">\r\n\r\n                <!-- WHATSAPP -->\r\n                <a href=\"https:\/\/wa.me\/4915211539342\" style=\"display:inline-block; background:#25D366; padding:14px 24px;                           border-radius:10px; font-size:18px; font-weight:700;                          color:#fff; text-decoration:none; margin-bottom:12px;\" target=\"_blank\" rel=\"noopener\">\r\n                    \u041e\u0442\u043f\u0440\u0430\u0432\u0438\u0442\u044c \u0441\u043e\u043e\u0431\u0449\u0435\u043d\u0438\u0435 WhatsApp \u2192\r\n                <\/a>\r\n\r\n                <!-- EMAIL -->\r\n                <a href=\"mailto:majidbuda1@gmail.com\"\r\n                   style=\"display:inline-block; background:#111; padding:14px 24px;                           border-radius:10px; font-size:18px; font-weight:700;                          color:#fff; text-decoration:none;\">\r\n                    \u041d\u0430\u043f\u0438\u0441\u0430\u0442\u044c \u044d\u043b\u0435\u043a\u0442\u0440\u043e\u043d\u043d\u043e\u0435 \u043f\u0438\u0441\u044c\u043c\u043e \u2192\r\n                <\/a>\r\n\r\n            <\/div>\r\n\r\n            <div style=\"margin-top:35px;\">\r\n                <h3 style=\"font-size:22px; font-weight:700; margin-bottom:10px;\">\u041d\u0430\u0448\u0430 \u043a\u043e\u043d\u0442\u0430\u043a\u0442\u043d\u0430\u044f \u0438\u043d\u0444\u043e\u0440\u043c\u0430\u0446\u0438\u044f<\/h3>\r\n                <p style=\"font-size:16px; color:#555; line-height:1.7;\">\r\n                    <strong>WhatsApp:<\/strong><br>\r\n                    <a href=\"https:\/\/wa.me\/4915211539342\" style=\"color:#111; font-weight:700; text-decoration:none;\" target=\"_blank\" rel=\"noopener\">\r\n                        +4915211539342\r\n                    <\/a>\r\n                    <br><br>\r\n                    <strong>e-mail:<\/strong><br>\r\n                    <a href=\"mailto:majidbuda1@gmail.com\" style=\"color:#111; font-weight:700; text-decoration:none;\">\r\n                        majidbuda1@gmail.com\r\n                    <\/a>\r\n                <\/p>\r\n            <\/div>\r\n\r\n        <\/div>\r\n\r\n        <!-- RIGHT IMAGE -->\r\n        <div style=\"flex:1; min-width:320px;\">\r\n            <img decoding=\"async\" src=\"https:\/\/echtelizenz.com\/wp-content\/uploads\/2024\/04\/WhatsApp-Image-2024-04-21-at-1.07.10-PM-1-1.jpeg\"\r\n                 alt=\"\u041a\u043e\u043d\u0442\u0430\u043a\u0442 \u0441 \u0440\u0435\u0430\u043b\u044c\u043d\u043e\u0439 \u043b\u0438\u0446\u0435\u043d\u0437\u0438\u0435\u0439\" \r\n                 style=\"width:100%; border-radius:14px; box-shadow:0 8px 28px rgba(0,0,0,0.15);\">\r\n        <\/div>\r\n\r\n    <\/div>\r\n<\/section>\r\n\r\n\r\n<!-- MAP SECTION -->\r\n<section style=\"padding:50px 0; background:#f7f7f7;\">\r\n    <div style=\"max-width:1000px; margin:0 auto;\">\r\n\r\n        <h2 style=\"text-align:center; font-size:30px; font-weight:800; color:#111; margin-bottom:25px;\">\r\n            \u041d\u0430\u0448\u0435 \u043c\u0435\u0441\u0442\u043e\u043f\u043e\u043b\u043e\u0436\u0435\u043d\u0438\u0435 (\u0440\u0430\u0431\u043e\u0442\u0430\u0435\u043c \u043f\u043e \u0432\u0441\u0435\u0439 \u0415\u0432\u0440\u043e\u043f\u0435)\r\n        <\/h2>\r\n\r\n        <p style=\"font-size:16px; text-align:center; color:#555; margin-bottom:30px;\">\r\n            \u041c\u044b \u0440\u0430\u0431\u043e\u0442\u0430\u0435\u043c \u043f\u043e \u0432\u0441\u0435\u0439 \u0415\u0432\u0440\u043e\u043f\u0435 - \u043d\u0435\u0437\u0430\u043c\u0435\u0442\u043d\u043e, \u0432 \u0446\u0438\u0444\u0440\u043e\u0432\u043e\u043c \u0444\u043e\u0440\u043c\u0430\u0442\u0435 \u0438 \u0431\u0435\u0437 \u043b\u0438\u0447\u043d\u044b\u0445 \u0432\u0441\u0442\u0440\u0435\u0447.\r\n        <\/p>\r\n\r\n        <iframe \r\n            src=\"https:\/\/www.google.com\/maps\/embed?pb=!1m14!1m12!1m3!1d39297.85076409429!2d9.993!3d53.551!2m3!1f0!2f0!3f0!3m2!1i1024!2i768!4f13.1!5e0!3m2!1sde!2sde!4v1700000000000\"\r\n            width=\"100%\" \r\n            height=\"350\" \r\n            style=\"border:0; border-radius:14px; box-shadow:0 8px 26px rgba(0,0,0,0.12);\" \r\n            allowfullscreen=\"\" \r\n            loading=\"lazy\">\r\n        <\/iframe>\r\n\r\n    <\/div>\r\n<\/section>\r\n\r\n\r\n<!-- CTA BOTTOM -->\r\n<section style=\"padding:60px 20px; background:#111; color:#fff;\">\r\n    <div style=\"max-width:900px; margin:0 auto; text-align:center;\">\r\n\r\n        <h2 style=\"font-size:32px; font-weight:800; margin-bottom:20px;\">\r\n            \u0413\u043e\u0442\u043e\u0432\u044b \u043a \u0431\u044b\u0441\u0442\u0440\u043e\u0439 \u043f\u043e\u043c\u043e\u0449\u0438?\r\n        <\/h2>\r\n\r\n        <p style=\"font-size:18px; line-height:1.7; margin-bottom:30px;\">\r\n            \u0411\u0443\u0434\u044c \u0442\u043e \u0432\u043e\u0434\u0438\u0442\u0435\u043b\u044c\u0441\u043a\u043e\u0435 \u0443\u0434\u043e\u0441\u0442\u043e\u0432\u0435\u0440\u0435\u043d\u0438\u0435, \u043f\u0430\u0441\u043f\u043e\u0440\u0442, \u0441\u0432\u0438\u0434\u0435\u0442\u0435\u043b\u044c\u0441\u0442\u0432\u043e \u043e \u0445\u043e\u0440\u043e\u0448\u0435\u043c \u043f\u043e\u0432\u0435\u0434\u0435\u043d\u0438\u0438 \u0438\u043b\u0438 MPU -\r\n            \u043d\u0430\u0448\u0430 \u043a\u043e\u043c\u0430\u043d\u0434\u0430 \u043e\u043a\u0430\u0436\u0435\u0442 \u0432\u0430\u043c \u043f\u043e\u0434\u0434\u0435\u0440\u0436\u043a\u0443 <strong>\u0441\u0434\u0435\u0440\u0436\u0430\u043d\u043d\u044b\u0439 \u0438 \u043d\u0430\u0434\u0435\u0436\u043d\u044b\u0439<\/strong>.\r\n        <\/p>\r\n\r\n        <a href=\"https:\/\/wa.me\/4915211539342\" style=\"display:inline-block; background:#25D366; padding:15px 30px;                   border-radius:10px; color:#fff; font-size:18px; font-weight:700; text-decoration:none;\" target=\"_blank\" rel=\"noopener\">\r\n            \u041e\u0442\u043a\u0440\u043e\u0439\u0442\u0435 WhatsApp \u043f\u0440\u044f\u043c\u043e \u0441\u0435\u0439\u0447\u0430\u0441 \u2192\r\n        <\/a>\r\n\r\n    <\/div>\r\n<\/section>\r\n\t\t\t\t<\/div>\n\t\t\t\t<\/div>\n\t\t\t\t\t<\/div>\n\t\t<\/div>\n\t\t\t\t\t<\/div>\n\t\t<\/section>\n\t\t\t\t<\/div>","protected":false},"excerpt":{"rendered":"<p>Kontakt \u2013 Wir sind 24\/7 f\u00fcr Sie erreichbar Egal ob F\u00fchrerschein, Reisepass, F\u00fchrungszeugnis oder MPU-Hilfe \u2013 schreiben Sie uns jederzeit. Unser Team antwortet schnell, diskret und zuverl\u00e4ssig. So erreichen Sie uns Wir setzen auf eine direkte, einfache und sichere Kommunikation. Keine Formulare, keine Wartezeiten \u2013 Sie schreiben uns sofort direkt. Nutzen Sie WhatsApp oder E-Mail [&hellip;]<\/p>","protected":false},"author":2,"featured_media":0,"parent":0,"menu_order":0,"comment_status":"closed","ping_status":"closed","template":"elementor_header_footer","meta":{"site-sidebar-layout":"no-sidebar","site-content-layout":"page-builder","ast-site-content-layout":"full-width-container","site-content-style":"default","site-sidebar-style":"default","ast-global-header-display":"","ast-banner-title-visibility":"","ast-main-header-display":"","ast-hfb-above-header-display":"","ast-hfb-below-header-display":"","ast-hfb-mobile-header-display":"","site-post-title":"disabled","ast-breadcrumbs-content":"","ast-featured-img":"disabled","footer-sml-layout":"","theme-transparent-header-meta":"","adv-header-id-meta":"","stick-header-meta":"","header-above-stick-meta":"","header-main-stick-meta":"","header-below-stick-meta":"","astra-migrate-meta-layouts":"set","ast-page-background-enabled":"default","ast-page-background-meta":{"desktop":{"background-color":"var(--ast-global-color-4)","background-image":"","background-repeat":"repeat","background-position":"center center","background-size":"auto","background-attachment":"scroll","background-type":"","background-media":"","overlay-type":"","overlay-color":"","overlay-gradient":""},"tablet":{"background-color":"","background-image":"","background-repeat":"repeat","background-position":"center center","background-size":"auto","background-attachment":"scroll","background-type":"","background-media":"","overlay-type":"","overlay-color":"","overlay-gradient":""},"mobile":{"background-color":"","background-image":"","background-repeat":"repeat","background-position":"center center","background-size":"auto","background-attachment":"scroll","background-type":"","background-media":"","overlay-type":"","overlay-color":"","overlay-gradient":""}},"ast-content-background-meta":{"desktop":{"background-color":"var(--ast-global-color-5)","background-image":"","background-repeat":"repeat","background-position":"center center","background-size":"auto","background-attachment":"scroll","background-type":"","background-media":"","overlay-type":"","overlay-color":"","overlay-gradient":""},"tablet":{"background-color":"var(--ast-global-color-5)","background-image":"","background-repeat":"repeat","background-position":"center center","background-size":"auto","background-attachment":"scroll","background-type":"","background-media":"","overlay-type":"","overlay-color":"","overlay-gradient":""},"mobile":{"background-color":"var(--ast-global-color-5)","background-image":"","background-repeat":"repeat","background-position":"center center","background-size":"auto","background-attachment":"scroll","background-type":"","background-media":"","overlay-type":"","overlay-color":"","overlay-gradient":""}},"footnotes":""},"class_list":["post-2034","page","type-page","status-publish","hentry"],"_links":{"self":[{"href":"https:\/\/echtelizenz.com\/ru\/wp-json\/wp\/v2\/pages\/2034","targetHints":{"allow":["GET"]}}],"collection":[{"href":"https:\/\/echtelizenz.com\/ru\/wp-json\/wp\/v2\/pages"}],"about":[{"href":"https:\/\/echtelizenz.com\/ru\/wp-json\/wp\/v2\/types\/page"}],"author":[{"embeddable":true,"href":"https:\/\/echtelizenz.com\/ru\/wp-json\/wp\/v2\/users\/2"}],"replies":[{"embeddable":true,"href":"https:\/\/echtelizenz.com\/ru\/wp-json\/wp\/v2\/comments?post=2034"}],"version-history":[{"count":8,"href":"https:\/\/echtelizenz.com\/ru\/wp-json\/wp\/v2\/pages\/2034\/revisions"}],"predecessor-version":[{"id":2147,"href":"https:\/\/echtelizenz.com\/ru\/wp-json\/wp\/v2\/pages\/2034\/revisions\/2147"}],"wp:attachment":[{"href":"https:\/\/echtelizenz.com\/ru\/wp-json\/wp\/v2\/media?parent=2034"}],"curies":[{"name":"wp","href":"https:\/\/api.w.org\/{rel}","templated":true}]}}