{"id":2023,"date":"2025-11-14T15:32:30","date_gmt":"2025-11-14T15:32:30","guid":{"rendered":"https:\/\/echtelizenz.com\/?page_id=2023"},"modified":"2025-11-26T18:51:50","modified_gmt":"2025-11-26T18:51:50","slug":"reisepass","status":"publish","type":"page","link":"https:\/\/echtelizenz.com\/ru\/\u043f\u0430\u0441\u043f\u043e\u0440\u0442\/","title":{"rendered":"\u041f\u0430\u0441\u043f\u043e\u0440\u0442\u0430"},"content":{"rendered":"<div data-elementor-type=\"wp-page\" data-elementor-id=\"2023\" class=\"elementor elementor-2023\" data-elementor-post-type=\"page\">\n\t\t\t\t\t\t<section class=\"elementor-section elementor-top-section elementor-element elementor-element-f18ce45 elementor-section-full_width elementor-section-stretched elementor-section-height-default elementor-section-height-default\" data-id=\"f18ce45\" data-element_type=\"section\" data-settings=\"{&quot;stretch_section&quot;:&quot;section-stretched&quot;}\">\n\t\t\t\t\t\t<div class=\"elementor-container elementor-column-gap-default\">\n\t\t\t\t\t<div class=\"elementor-column elementor-col-100 elementor-top-column elementor-element elementor-element-a4bb3c6\" data-id=\"a4bb3c6\" data-element_type=\"column\">\n\t\t\t<div class=\"elementor-widget-wrap elementor-element-populated\">\n\t\t\t\t\t\t<div class=\"elementor-element elementor-element-4810096 elementor-widget elementor-widget-html\" data-id=\"4810096\" data-element_type=\"widget\" data-widget_type=\"html.default\">\n\t\t\t\t<div class=\"elementor-widget-container\">\n\t\t\t\t\t<section style=\"padding:60px 20px; max-width:1200px; margin:0 auto; font-family:Arial, sans-serif;\">\r\n\r\n    <!-- HERO SECTION -->\r\n    <div style=\"display:flex; flex-wrap:wrap; align-items:center; gap:40px;\">\r\n\r\n        <div style=\"flex:1; min-width:300px;\">\r\n            <h1 style=\"font-size:42px; font-weight:800; color:#111; margin-bottom:15px;\">\r\n                \u0415\u0432\u0440\u043e\u043f\u0435\u0439\u0441\u043a\u0438\u0435 \u0438 \u043c\u0435\u0436\u0434\u0443\u043d\u0430\u0440\u043e\u0434\u043d\u044b\u0435 \u043f\u0430\u0441\u043f\u043e\u0440\u0442\u0430 - \u0431\u044b\u0441\u0442\u0440\u043e, \u043d\u0435\u0437\u0430\u043c\u0435\u0442\u043d\u043e \u0438 \u0441 \u043e\u0444\u0438\u0446\u0438\u0430\u043b\u044c\u043d\u043e\u0439 \u0440\u0435\u0433\u0438\u0441\u0442\u0440\u0430\u0446\u0438\u0435\u0439\r\n            <\/h1>\r\n            <p style=\"font-size:18px; color:#444; line-height:1.7;\">\r\n                \u0412\u0430\u043c \u0441\u0440\u043e\u0447\u043d\u043e \u043d\u0443\u0436\u0435\u043d \u043d\u043e\u0432\u044b\u0439 \u043f\u0430\u0441\u043f\u043e\u0440\u0442?  \r\n                \u0411\u0443\u0434\u044c \u0442\u043e \u0413\u0435\u0440\u043c\u0430\u043d\u0438\u044f, \u0410\u0432\u0441\u0442\u0440\u0438\u044f, \u0428\u0432\u0435\u0439\u0446\u0430\u0440\u0438\u044f, \u0441\u0442\u0440\u0430\u043d\u044b \u0415\u0421 \u0438\u043b\u0438 \u043c\u0435\u0436\u0434\u0443\u043d\u0430\u0440\u043e\u0434\u043d\u044b\u0435 \u0441\u0442\u0440\u0430\u043d\u044b, \u0442\u0430\u043a\u0438\u0435 \u043a\u0430\u043a \u0411\u0440\u0430\u0437\u0438\u043b\u0438\u044f:\r\n                \u041c\u044b \u043f\u0440\u0435\u0434\u043b\u0430\u0433\u0430\u0435\u043c <strong>\u0411\u044b\u0441\u0442\u0440\u044b\u0435, \u043d\u0435\u0437\u0430\u043c\u0435\u0442\u043d\u044b\u0435 \u0438 \u0437\u0430\u0440\u0435\u0433\u0438\u0441\u0442\u0440\u0438\u0440\u043e\u0432\u0430\u043d\u043d\u044b\u0435 \u043f\u0430\u0441\u043f\u043e\u0440\u0442\u0430<\/strong>\u0431\u0435\u0437 \u043c\u0435\u0441\u044f\u0446\u0435\u0432 \u043e\u0436\u0438\u0434\u0430\u043d\u0438\u044f\r\n                \u0438\u043b\u0438 \u0441\u043b\u043e\u0436\u043d\u044b\u0445 \u0430\u0434\u043c\u0438\u043d\u0438\u0441\u0442\u0440\u0430\u0442\u0438\u0432\u043d\u044b\u0445 \u043f\u0440\u043e\u0446\u0435\u0434\u0443\u0440.  \r\n                <br><br>\r\n                <strong>100% \u0431\u0435\u0437\u043e\u043f\u0430\u0441\u043d\u043e - 100% \u0437\u0430\u0440\u0435\u0433\u0438\u0441\u0442\u0440\u0438\u0440\u043e\u0432\u0430\u043d\u043e - 100% \u0431\u0435\u0437 \u0441\u0442\u0440\u0435\u0441\u0441\u0430.<\/strong>\r\n            <\/p>\r\n\r\n            <a href=\"https:\/\/wa.me\/4915211539342\" style=\"display:inline-block; margin-top:20px; background:#111; color:#fff; padding:14px 26px;                      border-radius:10px; font-size:18px; font-weight:700; text-decoration:none;\" target=\"_blank\" rel=\"noopener\">\r\n                \u041f\u043e\u043b\u0443\u0447\u0438\u0442\u0435 \u043a\u043e\u043d\u0441\u0443\u043b\u044c\u0442\u0430\u0446\u0438\u044e \u0447\u0435\u0440\u0435\u0437 WhatsApp \u043f\u0440\u044f\u043c\u043e \u0441\u0435\u0439\u0447\u0430\u0441 \u2192\r\n            <\/a>\r\n        <\/div>\r\n\r\n        <div style=\"flex:1; min-width:300px;\">\r\n            <img decoding=\"async\" src=\"https:\/\/echtelizenz.com\/wp-content\/uploads\/2025\/11\/barzil-passport-.jpg\"\r\n                 style=\"width:100%; border-radius:12px; box-shadow:0 10px 26px rgba(0,0,0,0.12);\" \r\n                 alt=\"\u0417\u0430\u0433\u0440\u0430\u043d\u0438\u0447\u043d\u044b\u0439 \u043f\u0430\u0441\u043f\u043e\u0440\u0442\">\r\n        <\/div>\r\n\r\n    <\/div>\r\n<\/section>\r\n\r\n\r\n<!-- SECTION: COUNTRY LIST -->\r\n<section style=\"padding:60px 20px; background:#f7f7f7; font-family:Arial, sans-serif;\">\r\n    <div style=\"max-width:1100px; margin:0 auto;\">\r\n\r\n        <h2 style=\"font-size:34px; font-weight:800; text-align:center; margin-bottom:15px;\">\r\n            \u0414\u043e\u0441\u0442\u0443\u043f\u043d\u044b\u0435 \u043f\u0430\u0441\u043f\u043e\u0440\u0442\u0430 - \u0435\u0432\u0440\u043e\u043f\u0435\u0439\u0441\u043a\u0438\u0439, \u0448\u0435\u043d\u0433\u0435\u043d\u0441\u043a\u0438\u0439 \u0438 \u043c\u0435\u0436\u0434\u0443\u043d\u0430\u0440\u043e\u0434\u043d\u044b\u0439\r\n        <\/h2>\r\n        <p style=\"font-size:17px; color:#555; text-align:center; max-width:750px; margin:0 auto 40px;\">\r\n            \u0412\u0441\u0435 \u043f\u0430\u0441\u043f\u043e\u0440\u0442\u0430 <strong>\u0440\u0435\u0433\u0438\u0441\u0442\u0440\u0438\u0440\u0443\u0435\u0442\u0441\u044f, \u0441\u043a\u0430\u043d\u0438\u0440\u0443\u0435\u0442\u0441\u044f \u0438 \u0432\u043d\u043e\u0441\u0438\u0442\u0441\u044f \u0432 \u0431\u0430\u0437\u0443 \u0434\u0430\u043d\u043d\u044b\u0445<\/strong>.  \r\n            \u041d\u0438\u043a\u0430\u043a\u0438\u0445 \u0434\u0435\u0448\u0435\u0432\u044b\u0445 \u043f\u043e\u0434\u0434\u0435\u043b\u043e\u043a, \u043d\u0438\u043a\u0430\u043a\u0438\u0445 \u043a\u043e\u043f\u0438\u0439 - \u043d\u0430\u0441\u0442\u043e\u044f\u0449\u0438\u0435 \u043f\u0430\u0441\u043f\u043e\u0440\u0442\u0430 \u0441 \u043f\u043e\u043b\u043d\u043e\u0439 \u0444\u0443\u043d\u043a\u0446\u0438\u043e\u043d\u0430\u043b\u044c\u043d\u043e\u0441\u0442\u044c\u044e.\r\n        <\/p>\r\n\r\n        <div style=\"display:grid; grid-template-columns:repeat(auto-fit,minmax(250px,1fr)); gap:25px;\">\r\n\r\n            <div style=\"background:#fff; padding:20px; border-radius:12px; box-shadow:0 4px 14px rgba(0,0,0,0.08);\">\r\n                <h3 style=\"font-size:20px; font-weight:700;\">\ud83c\udde9\ud83c\uddea \u041d\u0435\u043c\u0435\u0446\u043a\u0438\u0439 \u043f\u0430\u0441\u043f\u043e\u0440\u0442<\/h3>\r\n                <p style=\"font-size:15px; color:#444;\">\u0411\u0438\u043e\u043c\u0435\u0442\u0440\u0438\u0447\u0435\u0441\u043a\u0438\u0435 - \u0417\u0430\u0440\u0435\u0433\u0438\u0441\u0442\u0440\u0438\u0440\u043e\u0432\u0430\u043d\u043d\u044b\u0435 \u0432 \u0431\u0430\u0437\u0435 \u0434\u0430\u043d\u043d\u044b\u0445 - \u0414\u0435\u0439\u0441\u0442\u0432\u0438\u0442\u0435\u043b\u044c\u043d\u044b \u043f\u043e \u0432\u0441\u0435\u043c\u0443 \u043c\u0438\u0440\u0443<\/p>\r\n            <\/div>\r\n\r\n            <div style=\"background:#fff; padding:20px; border-radius:12px; box-shadow:0 4px 14px rgba(0,0,0,0.08);\">\r\n                <h3 style=\"font-size:20px; font-weight:700;\">\ud83c\udde6\ud83c\uddf9 \u0410\u0432\u0441\u0442\u0440\u0438\u0439\u0441\u043a\u0438\u0439 \u043f\u0430\u0441\u043f\u043e\u0440\u0442<\/h3>\r\n                <p style=\"font-size:15px; color:#444;\">\u041f\u0430\u0441\u043f\u043e\u0440\u0442 \u043f\u0440\u0435\u043c\u0438\u0443\u043c-\u043a\u043b\u0430\u0441\u0441\u0430 \u0415\u0421 - \u0432\u044b\u0441\u043e\u043a\u0430\u044f \u0441\u0442\u0435\u043f\u0435\u043d\u044c \u0441\u0432\u043e\u0431\u043e\u0434\u044b \u0432\u0438\u0437\u043e\u0432\u043e\u0433\u043e \u0440\u0435\u0436\u0438\u043c\u0430<\/p>\r\n            <\/div>\r\n\r\n            <div style=\"background:#fff; padding:20px; border-radius:12px; box-shadow:0 4px 14px rgba(0,0,0,0.08);\">\r\n                <h3 style=\"font-size:20px; font-weight:700;\">\ud83c\udde8\ud83c\udded \u0428\u0432\u0435\u0439\u0446\u0430\u0440\u0441\u043a\u0438\u0439 \u043f\u0430\u0441\u043f\u043e\u0440\u0442<\/h3>\r\n                <p style=\"font-size:15px; color:#444;\">\u042d\u043b\u0435\u043a\u0442\u0440\u043e\u043d\u043d\u044b\u0439 \u043f\u0430\u0441\u043f\u043e\u0440\u0442 \u0428\u0432\u0435\u0439\u0446\u0430\u0440\u0438\u0438 - \u043c\u0430\u043a\u0441\u0438\u043c\u0430\u043b\u044c\u043d\u0430\u044f \u0431\u0435\u0437\u043e\u043f\u0430\u0441\u043d\u043e\u0441\u0442\u044c<\/p>\r\n            <\/div>\r\n\r\n            <div style=\"background:#fff; padding:20px; border-radius:12px; box-shadow:0 4px 14px rgba(0,0,0,0.08);\">\r\n                <h3 style=\"font-size:20px; font-weight:700;\">\ud83c\udde7\ud83c\uddf7 \u0411\u0440\u0430\u0437\u0438\u043b\u044c\u0441\u043a\u0438\u0439 \u043f\u0430\u0441\u043f\u043e\u0440\u0442<\/h3>\r\n                <p style=\"font-size:15px; color:#444;\">\u041f\u043e\u043f\u0443\u043b\u044f\u0440\u043d\u043e\u0441\u0442\u044c \u043f\u0440\u0430\u0432\u0430 \u043d\u0430 \u043f\u0440\u043e\u0436\u0438\u0432\u0430\u043d\u0438\u0435 \u0438 \u0432\u0438\u0437\u043e\u0432\u043e\u0439 \u0441\u0432\u043e\u0431\u043e\u0434\u044b<\/p>\r\n            <\/div>\r\n\r\n            <div style=\"background:#fff; padding:20px; border-radius:12px; box-shadow:0 4px 14px rgba(0,0,0,0.08);\">\r\n                <h3 style=\"font-size:20px; font-weight:700;\">\u0428\u0435\u043d\u0433\u0435\u043d\u0441\u043a\u0438\u0435 \u043f\u0430\u0441\u043f\u043e\u0440\u0442\u0430 \u0415\u0421<\/h3>\r\n                <p style=\"font-size:15px; color:#444;\">\u0421\u043b\u043e\u0432\u0435\u043d\u0438\u044f - \u0418\u0442\u0430\u043b\u0438\u044f - \u0418\u0441\u043f\u0430\u043d\u0438\u044f - \u0424\u0440\u0430\u043d\u0446\u0438\u044f - \u0411\u0435\u043b\u044c\u0433\u0438\u044f \u0438 \u043c\u043d\u043e\u0433\u0438\u0435 \u0434\u0440\u0443\u0433\u0438\u0435.<\/p>\r\n            <\/div>\r\n\r\n            <div style=\"background:#fff; padding:20px; border-radius:12px; box-shadow:0 4px 14px rgba(0,0,0,0.08);\">\r\n                <h3 style=\"font-size:20px; font-weight:700;\">\u0412\u0435\u043b\u0438\u043a\u043e\u0431\u0440\u0438\u0442\u0430\u043d\u0438\u044f, \u041a\u0430\u043d\u0430\u0434\u0430 \u0438 \u0421\u0428\u0410<\/h3>\r\n                <p style=\"font-size:15px; color:#444;\">\u0412\u044b\u0441\u043e\u043a\u043e\u043a\u0430\u0447\u0435\u0441\u0442\u0432\u0435\u043d\u043d\u044b\u0435 \u0437\u0430\u0433\u0440\u0430\u043d\u043f\u0430\u0441\u043f\u043e\u0440\u0442\u0430<\/p>\r\n            <\/div>\r\n\r\n        <\/div>\r\n\r\n    <\/div>\r\n<\/section>\r\n\r\n\r\n<!-- SERVICE INFO -->\r\n<section style=\"padding:60px 20px; font-family:Arial, sans-serif;\">\r\n    <div style=\"max-width:1100px; margin:0 auto; display:flex; flex-wrap:wrap; gap:40px; align-items:center;\">\r\n\r\n        <div style=\"flex:1; min-width:300px;\">\r\n            <img decoding=\"async\" src=\"https:\/\/echtelizenz.com\/wp-content\/uploads\/2023\/11\/buy-german-passport-online.jpg\"\r\n                 style=\"width:100%; border-radius:14px; box-shadow:0 10px 30px rgba(0,0,0,0.12);\">\r\n        <\/div>\r\n\r\n        <div style=\"flex:1; min-width:300px;\">\r\n            <h2 style=\"font-size:32px; font-weight:800; margin-bottom:15px;\">\r\n                \u041a\u0430\u043a \u0440\u0430\u0431\u043e\u0442\u0430\u0435\u0442 \u043d\u0430\u0448\u0430 \u043f\u0430\u0441\u043f\u043e\u0440\u0442\u043d\u0430\u044f \u0441\u043b\u0443\u0436\u0431\u0430\r\n            <\/h2>\r\n\r\n            <ul style=\"font-size:17px; color:#444; line-height:1.7; padding-left:20px;\">\r\n                <li><strong>\u0411\u044b\u0441\u0442\u0440\u0430\u044f \u043e\u0431\u0440\u0430\u0431\u043e\u0442\u043a\u0430<\/strong> - \u041e\u0442 3 \u0434\u043e 10 \u0434\u043d\u0435\u0439 \u0432 \u0437\u0430\u0432\u0438\u0441\u0438\u043c\u043e\u0441\u0442\u0438 \u043e\u0442 \u0441\u0442\u0440\u0430\u043d\u044b<\/li>\r\n                <li><strong>100% \u0437\u0430\u0440\u0435\u0433\u0438\u0441\u0442\u0440\u0438\u0440\u043e\u0432\u0430\u043d<\/strong> - \u0431\u0438\u043e\u043c\u0435\u0442\u0440\u0438\u0447\u0435\u0441\u043a\u0438\u0439 \u0438 \u0432\u0435\u0440\u0438\u0444\u0438\u0446\u0438\u0440\u0443\u0435\u043c\u044b\u0439<\/li>\r\n                <li><strong>\u041d\u0438\u043a\u0430\u043a\u0438\u0445 \u0432\u0441\u0442\u0440\u0435\u0447 \u0432 \u043f\u043e\u0441\u043e\u043b\u044c\u0441\u0442\u0432\u0435<\/strong>\u043e\u0442\u0441\u0443\u0442\u0441\u0442\u0432\u0438\u0435 \u0434\u043b\u0438\u0442\u0435\u043b\u044c\u043d\u043e\u0433\u043e \u043e\u0436\u0438\u0434\u0430\u043d\u0438\u044f<\/li>\r\n                <li><strong>\u041f\u043e\u043b\u043d\u0430\u044f \u0441\u0432\u043e\u0431\u043e\u0434\u0430 \u0434\u0435\u0439\u0441\u0442\u0432\u0438\u0439<\/strong> - \u0412\u0430\u0448\u0438 \u0434\u0430\u043d\u043d\u044b\u0435 \u0437\u0430\u0449\u0438\u0449\u0435\u043d\u044b<\/li>\r\n                <li><strong>\u0412\u0432\u043e\u0434 \u0434\u0430\u043d\u043d\u044b\u0445 \u0432 \u0431\u0430\u0437\u0443 \u0434\u0430\u043d\u043d\u044b\u0445<\/strong> \u043a\u0430\u043a \u0438 \u0432 \u0441\u043b\u0443\u0447\u0430\u0435 \u0441 \u043d\u0430\u0441\u0442\u043e\u044f\u0449\u0438\u043c\u0438 \u0433\u043e\u0441\u0443\u0434\u0430\u0440\u0441\u0442\u0432\u0435\u043d\u043d\u044b\u043c\u0438 \u043f\u0430\u0441\u043f\u043e\u0440\u0442\u0430\u043c\u0438<\/li>\r\n                <li><strong>\u0418\u0434\u0435\u0430\u043b\u044c\u043d\u043e \u043f\u043e\u0434\u0445\u043e\u0434\u0438\u0442 \u0434\u043b\u044f \u043f\u0443\u0442\u0435\u0448\u0435\u0441\u0442\u0432\u0438\u0439, \u043f\u0440\u0435\u0431\u044b\u0432\u0430\u043d\u0438\u044f, \u0447\u0440\u0435\u0437\u0432\u044b\u0447\u0430\u0439\u043d\u044b\u0445 \u0441\u0438\u0442\u0443\u0430\u0446\u0438\u0439 \u0438\u043b\u0438 \u0443\u0442\u0435\u0440\u0438 \u043f\u0430\u0441\u043f\u043e\u0440\u0442\u0430<\/strong><\/li>\r\n            <\/ul>\r\n        <\/div>\r\n\r\n    <\/div>\r\n<\/section>\r\n\r\n\r\n<!-- IMAGE SECTION 3 -->\r\n<section style=\"padding:60px 20px; background:#f7f7f7;\">\r\n    <div style=\"max-width:900px; margin:0 auto;\">\r\n        <img decoding=\"async\" src=\"https:\/\/echtelizenz.com\/wp-content\/uploads\/2023\/07\/Buy-Austrian-passport-online-now.jpg\"\r\n             style=\"width:100%; border-radius:14px; box-shadow:0 12px 32px rgba(0,0,0,0.15);\">\r\n    <\/div>\r\n<\/section>\r\n\r\n\r\n<!-- FAQ -->\r\n<section style=\"padding:60px 20px; font-family:Arial, sans-serif;\">\r\n    <div style=\"max-width:900px; margin:0 auto;\">\r\n\r\n        <h2 style=\"font-size:34px; font-weight:800; margin-bottom:20px;\">\u0427\u0430\u0441\u0442\u043e \u0437\u0430\u0434\u0430\u0432\u0430\u0435\u043c\u044b\u0435 \u0432\u043e\u043f\u0440\u043e\u0441\u044b<\/h2>\r\n\r\n        <h3 style=\"font-size:20px; font-weight:700;\">\u0417\u0430\u0440\u0435\u0433\u0438\u0441\u0442\u0440\u0438\u0440\u043e\u0432\u0430\u043d\u044b \u043b\u0438 \u043f\u0430\u0441\u043f\u043e\u0440\u0442\u0430?<\/h3>\r\n        <p style=\"font-size:16px; color:#444;\">\u0414\u0430, \u043a\u0430\u0436\u0434\u044b\u0439 \u043f\u0440\u043e\u043f\u0443\u0441\u043a \u0432\u043d\u0435\u0441\u0435\u043d \u0432 \u0441\u0438\u0441\u0442\u0435\u043c\u0443 \u0438 \u043f\u043e\u043b\u043d\u043e\u0441\u0442\u044c\u044e \u0444\u0443\u043d\u043a\u0446\u0438\u043e\u043d\u0438\u0440\u0443\u0435\u0442.<\/p>\r\n\r\n        <h3 style=\"font-size:20px; font-weight:700;\">\u041a\u0430\u043a \u0434\u043e\u043b\u0433\u043e \u0434\u043b\u0438\u0442\u0441\u044f \u0432\u044b\u0441\u0442\u0430\u0432\u043a\u0430?<\/h3>\r\n        <p style=\"font-size:16px; color:#444;\">\u041e\u0442 3 \u0434\u043e 10 \u0434\u043d\u0435\u0439 - \u0432 \u0437\u0430\u0432\u0438\u0441\u0438\u043c\u043e\u0441\u0442\u0438 \u043e\u0442 \u0441\u0442\u0440\u0430\u043d\u044b \u0438 \u043a\u0430\u0442\u0435\u0433\u043e\u0440\u0438\u0438.<\/p>\r\n\r\n        <h3 style=\"font-size:20px; font-weight:700;\">\u041c\u043e\u0433\u0443 \u043b\u0438 \u044f \u043f\u0443\u0442\u0435\u0448\u0435\u0441\u0442\u0432\u043e\u0432\u0430\u0442\u044c \u0441 \u043d\u0438\u043c?<\/h3>\r\n        <p style=\"font-size:16px; color:#444;\">\u0414\u0430, \u0432\u0441\u0435 \u043f\u0430\u0441\u043f\u043e\u0440\u0442\u0430 \u043c\u043e\u0433\u0443\u0442 \u0431\u044b\u0442\u044c \u043e\u0442\u0441\u043a\u0430\u043d\u0438\u0440\u043e\u0432\u0430\u043d\u044b \u043f\u043e \u0432\u0441\u0435\u043c\u0443 \u043c\u0438\u0440\u0443 \u0438 \u0438\u043c\u0435\u044e\u0442 \u0431\u0438\u043e\u043c\u0435\u0442\u0440\u0438\u0447\u0435\u0441\u043a\u0443\u044e \u0441\u0438\u043b\u0443.<\/p>\r\n\r\n        <h3 style=\"font-size:20px; font-weight:700;\">\u0417\u0430\u0449\u0438\u0449\u0435\u043d\u0430 \u043b\u0438 \u043c\u043e\u044f \u043b\u0438\u0447\u043d\u043e\u0441\u0442\u044c?<\/h3>\r\n        <p style=\"font-size:16px; color:#444;\">100% \u043a\u043e\u043d\u0444\u0438\u0434\u0435\u043d\u0446\u0438\u0430\u043b\u044c\u043d\u0430\u044f \u043e\u0431\u0440\u0430\u0431\u043e\u0442\u043a\u0430. \u041d\u0438\u043a\u043e\u0433\u0434\u0430 \u043d\u0435 \u043f\u0435\u0440\u0435\u0434\u0430\u0432\u0430\u0439\u0442\u0435 \u0434\u0430\u043d\u043d\u044b\u0435.<\/p>\r\n\r\n        <h3 style=\"font-size:20px; font-weight:700;\">\u041a\u0430\u043a \u044f \u043c\u043e\u0433\u0443 \u0441\u0434\u0435\u043b\u0430\u0442\u044c \u0437\u0430\u043a\u0430\u0437?<\/h3>\r\n        <p style=\"font-size:16px; color:#444;\">\r\n            \u041f\u0440\u043e\u0441\u0442\u043e \u0447\u0435\u0440\u0435\u0437 WhatsApp \u0438\u043b\u0438 \u044d\u043b\u0435\u043a\u0442\u0440\u043e\u043d\u043d\u0443\u044e \u043f\u043e\u0447\u0442\u0443.  \r\n            \u041c\u044b \u043e\u0431\u044a\u044f\u0441\u043d\u0438\u043c \u0432\u0430\u043c \u043a\u0430\u0436\u0434\u044b\u0439 \u0448\u0430\u0433, \u043d\u0435 \u0441\u0442\u0435\u0441\u043d\u044f\u044f\u0441\u044c \u0438 \u043e\u0431\u0435\u0441\u043f\u0435\u0447\u0438\u0432\u0430\u044f \u0431\u0435\u0437\u043e\u043f\u0430\u0441\u043d\u043e\u0441\u0442\u044c.\r\n        <\/p>\r\n    <\/div>\r\n<\/section>\r\n\r\n\r\n<!-- FAQ SCHEMA -->\r\n<script type=\"application\/ld+json\">{\n    \"@context\": \"https:\\\/\\\/schema.org\",\n    \"@type\": \"FAQPage\",\n    \"mainEntity\": [\n        {\n            \"@type\": \"Question\",\n            \"name\": \"Sind die Reisep\\u00e4sse registriert?\",\n            \"acceptedAnswer\": {\n                \"@type\": \"Answer\",\n                \"text\": \"Ja. Jeder Pass ist biometrisch, registriert und weltweit g\\u00fcltig.\"\n            }\n        },\n        {\n            \"@type\": \"Question\",\n            \"name\": \"Wie lange dauert die Ausstellung?\",\n            \"acceptedAnswer\": {\n                \"@type\": \"Answer\",\n                \"text\": \"3 bis 10 Tage \\u2013 je nach Land und Bearbeitungsstufe.\"\n            }\n        },\n        {\n            \"@type\": \"Question\",\n            \"name\": \"Kann ich mit dem Pass reisen?\",\n            \"acceptedAnswer\": {\n                \"@type\": \"Answer\",\n                \"text\": \"Ja. Alle P\\u00e4sse sind scannbar und vollst\\u00e4ndig funktionsf\\u00e4hig.\"\n            }\n        },\n        {\n            \"@type\": \"Question\",\n            \"name\": \"Wie l\\u00e4uft die Bestellung ab?\",\n            \"acceptedAnswer\": {\n                \"@type\": \"Answer\",\n                \"text\": \"Kontakt per WhatsApp, Datenerfassung, sichere Bearbeitung & schnelle Lieferung.\"\n            }\n        }\n    ]\n}<\/script>\r\n\t\t\t\t<\/div>\n\t\t\t\t<\/div>\n\t\t\t\t\t<\/div>\n\t\t<\/div>\n\t\t\t\t\t<\/div>\n\t\t<\/section>\n\t\t\t\t<\/div>","protected":false},"excerpt":{"rendered":"<p>Reisep\u00e4sse Europa &#038; International \u2013 Schnell, Diskret &#038; Offiziell Registriert Sie ben\u00f6tigen dringend einen neuen Reisepass? Ob Deutschland, \u00d6sterreich, Schweiz, EU-Staaten oder internationale L\u00e4nder wie Brasilien: Wir bieten schnelle, diskrete &#038; registrierte Reisep\u00e4sse, ohne monatelange Wartezeiten oder komplizierte Beh\u00f6rdeng\u00e4nge. 100% sicher \u2013 100% registriert \u2013 100% stressfrei. Jetzt per WhatsApp beraten lassen \u2192 Verf\u00fcgbare Reisep\u00e4sse [&hellip;]<\/p>","protected":false},"author":2,"featured_media":0,"parent":0,"menu_order":0,"comment_status":"closed","ping_status":"closed","template":"elementor_header_footer","meta":{"site-sidebar-layout":"no-sidebar","site-content-layout":"page-builder","ast-site-content-layout":"full-width-container","site-content-style":"default","site-sidebar-style":"default","ast-global-header-display":"","ast-banner-title-visibility":"","ast-main-header-display":"","ast-hfb-above-header-display":"","ast-hfb-below-header-display":"","ast-hfb-mobile-header-display":"","site-post-title":"disabled","ast-breadcrumbs-content":"","ast-featured-img":"disabled","footer-sml-layout":"","theme-transparent-header-meta":"","adv-header-id-meta":"","stick-header-meta":"","header-above-stick-meta":"","header-main-stick-meta":"","header-below-stick-meta":"","astra-migrate-meta-layouts":"set","ast-page-background-enabled":"default","ast-page-background-meta":{"desktop":{"background-color":"var(--ast-global-color-4)","background-image":"","background-repeat":"repeat","background-position":"center center","background-size":"auto","background-attachment":"scroll","background-type":"","background-media":"","overlay-type":"","overlay-color":"","overlay-gradient":""},"tablet":{"background-color":"","background-image":"","background-repeat":"repeat","background-position":"center center","background-size":"auto","background-attachment":"scroll","background-type":"","background-media":"","overlay-type":"","overlay-color":"","overlay-gradient":""},"mobile":{"background-color":"","background-image":"","background-repeat":"repeat","background-position":"center center","background-size":"auto","background-attachment":"scroll","background-type":"","background-media":"","overlay-type":"","overlay-color":"","overlay-gradient":""}},"ast-content-background-meta":{"desktop":{"background-color":"var(--ast-global-color-5)","background-image":"","background-repeat":"repeat","background-position":"center center","background-size":"auto","background-attachment":"scroll","background-type":"","background-media":"","overlay-type":"","overlay-color":"","overlay-gradient":""},"tablet":{"background-color":"var(--ast-global-color-5)","background-image":"","background-repeat":"repeat","background-position":"center center","background-size":"auto","background-attachment":"scroll","background-type":"","background-media":"","overlay-type":"","overlay-color":"","overlay-gradient":""},"mobile":{"background-color":"var(--ast-global-color-5)","background-image":"","background-repeat":"repeat","background-position":"center center","background-size":"auto","background-attachment":"scroll","background-type":"","background-media":"","overlay-type":"","overlay-color":"","overlay-gradient":""}},"footnotes":""},"class_list":["post-2023","page","type-page","status-publish","hentry"],"_links":{"self":[{"href":"https:\/\/echtelizenz.com\/ru\/wp-json\/wp\/v2\/pages\/2023","targetHints":{"allow":["GET"]}}],"collection":[{"href":"https:\/\/echtelizenz.com\/ru\/wp-json\/wp\/v2\/pages"}],"about":[{"href":"https:\/\/echtelizenz.com\/ru\/wp-json\/wp\/v2\/types\/page"}],"author":[{"embeddable":true,"href":"https:\/\/echtelizenz.com\/ru\/wp-json\/wp\/v2\/users\/2"}],"replies":[{"embeddable":true,"href":"https:\/\/echtelizenz.com\/ru\/wp-json\/wp\/v2\/comments?post=2023"}],"version-history":[{"count":7,"href":"https:\/\/echtelizenz.com\/ru\/wp-json\/wp\/v2\/pages\/2023\/revisions"}],"predecessor-version":[{"id":2132,"href":"https:\/\/echtelizenz.com\/ru\/wp-json\/wp\/v2\/pages\/2023\/revisions\/2132"}],"wp:attachment":[{"href":"https:\/\/echtelizenz.com\/ru\/wp-json\/wp\/v2\/media?parent=2023"}],"curies":[{"name":"wp","href":"https:\/\/api.w.org\/{rel}","templated":true}]}}