{"id":1317,"date":"2025-11-14T15:28:57","date_gmt":"2025-11-14T15:28:57","guid":{"rendered":"https:\/\/echtelizenz.com\/services\/"},"modified":"2025-11-14T15:29:11","modified_gmt":"2025-11-14T15:29:11","slug":"dienstleistungen","status":"publish","type":"page","link":"https:\/\/echtelizenz.com\/ru\/\u0443\u0441\u043b\u0443\u0433\u0438\/","title":{"rendered":"\u0443\u0441\u043b\u0443\u0433\u0438"},"content":{"rendered":"<div data-elementor-type=\"wp-page\" data-elementor-id=\"1317\" class=\"elementor elementor-1317\" data-elementor-post-type=\"page\">\n\t\t\t\t\t\t<section class=\"elementor-section elementor-top-section elementor-element elementor-element-ae86df6 elementor-section-full_width elementor-section-stretched elementor-section-height-default elementor-section-height-default\" data-id=\"ae86df6\" data-element_type=\"section\" data-settings=\"{&quot;stretch_section&quot;:&quot;section-stretched&quot;}\">\n\t\t\t\t\t\t<div class=\"elementor-container elementor-column-gap-default\">\n\t\t\t\t\t<div class=\"elementor-column elementor-col-100 elementor-top-column elementor-element elementor-element-9219c8d\" data-id=\"9219c8d\" data-element_type=\"column\">\n\t\t\t<div class=\"elementor-widget-wrap elementor-element-populated\">\n\t\t\t\t\t\t<div class=\"elementor-element elementor-element-e931e78 elementor-widget elementor-widget-html\" data-id=\"e931e78\" data-element_type=\"widget\" data-widget_type=\"html.default\">\n\t\t\t\t<div class=\"elementor-widget-container\">\n\t\t\t\t\t<section style=\"padding:60px 20px; max-width:1200px; margin:0 auto; font-family:Arial, sans-serif;\">\r\n\r\n    <!-- HEADLINE -->\r\n    <h1 style=\"font-size:40px; font-weight:800; text-align:center; margin-bottom:20px; color:#111;\">\r\n        \u041d\u0430\u0448\u0438 \u0443\u0441\u043b\u0443\u0433\u0438 - \u0431\u044b\u0441\u0442\u0440\u043e, \u043d\u0430\u0434\u0435\u0436\u043d\u043e \u0438 \u0431\u0435\u0437 \u0431\u044e\u0440\u043e\u043a\u0440\u0430\u0442\u0438\u0438\r\n    <\/h1>\r\n\r\n    <p style=\"font-size:18px; color:#444; text-align:center; max-width:800px; margin:0 auto 50px; line-height:1.7;\">\r\n        \u041c\u044b \u043f\u043e\u043c\u043e\u0433\u0430\u0435\u043c \u0436\u0438\u0442\u0435\u043b\u044f\u043c \u0413\u0435\u0440\u043c\u0430\u043d\u0438\u0438, \u0410\u0432\u0441\u0442\u0440\u0438\u0438 \u0438 \u0428\u0432\u0435\u0439\u0446\u0430\u0440\u0438\u0438 \u0431\u044b\u0441\u0442\u0440\u043e \u043f\u043e\u043b\u0443\u0447\u0438\u0442\u044c \u0432\u0430\u0436\u043d\u044b\u0435 \u0434\u043e\u043a\u0443\u043c\u0435\u043d\u0442\u044b,\r\n        \u0431\u0435\u0437\u043e\u043f\u0430\u0441\u043d\u043e \u0438 \u0431\u0435\u0437 \u043b\u0438\u0448\u043d\u0438\u0445 \u043e\u0444\u0438\u0446\u0438\u0430\u043b\u044c\u043d\u044b\u0445 \u043f\u0440\u043e\u0432\u043e\u043b\u043e\u0447\u0435\u043a.  \r\n        \u0412\u0441\u0435 \u0443\u0441\u043b\u0443\u0433\u0438 \u043d\u0435\u043d\u0430\u0432\u044f\u0437\u0447\u0438\u0432\u044b, \u043d\u0430\u0434\u0435\u0436\u043d\u044b \u0438 \u043f\u0440\u0435\u0434\u043e\u0441\u0442\u0430\u0432\u043b\u044f\u044e\u0442\u0441\u044f \u043d\u0430 \u0441\u043f\u0440\u0430\u0432\u0435\u0434\u043b\u0438\u0432\u044b\u0445 \u0443\u0441\u043b\u043e\u0432\u0438\u044f\u0445.\r\n    <\/p>\r\n\r\n    <!-- SERVICES GRID -->\r\n    <div style=\"display:grid; grid-template-columns:repeat(auto-fit, minmax(280px,1fr)); gap:30px;\">\r\n\r\n\r\n        <!-- CARD 1 -->\r\n        <div style=\"background:#f8f8f8; border-radius:12px; box-shadow:0 4px 14px rgba(0,0,0,0.08); padding:20px;\">\r\n            <img decoding=\"async\" src=\"https:\/\/echtelizenz.com\/wp-content\/uploads\/2023\/07\/Buy-German-drivers-license-1.jpg\"\r\n                 style=\"width:100%; border-radius:10px; margin-bottom:15px;\">\r\n            <h3 style=\"font-size:22px; font-weight:700; color:#111;\">\u0412\u043e\u0434\u0438\u0442\u0435\u043b\u044c\u0441\u043a\u043e\u0435 \u0443\u0434\u043e\u0441\u0442\u043e\u0432\u0435\u0440\u0435\u043d\u0438\u0435 \u0413\u0435\u0440\u043c\u0430\u043d\u0438\u044f<\/h3>\r\n            <p style=\"font-size:16px; color:#555; line-height:1.6;\">\r\n                \u0411\u044b\u0441\u0442\u0440\u043e\u0435 \u043f\u043e\u043b\u0443\u0447\u0435\u043d\u0438\u0435 \u043d\u0435\u043c\u0435\u0446\u043a\u043e\u0433\u043e \u0432\u043e\u0434\u0438\u0442\u0435\u043b\u044c\u0441\u043a\u043e\u0433\u043e \u0443\u0434\u043e\u0441\u0442\u043e\u0432\u0435\u0440\u0435\u043d\u0438\u044f \u0431\u0435\u0437 \u0445\u043b\u043e\u043f\u043e\u0442, \u0441\u0432\u044f\u0437\u0430\u043d\u043d\u044b\u0445 \u0441 \u043e\u0431\u0449\u0435\u043d\u0438\u0435\u043c \u0441 \u0432\u043b\u0430\u0441\u0442\u044f\u043c\u0438.\r\n                \u0418\u0434\u0435\u0430\u043b\u044c\u043d\u043e \u043f\u043e\u0434\u0445\u043e\u0434\u0438\u0442 \u0432 \u0441\u043b\u0443\u0447\u0430\u0435 \u0443\u0442\u0435\u0440\u0438, \u043f\u0435\u0440\u0435\u0434\u0430\u0447\u0438 \u0438\u043b\u0438 \u043f\u0440\u043e\u0431\u043b\u0435\u043c \u0441 \u044d\u043a\u0437\u0430\u043c\u0435\u043d\u0430\u043c\u0438.\r\n            <\/p>\r\n            <a href=\"https:\/\/echtelizenz.com\/ru\/\u043d\u0435\u043c\u0435\u0446\u043a\u0438\u0435-\u0432\u043e\u0434\u0438\u0442\u0435\u043b\u044c\u0441\u043a\u0438\u0435-\u043f\u0440\u0430\u0432\u0430\/\"\r\n               style=\"display:inline-block; margin-top:15px; background:#111; color:#fff; padding:12px 20px;                      border-radius:8px; text-decoration:none; font-weight:700;\">\r\n                \u041f\u043e\u0441\u043c\u043e\u0442\u0440\u0435\u0442\u044c \u0441\u0435\u0439\u0447\u0430\u0441 \u2192\r\n            <\/a>\r\n        <\/div>\r\n\r\n\r\n        <!-- CARD 2 -->\r\n        <div style=\"background:#f8f8f8; border-radius:12px; box-shadow:0 4px 14px rgba(0,0,0,0.08); padding:20px;\">\r\n            <img decoding=\"async\" src=\"https:\/\/echtelizenz.com\/wp-content\/uploads\/2023\/07\/Austrian-drivers-license-near-me-1.png\"\r\n                 style=\"width:100%; border-radius:10px; margin-bottom:15px;\">\r\n            <h3 style=\"font-size:22px; font-weight:700; color:#111;\">\u0412\u043e\u0434\u0438\u0442\u0435\u043b\u044c\u0441\u043a\u043e\u0435 \u0443\u0434\u043e\u0441\u0442\u043e\u0432\u0435\u0440\u0435\u043d\u0438\u0435 \u0410\u0432\u0441\u0442\u0440\u0438\u044f<\/h3>\r\n            <p style=\"font-size:16px; color:#555; line-height:1.6;\">\r\n                \u0410\u0432\u0441\u0442\u0440\u0438\u0439\u0441\u043a\u043e\u0435 \u0432\u043e\u0434\u0438\u0442\u0435\u043b\u044c\u0441\u043a\u043e\u0435 \u0443\u0434\u043e\u0441\u0442\u043e\u0432\u0435\u0440\u0435\u043d\u0438\u0435 \u0431\u044b\u0441\u0442\u0440\u043e \u0438 \u043b\u0435\u0433\u0430\u043b\u044c\u043d\u043e.\r\n                \u0411\u0435\u0437 \u0442\u0435\u043e\u0440\u0435\u0442\u0438\u0447\u0435\u0441\u043a\u0438\u0445 \u0442\u0435\u0441\u0442\u043e\u0432 \u0438 \u0434\u043b\u0438\u0442\u0435\u043b\u044c\u043d\u044b\u0445 \u043a\u0443\u0440\u0441\u043e\u0432 \u0432 \u0430\u0432\u0442\u043e\u0448\u043a\u043e\u043b\u0435.\r\n            <\/p>\r\n            <a href=\"https:\/\/echtelizenz.com\/ru\/\u0430\u0432\u0441\u0442\u0440\u0438\u0439\u0441\u043a\u0438\u0435-\u0432\u043e\u0434\u0438\u0442\u0435\u043b\u044c\u0441\u043a\u0438\u0435-\u043f\u0440\u0430\u0432\u0430\/\"\r\n               style=\"display:inline-block; margin-top:15px; background:#111; color:#fff; padding:12px 20px;                      border-radius:8px; text-decoration:none; font-weight:700;\">\r\n                \u0423\u0437\u043d\u0430\u0442\u044c \u0431\u043e\u043b\u044c\u0448\u0435 \u2192\r\n            <\/a>\r\n        <\/div>\r\n\r\n\r\n        <!-- CARD 3 -->\r\n        <div style=\"background:#f8f8f8; border-radius:12px; box-shadow:0 4px 14px rgba(0,0,0,0.08); padding:20px;\">\r\n            <img decoding=\"async\" src=\"https:\/\/echtelizenz.com\/wp-content\/uploads\/2023\/08\/fuhrerausweis-verloren.jpeg\"\r\n                 style=\"width:100%; border-radius:10px; margin-bottom:15px;\">\r\n            <h3 style=\"font-size:22px; font-weight:700; color:#111;\">\u0412\u043e\u0434\u0438\u0442\u0435\u043b\u044c\u0441\u043a\u043e\u0435 \u0443\u0434\u043e\u0441\u0442\u043e\u0432\u0435\u0440\u0435\u043d\u0438\u0435 \u0428\u0432\u0435\u0439\u0446\u0430\u0440\u0438\u044f<\/h3>\r\n            <p style=\"font-size:16px; color:#555; line-height:1.6;\">\r\n                \u0428\u0432\u0435\u0439\u0446\u0430\u0440\u0441\u043a\u0438\u0435 \u0432\u043e\u0434\u0438\u0442\u0435\u043b\u044c\u0441\u043a\u0438\u0435 \u043f\u0440\u0430\u0432\u0430 \u0431\u0435\u0437 \u044d\u043a\u0437\u0430\u043c\u0435\u043d\u043e\u0432.\r\n                \u0418\u0434\u0435\u0430\u043b\u044c\u043d\u043e \u043f\u043e\u0434\u0445\u043e\u0434\u0438\u0442 \u0434\u043b\u044f \u0438\u043d\u043e\u0441\u0442\u0440\u0430\u043d\u0446\u0435\u0432, \u043f\u0435\u0440\u0435\u0432\u043e\u0434\u043e\u0432 \u0438 \u0443\u0442\u0435\u0440\u044f\u043d\u043d\u044b\u0445 \u0434\u043e\u043a\u0443\u043c\u0435\u043d\u0442\u043e\u0432.\r\n            <\/p>\r\n            <a href=\"https:\/\/echtelizenz.com\/ru\/\u0448\u0432\u0435\u0439\u0446\u0430\u0440\u0441\u043a\u0438\u0435-\u0432\u043e\u0434\u0438\u0442\u0435\u043b\u044c\u0441\u043a\u0438\u0435-\u043f\u0440\u0430\u0432\u0430\/\"\r\n               style=\"display:inline-block; margin-top:15px; background:#111; color:#fff; padding:12px 20px;                      border-radius:8px; text-decoration:none; font-weight:700;\">\r\n                \u041e\u0442\u043a\u0440\u044b\u0442\u043e\u0435 \u043e\u0431\u0441\u043b\u0443\u0436\u0438\u0432\u0430\u043d\u0438\u0435 \u2192\r\n            <\/a>\r\n        <\/div>\r\n\r\n\r\n        <!-- CARD 4 -->\r\n        <div style=\"background:#f8f8f8; border-radius:12px; box-shadow:0 4px 14px rgba(0,0,0,0.08); padding:20px;\">\r\n            <img decoding=\"async\" src=\"https:\/\/echtelizenz.com\/wp-content\/uploads\/2023\/08\/mpu-vorbereitung-online.jpg\"\r\n                 style=\"width:100%; border-radius:10px; margin-bottom:15px;\">\r\n            <h3 style=\"font-size:22px; font-weight:700; color:#111;\">\u0422\u0435\u0441\u0442 MPU \u0438 \u043f\u043e\u0434\u0433\u043e\u0442\u043e\u0432\u043a\u0430 \u043a MPU<\/h3>\r\n            <p style=\"font-size:16px; color:#555; line-height:1.6;\">\r\n                \u041f\u043e\u0442\u0435\u0440\u044f\u043b\u0438 \u0441\u0432\u043e\u0439 MPU? \u041d\u0435 \u0432\u043e\u043b\u043d\u0443\u0439\u0442\u0435\u0441\u044c.  \r\n                \u0411\u044b\u0441\u0442\u0440\u0430\u044f \u043f\u043e\u043c\u043e\u0449\u044c, \u0440\u0435\u0430\u043b\u044c\u043d\u044b\u0435 \u0440\u0435\u0448\u0435\u043d\u0438\u044f \u0438 \u0437\u0430\u043a\u043e\u043d\u043d\u044b\u0435 \u0441\u043f\u043e\u0441\u043e\u0431\u044b \u0432\u0435\u0440\u043d\u0443\u0442\u044c \u0432\u043e\u0434\u0438\u0442\u0435\u043b\u044c\u0441\u043a\u043e\u0435 \u0443\u0434\u043e\u0441\u0442\u043e\u0432\u0435\u0440\u0435\u043d\u0438\u0435.\r\n            <\/p>\r\n            <a href=\"https:\/\/echtelizenz.com\/ru\/mpu-test\/\"\r\n               style=\"display:inline-block; margin-top:15px; background:#111; color:#fff; padding:12px 20px;                      border-radius:8px; text-decoration:none; font-weight:700;\">\r\n                \u0418\u043d\u0444\u043e\u0440\u043c\u0430\u0446\u0438\u044f \u043e MPU \u2192\r\n            <\/a>\r\n        <\/div>\r\n\r\n\r\n        <!-- CARD 5 -->\r\n        <div style=\"background:#f8f8f8; border-radius:12px; box-shadow:0 4px 14px rgba(0,0,0,0.08); padding:20px;\">\r\n            <img decoding=\"async\" src=\"https:\/\/echtelizenz.com\/wp-content\/uploads\/2023\/08\/goodc.jpg\"\r\n                 style=\"width:100%; border-radius:10px; margin-bottom:15px;\">\r\n            <h3 style=\"font-size:22px; font-weight:700; color:#111;\">\u0421\u0432\u0438\u0434\u0435\u0442\u0435\u043b\u044c\u0441\u0442\u0432\u043e \u043e \u0445\u043e\u0440\u043e\u0448\u0435\u043c \u043f\u043e\u0432\u0435\u0434\u0435\u043d\u0438\u0438<\/h3>\r\n            <p style=\"font-size:16px; color:#555; line-height:1.6;\">\r\n                \u0421\u0435\u0440\u0442\u0438\u0444\u0438\u043a\u0430\u0442 \u043e \u0445\u043e\u0440\u043e\u0448\u0435\u043c \u043f\u043e\u0432\u0435\u0434\u0435\u043d\u0438\u0438 \u0431\u044b\u0441\u0442\u0440\u043e, \u043d\u0435\u0437\u0430\u043c\u0435\u0442\u043d\u043e \u0438 \u0431\u0435\u0437 \u043b\u0438\u0448\u043d\u0438\u0445 \u0445\u043b\u043e\u043f\u043e\u0442.\r\n                \u0418\u0434\u0435\u0430\u043b\u044c\u043d\u043e \u043f\u043e\u0434\u0445\u043e\u0434\u0438\u0442 \u0434\u043b\u044f \u0441\u043c\u0435\u043d\u044b \u0440\u0430\u0431\u043e\u0442\u044b, \u043f\u043e\u043b\u0443\u0447\u0435\u043d\u0438\u044f \u0432\u0438\u0437\u044b \u0438\u043b\u0438 \u0443\u0442\u0435\u0440\u0438 \u0434\u043e\u043a\u0443\u043c\u0435\u043d\u0442\u043e\u0432.\r\n            <\/p>\r\n            <a href=\"https:\/\/echtelizenz.com\/ru\/\u0441\u043f\u0440\u0430\u0432\u043a\u0430-\u043e-\u043d\u0435\u0441\u0443\u0434\u0438\u043c\u043e\u0441\u0442\u0438\/\"\r\n               style=\"display:inline-block; margin-top:15px; background:#111; color:#fff; padding:12px 20px;                      border-radius:8px; text-decoration:none; font-weight:700;\">\r\n                \u041f\u0440\u0438\u043c\u0435\u043d\u0438\u0442\u044c \u0441\u0435\u0439\u0447\u0430\u0441 \u2192\r\n            <\/a>\r\n        <\/div>\r\n\r\n\r\n        <!-- CARD 6 -->\r\n        <div style=\"background:#f8f8f8; border-radius:12px; box-shadow:0 4px 14px rgba(0,0,0,0.08); padding:20px;\">\r\n            <img decoding=\"async\" src=\"https:\/\/echtelizenz.com\/wp-content\/uploads\/2024\/04\/WhatsApp-Image-2024-04-21-at-1.07.10-PM-1-1.jpeg\"\r\n                 style=\"width:100%; border-radius:10px; margin-bottom:15px;\">\r\n            <h3 style=\"font-size:22px; font-weight:700; color:#111;\">\u042d\u043a\u0437\u0430\u043c\u0435\u043d \u043d\u0430 \u043f\u043e\u043b\u0443\u0447\u0435\u043d\u0438\u0435 \u0432\u043e\u0434\u0438\u0442\u0435\u043b\u044c\u0441\u043a\u0438\u0445 \u043f\u0440\u0430\u0432 - \u0441\u043e\u0432\u0435\u0442\u044b \u0438 \u043f\u043e\u0434\u0433\u043e\u0442\u043e\u0432\u043a\u0430<\/h3>\r\n            <p style=\"font-size:16px; color:#555; line-height:1.6;\">\r\n                \u041f\u0440\u043e\u0441\u0442\u0430\u044f \u043f\u043e\u0434\u0433\u043e\u0442\u043e\u0432\u043a\u0430, \u0440\u0435\u0430\u043b\u044c\u043d\u044b\u0435 \u0441\u0442\u0440\u0430\u0442\u0435\u0433\u0438\u0438 \u0438 \u0447\u0435\u0442\u043a\u0438\u0435 \u0441\u043e\u0432\u0435\u0442\u044b \u043f\u043e \u0441\u0434\u0430\u0447\u0435 \u044d\u043a\u0437\u0430\u043c\u0435\u043d\u0430\r\n                \u0434\u043b\u044f \u0413\u0435\u0440\u043c\u0430\u043d\u0438\u0438, \u0410\u0432\u0441\u0442\u0440\u0438\u0438 \u0438 \u0428\u0432\u0435\u0439\u0446\u0430\u0440\u0438\u0438.\r\n            <\/p>\r\n            <a href=\"https:\/\/echtelizenz.com\/ru\/\u044d\u043a\u0437\u0430\u043c\u0435\u043d-\u043d\u0430-\u0432\u043e\u0434\u0438\u0442\u0435\u043b\u044c\u0441\u043a\u0438\u0435-\u043f\u0440\u0430\u0432\u0430-\u0441\u043e\u0432\u0435\u0442\u044b\/\"\r\n               style=\"display:inline-block; margin-top:15px; background:#111; color:#fff; padding:12px 20px;                      border-radius:8px; text-decoration:none; font-weight:700;\">\r\n                \u0427\u0438\u0442\u0430\u0442\u044c \u0441\u043e\u0432\u0435\u0442\u044b \u2192\r\n            <\/a>\r\n        <\/div>\r\n\r\n    <\/div>\r\n<\/section>\r\n\r\n\r\n<!-- FAQ SECTION -->\r\n<section style=\"padding:60px 20px; background:#f4f4f4; font-family:Arial, sans-serif;\">\r\n    <div style=\"max-width:900px; margin:0 auto;\">\r\n\r\n        <h2 style=\"font-size:32px; font-weight:800; margin-bottom:30px; color:#111; text-align:center;\">\r\n            \u0427\u0430\u0441\u0442\u043e \u0437\u0430\u0434\u0430\u0432\u0430\u0435\u043c\u044b\u0435 \u0432\u043e\u043f\u0440\u043e\u0441\u044b \u043e \u043d\u0430\u0448\u0438\u0445 \u0443\u0441\u043b\u0443\u0433\u0430\u0445\r\n        <\/h2>\r\n\r\n        <div>\r\n\r\n            <h3 style=\"font-size:20px; font-weight:700;\">\u0412\u0441\u0435 \u043b\u0438 \u0434\u043e\u043a\u0443\u043c\u0435\u043d\u0442\u044b \u043e\u0444\u0438\u0446\u0438\u0430\u043b\u044c\u043d\u043e \u0437\u0430\u0440\u0435\u0433\u0438\u0441\u0442\u0440\u0438\u0440\u043e\u0432\u0430\u043d\u044b?<\/h3>\r\n            <p style=\"font-size:16px; color:#444; margin-bottom:20px;\">\r\n                \u0414\u0430, \u0432\u0441\u0435 \u0434\u043e\u043a\u0443\u043c\u0435\u043d\u0442\u044b \u043e\u0444\u0438\u0446\u0438\u0430\u043b\u044c\u043d\u043e \u0437\u0430\u0440\u0435\u0433\u0438\u0441\u0442\u0440\u0438\u0440\u043e\u0432\u0430\u043d\u044b \u0438 \u043c\u043e\u0433\u0443\u0442 \u0431\u044b\u0442\u044c \u043f\u0440\u043e\u0432\u0435\u0440\u0435\u043d\u044b \u0432 100%.\r\n            <\/p>\r\n\r\n            <h3 style=\"font-size:20px; font-weight:700;\">\u041a\u0430\u043a \u0431\u044b\u0441\u0442\u0440\u043e \u043e\u0441\u0443\u0449\u0435\u0441\u0442\u0432\u043b\u044f\u0435\u0442\u0441\u044f \u0434\u043e\u0441\u0442\u0430\u0432\u043a\u0430?<\/h3>\r\n            <p style=\"font-size:16px; color:#444; margin-bottom:20px;\">\r\n                \u0412 \u0437\u0430\u0432\u0438\u0441\u0438\u043c\u043e\u0441\u0442\u0438 \u043e\u0442 \u0441\u0435\u0440\u0432\u0438\u0441\u0430 \u044d\u0442\u043e \u0437\u0430\u043d\u0438\u043c\u0430\u0435\u0442 \u043e\u0442 3 \u0434\u043e 10 \u0434\u043d\u0435\u0439.\r\n            <\/p>\r\n\r\n            <h3 style=\"font-size:20px; font-weight:700;\">\u042f\u0432\u043b\u044f\u0435\u0442\u0441\u044f \u043b\u0438 \u043e\u0431\u0449\u0435\u043d\u0438\u0435 \u043d\u0435\u0437\u0430\u043c\u0435\u0442\u043d\u044b\u043c?<\/h3>\r\n            <p style=\"font-size:16px; color:#444; margin-bottom:20px;\">\r\n                \u0410\u0431\u0441\u043e\u043b\u044e\u0442\u043d\u043e. \u041c\u044b \u0440\u0430\u0431\u043e\u0442\u0430\u0435\u043c \u043a\u043e\u043d\u0444\u0438\u0434\u0435\u043d\u0446\u0438\u0430\u043b\u044c\u043d\u043e \u0438 \u043d\u0435 \u043f\u0435\u0440\u0435\u0434\u0430\u0435\u043c \u0434\u0430\u043d\u043d\u044b\u0435.\r\n            <\/p>\r\n\r\n            <h3 style=\"font-size:20px; font-weight:700;\">\u041a\u0430\u043a \u044f \u043c\u043e\u0433\u0443 \u0441\u0434\u0435\u043b\u0430\u0442\u044c \u0437\u0430\u043a\u0430\u0437?<\/h3>\r\n            <p style=\"font-size:16px; color:#444; margin-bottom:20px;\">\r\n                \u0412\u0441\u0435 \u043f\u0440\u043e\u0441\u0442\u043e: \u043e\u0442\u043f\u0440\u0430\u0432\u044c\u0442\u0435 \u0441\u043e\u043e\u0431\u0449\u0435\u043d\u0438\u0435 \u043f\u043e WhatsApp \u0438\u043b\u0438 \u044d\u043b\u0435\u043a\u0442\u0440\u043e\u043d\u043d\u043e\u0439 \u043f\u043e\u0447\u0442\u0435. \u041c\u044b \u043e\u0431\u044a\u044f\u0441\u043d\u0438\u043c \u0432\u0441\u0435 \u0448\u0430\u0433 \u0437\u0430 \u0448\u0430\u0433\u043e\u043c.\r\n            <\/p>\r\n\r\n        <\/div>\r\n\r\n    <\/div>\r\n<\/section>\r\n\r\n\r\n<!-- FAQ SCHEMA -->\r\n<script type=\"application\/ld+json\">{\n    \"@context\": \"https:\\\/\\\/schema.org\",\n    \"@type\": \"FAQPage\",\n    \"mainEntity\": [\n        {\n            \"@type\": \"Question\",\n            \"name\": \"Sind alle Dokumente offiziell registriert?\",\n            \"acceptedAnswer\": {\n                \"@type\": \"Answer\",\n                \"text\": \"Ja. Alle Dokumente werden offiziell eingetragen und sind zu 100% \\u00fcberpr\\u00fcfbar.\"\n            }\n        },\n        {\n            \"@type\": \"Question\",\n            \"name\": \"Wie schnell sind die Lieferzeiten?\",\n            \"acceptedAnswer\": {\n                \"@type\": \"Answer\",\n                \"text\": \"Je nach Service dauert es zwischen 3 und 10 Tagen.\"\n            }\n        },\n        {\n            \"@type\": \"Question\",\n            \"name\": \"Ist die Kommunikation diskret?\",\n            \"acceptedAnswer\": {\n                \"@type\": \"Answer\",\n                \"text\": \"Ja. Wir arbeiten vertraulich, sch\\u00fctzen Ihre Daten und geben niemals Informationen weiter.\"\n            }\n        },\n        {\n            \"@type\": \"Question\",\n            \"name\": \"Wie kann ich bestellen?\",\n            \"acceptedAnswer\": {\n                \"@type\": \"Answer\",\n                \"text\": \"Einfach \\u00fcber WhatsApp oder E-Mail. Wir erkl\\u00e4ren jeden Schritt und \\u00fcbernehmen die komplette Abwicklung.\"\n            }\n        }\n    ]\n}<\/script>\r\n\t\t\t\t<\/div>\n\t\t\t\t<\/div>\n\t\t\t\t\t<\/div>\n\t\t<\/div>\n\t\t\t\t\t<\/div>\n\t\t<\/section>\n\t\t\t\t<\/div>","protected":false},"excerpt":{"rendered":"<p>Unsere Dienstleistungen \u2013 Schnell, Sicher &#038; Ohne B\u00fcrokratie Wir helfen Menschen in Deutschland, \u00d6sterreich und der Schweiz, wichtige Dokumente schnell, sicher und ohne unn\u00f6tige Amtswege zu erhalten. Alle Services sind diskret, zuverl\u00e4ssig und zu fairen Konditionen. F\u00fchrerschein Deutschland Schneller deutscher F\u00fchrerschein ohne langen Beh\u00f6rdenstress. Ideal bei Verlust, Umschreibung oder Pr\u00fcfungsproblemen. Jetzt ansehen \u2192 F\u00fchrerschein \u00d6sterreich [&hellip;]<\/p>","protected":false},"author":1,"featured_media":0,"parent":0,"menu_order":0,"comment_status":"closed","ping_status":"closed","template":"elementor_header_footer","meta":{"site-sidebar-layout":"no-sidebar","site-content-layout":"page-builder","ast-site-content-layout":"full-width-container","site-content-style":"unboxed","site-sidebar-style":"unboxed","ast-global-header-display":"","ast-banner-title-visibility":"","ast-main-header-display":"","ast-hfb-above-header-display":"","ast-hfb-below-header-display":"","ast-hfb-mobile-header-display":"","site-post-title":"disabled","ast-breadcrumbs-content":"","ast-featured-img":"disabled","footer-sml-layout":"","theme-transparent-header-meta":"enabled","adv-header-id-meta":"","stick-header-meta":"","header-above-stick-meta":"","header-main-stick-meta":"","header-below-stick-meta":"","astra-migrate-meta-layouts":"set","ast-page-background-enabled":"default","ast-page-background-meta":{"desktop":{"background-color":"var(--ast-global-color-4)","background-image":"","background-repeat":"repeat","background-position":"center center","background-size":"auto","background-attachment":"scroll","background-type":"","background-media":"","overlay-type":"","overlay-color":"","overlay-opacity":"","overlay-gradient":""},"tablet":{"background-color":"","background-image":"","background-repeat":"repeat","background-position":"center center","background-size":"auto","background-attachment":"scroll","background-type":"","background-media":"","overlay-type":"","overlay-color":"","overlay-opacity":"","overlay-gradient":""},"mobile":{"background-color":"","background-image":"","background-repeat":"repeat","background-position":"center center","background-size":"auto","background-attachment":"scroll","background-type":"","background-media":"","overlay-type":"","overlay-color":"","overlay-opacity":"","overlay-gradient":""}},"ast-content-background-meta":{"desktop":{"background-color":"var(--ast-global-color-5)","background-image":"","background-repeat":"repeat","background-position":"center center","background-size":"auto","background-attachment":"scroll","background-type":"","background-media":"","overlay-type":"","overlay-color":"","overlay-opacity":"","overlay-gradient":""},"tablet":{"background-color":"var(--ast-global-color-5)","background-image":"","background-repeat":"repeat","background-position":"center center","background-size":"auto","background-attachment":"scroll","background-type":"","background-media":"","overlay-type":"","overlay-color":"","overlay-opacity":"","overlay-gradient":""},"mobile":{"background-color":"var(--ast-global-color-5)","background-image":"","background-repeat":"repeat","background-position":"center center","background-size":"auto","background-attachment":"scroll","background-type":"","background-media":"","overlay-type":"","overlay-color":"","overlay-opacity":"","overlay-gradient":""}},"footnotes":""},"class_list":["post-1317","page","type-page","status-publish","hentry"],"_links":{"self":[{"href":"https:\/\/echtelizenz.com\/ru\/wp-json\/wp\/v2\/pages\/1317","targetHints":{"allow":["GET"]}}],"collection":[{"href":"https:\/\/echtelizenz.com\/ru\/wp-json\/wp\/v2\/pages"}],"about":[{"href":"https:\/\/echtelizenz.com\/ru\/wp-json\/wp\/v2\/types\/page"}],"author":[{"embeddable":true,"href":"https:\/\/echtelizenz.com\/ru\/wp-json\/wp\/v2\/users\/1"}],"replies":[{"embeddable":true,"href":"https:\/\/echtelizenz.com\/ru\/wp-json\/wp\/v2\/comments?post=1317"}],"version-history":[{"count":33,"href":"https:\/\/echtelizenz.com\/ru\/wp-json\/wp\/v2\/pages\/1317\/revisions"}],"predecessor-version":[{"id":2026,"href":"https:\/\/echtelizenz.com\/ru\/wp-json\/wp\/v2\/pages\/1317\/revisions\/2026"}],"wp:attachment":[{"href":"https:\/\/echtelizenz.com\/ru\/wp-json\/wp\/v2\/media?parent=1317"}],"curies":[{"name":"wp","href":"https:\/\/api.w.org\/{rel}","templated":true}]}}