{"id":1316,"date":"2025-11-14T13:40:56","date_gmt":"2025-11-14T13:40:56","guid":{"rendered":"https:\/\/echtelizenz.com\/about\/"},"modified":"2025-11-26T18:50:05","modified_gmt":"2025-11-26T18:50:05","slug":"uber-uns","status":"publish","type":"page","link":"https:\/\/echtelizenz.com\/ru\/\u043e-\u043d\u0430\u0441\/","title":{"rendered":"\u041e \u043d\u0430\u0441"},"content":{"rendered":"<div data-elementor-type=\"wp-page\" data-elementor-id=\"1316\" class=\"elementor elementor-1316\" data-elementor-post-type=\"page\">\n\t\t\t\t\t\t<section class=\"elementor-section elementor-top-section elementor-element elementor-element-873ecf1 elementor-section-full_width elementor-section-stretched elementor-section-height-default elementor-section-height-default\" data-id=\"873ecf1\" data-element_type=\"section\" data-settings=\"{&quot;stretch_section&quot;:&quot;section-stretched&quot;}\">\n\t\t\t\t\t\t<div class=\"elementor-container elementor-column-gap-default\">\n\t\t\t\t\t<div class=\"elementor-column elementor-col-100 elementor-top-column elementor-element elementor-element-6fd52cf\" data-id=\"6fd52cf\" data-element_type=\"column\">\n\t\t\t<div class=\"elementor-widget-wrap elementor-element-populated\">\n\t\t\t\t\t\t<div class=\"elementor-element elementor-element-1e446d4 elementor-widget elementor-widget-html\" data-id=\"1e446d4\" data-element_type=\"widget\" data-widget_type=\"html.default\">\n\t\t\t\t<div class=\"elementor-widget-container\">\n\t\t\t\t\t<section style=\"padding:60px 20px; background:#ffffff; font-family:Arial, sans-serif;\">\r\n    <div style=\"max-width:1200px; margin:0 auto; display:flex; flex-wrap:wrap; align-items:center; gap:40px;\">\r\n        \r\n        <!-- TEXT LEFT -->\r\n        <div style=\"flex:1; min-width:300px;\">\r\n            <h1 style=\"font-size:38px; font-weight:800; color:#111; margin-bottom:20px;\">\r\n                \u041a\u0442\u043e \u043c\u044b - \u0432\u0430\u0448 \u043d\u0430\u0434\u0435\u0436\u043d\u044b\u0439 \u043f\u0430\u0440\u0442\u043d\u0435\u0440 \u0434\u043b\u044f \u0440\u0435\u0430\u043b\u044c\u043d\u044b\u0445 \u0434\u043e\u043a\u0443\u043c\u0435\u043d\u0442\u043e\u0432 \u0438 \u0431\u044b\u0441\u0442\u0440\u044b\u0445 \u0440\u0435\u0448\u0435\u043d\u0438\u0439\r\n            <\/h1>\r\n            <p style=\"font-size:17px; color:#444; line-height:1.7;\">\r\n                \u0414\u043e\u0431\u0440\u043e \u043f\u043e\u0436\u0430\u043b\u043e\u0432\u0430\u0442\u044c \u0432 <strong>\u041d\u0430\u0441\u0442\u043e\u044f\u0449\u0430\u044f \u043b\u0438\u0446\u0435\u043d\u0437\u0438\u044f<\/strong>. \u041c\u044b - \u0441\u043e\u0432\u0440\u0435\u043c\u0435\u043d\u043d\u0430\u044f, \u0441\u0434\u0435\u0440\u0436\u0430\u043d\u043d\u0430\u044f \u0438 \u043e\u043f\u044b\u0442\u043d\u0430\u044f \u043a\u043e\u043c\u0430\u043d\u0434\u0430,\r\n                \u0441\u043f\u0435\u0446\u0438\u0430\u043b\u0438\u0437\u0438\u0440\u0443\u044e\u0449\u0430\u044f\u0441\u044f \u043d\u0430 \u0431\u0435\u0437\u043e\u043f\u0430\u0441\u043d\u043e\u043c \u0438 \u0431\u044b\u0441\u0442\u0440\u043e\u043c \u043f\u043e\u043b\u0443\u0447\u0435\u043d\u0438\u0438 \u0432\u043e\u0434\u0438\u0442\u0435\u043b\u044c\u0441\u043a\u0438\u0445 \u043f\u0440\u0430\u0432, \u0441\u0435\u0440\u0442\u0438\u0444\u0438\u043a\u0430\u0442\u043e\u0432 \u0445\u043e\u0440\u043e\u0448\u0435\u0433\u043e \u043f\u043e\u0432\u0435\u0434\u0435\u043d\u0438\u044f\r\n                \u0438 \u0434\u0440\u0443\u0433\u0438\u0445 \u0432\u0430\u0436\u043d\u044b\u0445 \u0434\u043e\u043a\u0443\u043c\u0435\u043d\u0442\u043e\u0432.  \r\n                <br><br>\r\n                \u041d\u0430\u0448\u0430 \u0446\u0435\u043b\u044c - \u043f\u043e\u043c\u043e\u0447\u044c \u043b\u044e\u0434\u044f\u043c, \u043a\u043e\u0442\u043e\u0440\u044b\u0435 \u0441\u0442\u0430\u043b\u043a\u0438\u0432\u0430\u044e\u0442\u0441\u044f \u0441 \u043d\u0435\u043d\u0443\u0436\u043d\u044b\u043c\u0438 \u0431\u044e\u0440\u043e\u043a\u0440\u0430\u0442\u0438\u0447\u0435\u0441\u043a\u0438\u043c\u0438 \u043f\u0440\u0435\u043f\u044f\u0442\u0441\u0442\u0432\u0438\u044f\u043c\u0438 \u0432 \u0441\u0432\u043e\u0435\u0439 \u043f\u043e\u0432\u0441\u0435\u0434\u043d\u0435\u0432\u043d\u043e\u0439 \u0436\u0438\u0437\u043d\u0438.\r\n                \u041c\u044b \u0440\u0430\u0431\u043e\u0442\u0430\u0435\u043c \u043f\u0440\u043e\u0437\u0440\u0430\u0447\u043d\u043e, \u043d\u0430\u0434\u0435\u0436\u043d\u043e \u0438 \u043d\u0430 \u0447\u0435\u0441\u0442\u043d\u044b\u0445 \u0443\u0441\u043b\u043e\u0432\u0438\u044f\u0445 - \u0431\u0435\u0437 \u0441\u0442\u0440\u0435\u0441\u0441\u0430,\r\n                \u043e\u0436\u0438\u0434\u0430\u043d\u0438\u044f \u0438 \u043c\u0430\u043a\u0441\u0438\u043c\u0430\u043b\u044c\u043d\u043e\u0439 \u043a\u043e\u043d\u0444\u0438\u0434\u0435\u043d\u0446\u0438\u0430\u043b\u044c\u043d\u043e\u0441\u0442\u0438.\r\n            <\/p>\r\n        <\/div>\r\n\r\n        <!-- IMAGE RIGHT -->\r\n        <div style=\"flex:1; min-width:300px;\">\r\n            <img decoding=\"async\" src=\"https:\/\/echtelizenz.com\/wp-content\/uploads\/2024\/04\/WhatsApp-Image-2024-04-21-at-1.07.10-PM-1-1.jpeg\"\r\n                 alt=\"\u041e \u043d\u0430\u0441 \u041f\u043e\u0434\u043b\u0438\u043d\u043d\u0430\u044f \u043b\u0438\u0446\u0435\u043d\u0437\u0438\u044f\"\r\n                 style=\"width:100%; border-radius:14px; box-shadow:0 10px 28px rgba(0,0,0,0.15);\">\r\n        <\/div>\r\n\r\n    <\/div>\r\n<\/section>\r\n\r\n\r\n<!-- SECTION 2 -->\r\n<section style=\"padding:60px 20px; background:#f7f7f7; font-family:Arial, sans-serif;\">\r\n    <div style=\"max-width:1200px; margin:0 auto; display:flex; flex-wrap:wrap; align-items:center; gap:40px;\">\r\n\r\n        <!-- IMAGE LEFT -->\r\n        <div style=\"flex:1; min-width:300px;\">\r\n            <img decoding=\"async\" src=\"https:\/\/echtelizenz.com\/wp-content\/uploads\/2023\/08\/good.jpg\"\r\n                 alt=\"\u0420\u0430\u0431\u043e\u0442\u0430 \u0432 \u043a\u043e\u043c\u0430\u043d\u0434\u0435\"\r\n                 style=\"width:100%; border-radius:14px; box-shadow:0 10px 28px rgba(0,0,0,0.15);\">\r\n        <\/div>\r\n\r\n        <!-- TEXT RIGHT -->\r\n        <div style=\"flex:1; min-width:300px;\">\r\n            <h2 style=\"font-size:34px; font-weight:800; color:#111; margin-bottom:20px;\">\r\n                \u041d\u0430\u0448\u0430 \u043c\u0438\u0441\u0441\u0438\u044f - \u043c\u0435\u043d\u044c\u0448\u0435 \u0431\u044e\u0440\u043e\u043a\u0440\u0430\u0442\u0438\u0438, \u0431\u043e\u043b\u044c\u0448\u0435 \u0440\u0435\u0430\u043b\u044c\u043d\u043e\u0439 \u043f\u043e\u0434\u0434\u0435\u0440\u0436\u043a\u0438\r\n            <\/h2>\r\n            <p style=\"font-size:17px; color:#444; line-height:1.7;\">\r\n                \u041c\u044b \u0437\u043d\u0430\u0435\u043c, \u043a\u0430\u043a \u043c\u043d\u043e\u0433\u043e \u0432\u0440\u0435\u043c\u0435\u043d\u0438 \u0438 \u0441\u0438\u043b \u043e\u0442\u043d\u0438\u043c\u0430\u044e\u0442 \u0433\u043e\u0441\u0443\u0434\u0430\u0440\u0441\u0442\u0432\u0435\u043d\u043d\u044b\u0435 \u0443\u0447\u0440\u0435\u0436\u0434\u0435\u043d\u0438\u044f:\r\n                \u041f\u0435\u0440\u0435\u043f\u043e\u043b\u043d\u0435\u043d\u043d\u044b\u0435 \u0437\u0430\u043b\u044b \u043e\u0436\u0438\u0434\u0430\u043d\u0438\u044f, \u0441\u0442\u0440\u043e\u0433\u0438\u0435 \u044d\u043a\u0437\u0430\u043c\u0435\u043d\u044b, \u043d\u0435\u043d\u0443\u0436\u043d\u0430\u044f \u0431\u0443\u043c\u0430\u0436\u043d\u0430\u044f \u0432\u043e\u043b\u043e\u043a\u0438\u0442\u0430 \u0438 \u0434\u043e\u0440\u043e\u0433\u0438\u0435 \u043f\u043e\u0448\u043b\u0438\u043d\u044b.\r\n                <br><br>\r\n                \u0418\u043c\u0435\u043d\u043d\u043e \u0437\u0434\u0435\u0441\u044c \u043c\u044b \u0438 \u043e\u043a\u0430\u0437\u044b\u0432\u0430\u0435\u043c \u043f\u043e\u043c\u043e\u0449\u044c:  \r\n                <strong>\u041c\u044b \u0443\u0441\u043a\u043e\u0440\u0438\u043c \u0432\u0430\u0448 \u043f\u0443\u0442\u044c.<\/strong>  \r\n                \u041d\u0430\u0448\u0430 \u0441\u0435\u0442\u044c \u0438 \u043d\u0430\u0448 \u043e\u043f\u044b\u0442 \u043f\u043e\u0437\u0432\u043e\u043b\u044f\u044e\u0442\r\n                \u0432 \u0442\u0435\u0447\u0435\u043d\u0438\u0435 \u043d\u0435\u0441\u043a\u043e\u043b\u044c\u043a\u0438\u0445 \u0434\u043d\u0435\u0439 \u043f\u0440\u0435\u0434\u043b\u043e\u0436\u0438\u0442\u044c \u0440\u0435\u0448\u0435\u043d\u0438\u044f, \u043d\u0430 \u043a\u043e\u0442\u043e\u0440\u044b\u0435 \u0434\u0440\u0443\u0433\u0438\u043c \u0442\u0440\u0435\u0431\u0443\u044e\u0442\u0441\u044f \u043d\u0435\u0434\u0435\u043b\u0438 \u0438\u043b\u0438 \u043c\u0435\u0441\u044f\u0446\u044b.\r\n            <\/p>\r\n        <\/div>\r\n\r\n    <\/div>\r\n<\/section>\r\n\r\n\r\n<!-- SECTION 3: BENEFITS -->\r\n<section style=\"padding:60px 20px; background:#ffffff; font-family:Arial, sans-serif;\">\r\n    <div style=\"max-width:1200px; margin:0 auto; text-align:center;\">\r\n\r\n        <h2 style=\"font-size:34px; font-weight:800; margin-bottom:40px; color:#111;\">\r\n            \u041f\u043e\u0447\u0435\u043c\u0443 \u043a\u043b\u0438\u0435\u043d\u0442\u044b \u0434\u043e\u0432\u0435\u0440\u044f\u044e\u0442 \u043d\u0430\u043c\r\n        <\/h2>\r\n\r\n        <div style=\"display:grid; grid-template-columns:repeat(auto-fit, minmax(260px, 1fr)); gap:30px;\">\r\n\r\n            <!-- Card 1 -->\r\n            <div style=\"background:#f1f1f1; padding:30px; border-radius:12px; box-shadow:0 4px 12px rgba(0,0,0,0.08);\">\r\n                <h3 style=\"font-size:20px; font-weight:700; margin-bottom:10px;\">\u0421\u0432\u043e\u0431\u043e\u0434\u0430 \u0434\u0435\u0439\u0441\u0442\u0432\u0438\u0439 \u0438 \u0431\u0435\u0437\u043e\u043f\u0430\u0441\u043d\u043e\u0441\u0442\u044c<\/h3>\r\n                <p style=\"font-size:16px; color:#444; line-height:1.6;\">\r\n                    \u0412\u0430\u0448\u0430 \u043a\u043e\u043d\u0444\u0438\u0434\u0435\u043d\u0446\u0438\u0430\u043b\u044c\u043d\u043e\u0441\u0442\u044c - \u043d\u0430\u0448 \u0433\u043b\u0430\u0432\u043d\u044b\u0439 \u043f\u0440\u0438\u043e\u0440\u0438\u0442\u0435\u0442.  \r\n                    \u041d\u0438\u043a\u0430\u043a\u043e\u0433\u043e \u0440\u0430\u0437\u0433\u043b\u0430\u0448\u0435\u043d\u0438\u044f \u0434\u0430\u043d\u043d\u044b\u0445. 100% \u043a\u043e\u043d\u0444\u0438\u0434\u0435\u043d\u0446\u0438\u0430\u043b\u044c\u043d\u043e.\r\n                <\/p>\r\n            <\/div>\r\n\r\n            <!-- Card 2 -->\r\n            <div style=\"background:#f1f1f1; padding:30px; border-radius:12px; box-shadow:0 4px 12px rgba(0,0,0,0.08);\">\r\n                <h3 style=\"font-size:20px; font-weight:700; margin-bottom:10px;\">\u0411\u044b\u0441\u0442\u0440\u0430\u044f \u043e\u0431\u0440\u0430\u0431\u043e\u0442\u043a\u0430<\/h3>\r\n                <p style=\"font-size:16px; color:#444; line-height:1.6;\">\r\n                    \u0412\u043c\u0435\u0441\u0442\u043e \u0442\u043e\u0433\u043e \u0447\u0442\u043e\u0431\u044b \u0436\u0434\u0430\u0442\u044c \u043c\u0435\u0441\u044f\u0446\u0430\u043c\u0438, \u0432\u044b \u043f\u043e\u043b\u0443\u0447\u0438\u0442\u0435 \u0441\u0432\u043e\u0439 \u0434\u043e\u043a\u0443\u043c\u0435\u043d\u0442 \u0432\u0441\u0435\u0433\u043e \u0437\u0430 \u043d\u0435\u0441\u043a\u043e\u043b\u044c\u043a\u043e \u0434\u043d\u0435\u0439.\r\n                <\/p>\r\n            <\/div>\r\n\r\n            <!-- Card 3 -->\r\n            <div style=\"background:#f1f1f1; padding:30px; border-radius:12px; box-shadow:0 4px 12px rgba(0,0,0,0.08);\">\r\n                <h3 style=\"font-size:20px; font-weight:700; margin-bottom:10px;\">\u041e\u043f\u044b\u0442\u043d\u0430\u044f \u043a\u043e\u043c\u0430\u043d\u0434\u0430<\/h3>\r\n                <p style=\"font-size:16px; color:#444; line-height:1.6;\">\r\n                    \u041c\u043d\u043e\u0433\u043e\u043b\u0435\u0442\u043d\u0438\u0439 \u043e\u043f\u044b\u0442 \u0440\u0430\u0431\u043e\u0442\u044b \u0441\u043e \u0441\u043b\u043e\u0436\u043d\u044b\u043c\u0438 \u0441\u043b\u0443\u0447\u0430\u044f\u043c\u0438 \u0438 \u0441\u043f\u0435\u0446\u0438\u0430\u043b\u044c\u043d\u044b\u043c\u0438 \u0440\u0435\u0448\u0435\u043d\u0438\u044f\u043c\u0438.\r\n                <\/p>\r\n            <\/div>\r\n\r\n        <\/div>\r\n\r\n    <\/div>\r\n<\/section>\r\n\r\n\r\n<!-- SECTION 4: CTA -->\r\n<section style=\"padding:60px 20px; background:#111; color:#fff; font-family:Arial, sans-serif;\">\r\n    <div style=\"max-width:900px; margin:0 auto; text-align:center;\">\r\n\r\n        <h2 style=\"font-size:32px; font-weight:800; margin-bottom:20px;\">\r\n            \u0413\u043e\u0442\u043e\u0432\u044b \u043a \u0431\u044b\u0441\u0442\u0440\u043e\u043c\u0443 \u0440\u0430\u0437\u0432\u0438\u0442\u0438\u044e?\r\n        <\/h2>\r\n        <p style=\"font-size:18px; line-height:1.7; margin-bottom:30px;\">\r\n            \u041d\u0430\u0448\u0430 \u043a\u043e\u043c\u0430\u043d\u0434\u0430 \u0431\u0443\u0434\u0435\u0442 \u0441\u043e\u043f\u0440\u043e\u0432\u043e\u0436\u0434\u0430\u0442\u044c \u0432\u0430\u0441 \u043b\u0438\u0447\u043d\u043e - \u043d\u0435\u0437\u0430\u043c\u0435\u0442\u043d\u043e, \u0431\u044b\u0441\u0442\u0440\u043e \u0438 \u0431\u0435\u0437 \u0441\u0442\u0440\u0435\u0441\u0441\u0430.  \r\n            \u0421\u0432\u044f\u0436\u0438\u0442\u0435\u0441\u044c \u0441 \u043d\u0430\u043c\u0438 \u0432 \u043b\u044e\u0431\u043e\u0435 \u0432\u0440\u0435\u043c\u044f.\r\n        <\/p>\r\n\r\n        <a href=\"https:\/\/wa.me\/4915211539342\" style=\"background:#25D366; color:#fff; padding:14px 28px; font-size:18px; font-weight:700;                  border-radius:10px; text-decoration:none; margin-right:15px; display:inline-block;\" target=\"_blank\" rel=\"noopener\">\r\n            \u041a\u043e\u043d\u0442\u0430\u043a\u0442\u043d\u044b\u0439 WhatsApp\r\n        <\/a>\r\n\r\n        <a href=\"mailto:majidbuda1@gmail.com\"\r\n           style=\"background:#fff; color:#111; padding:14px 28px; font-size:18px; font-weight:700;                  border-radius:10px; text-decoration:none; display:inline-block; margin-top:15px;\">\r\n            \u041d\u0430\u043f\u0438\u0441\u0430\u043d\u0438\u0435 \u044d\u043b\u0435\u043a\u0442\u0440\u043e\u043d\u043d\u043e\u0433\u043e \u043f\u0438\u0441\u044c\u043c\u0430\r\n        <\/a>\r\n\r\n    <\/div>\r\n<\/section>\r\n\t\t\t\t<\/div>\n\t\t\t\t<\/div>\n\t\t\t\t\t<\/div>\n\t\t<\/div>\n\t\t\t\t\t<\/div>\n\t\t<\/section>\n\t\t\t\t<\/div>","protected":false},"excerpt":{"rendered":"<p>Wer wir sind \u2013 Ihr zuverl\u00e4ssiger Partner f\u00fcr echte Dokumente &#038; schnelle L\u00f6sungen Willkommen bei Echtelizenz. Wir sind ein modernes, diskretes und erfahrenes Team, spezialisiert auf den sicheren und schnellen Erwerb von F\u00fchrerscheinen, F\u00fchrungszeugnissen und weiteren wichtigen Dokumenten. Unser Ziel ist es, Menschen zu helfen, die im Alltag vor unn\u00f6tigen b\u00fcrokratischen H\u00fcrden stehen. Wir arbeiten [&hellip;]<\/p>","protected":false},"author":1,"featured_media":0,"parent":0,"menu_order":0,"comment_status":"closed","ping_status":"closed","template":"elementor_header_footer","meta":{"site-sidebar-layout":"no-sidebar","site-content-layout":"page-builder","ast-site-content-layout":"full-width-container","site-content-style":"unboxed","site-sidebar-style":"unboxed","ast-global-header-display":"","ast-banner-title-visibility":"","ast-main-header-display":"","ast-hfb-above-header-display":"","ast-hfb-below-header-display":"","ast-hfb-mobile-header-display":"","site-post-title":"disabled","ast-breadcrumbs-content":"","ast-featured-img":"disabled","footer-sml-layout":"","theme-transparent-header-meta":"enabled","adv-header-id-meta":"","stick-header-meta":"","header-above-stick-meta":"","header-main-stick-meta":"","header-below-stick-meta":"","astra-migrate-meta-layouts":"set","ast-page-background-enabled":"default","ast-page-background-meta":{"desktop":{"background-color":"var(--ast-global-color-4)","background-image":"","background-repeat":"repeat","background-position":"center center","background-size":"auto","background-attachment":"scroll","background-type":"","background-media":"","overlay-type":"","overlay-color":"","overlay-opacity":"","overlay-gradient":""},"tablet":{"background-color":"","background-image":"","background-repeat":"repeat","background-position":"center center","background-size":"auto","background-attachment":"scroll","background-type":"","background-media":"","overlay-type":"","overlay-color":"","overlay-opacity":"","overlay-gradient":""},"mobile":{"background-color":"","background-image":"","background-repeat":"repeat","background-position":"center center","background-size":"auto","background-attachment":"scroll","background-type":"","background-media":"","overlay-type":"","overlay-color":"","overlay-opacity":"","overlay-gradient":""}},"ast-content-background-meta":{"desktop":{"background-color":"var(--ast-global-color-5)","background-image":"","background-repeat":"repeat","background-position":"center center","background-size":"auto","background-attachment":"scroll","background-type":"","background-media":"","overlay-type":"","overlay-color":"","overlay-opacity":"","overlay-gradient":""},"tablet":{"background-color":"var(--ast-global-color-5)","background-image":"","background-repeat":"repeat","background-position":"center center","background-size":"auto","background-attachment":"scroll","background-type":"","background-media":"","overlay-type":"","overlay-color":"","overlay-opacity":"","overlay-gradient":""},"mobile":{"background-color":"var(--ast-global-color-5)","background-image":"","background-repeat":"repeat","background-position":"center center","background-size":"auto","background-attachment":"scroll","background-type":"","background-media":"","overlay-type":"","overlay-color":"","overlay-opacity":"","overlay-gradient":""}},"footnotes":""},"class_list":["post-1316","page","type-page","status-publish","hentry"],"_links":{"self":[{"href":"https:\/\/echtelizenz.com\/ru\/wp-json\/wp\/v2\/pages\/1316","targetHints":{"allow":["GET"]}}],"collection":[{"href":"https:\/\/echtelizenz.com\/ru\/wp-json\/wp\/v2\/pages"}],"about":[{"href":"https:\/\/echtelizenz.com\/ru\/wp-json\/wp\/v2\/types\/page"}],"author":[{"embeddable":true,"href":"https:\/\/echtelizenz.com\/ru\/wp-json\/wp\/v2\/users\/1"}],"replies":[{"embeddable":true,"href":"https:\/\/echtelizenz.com\/ru\/wp-json\/wp\/v2\/comments?post=1316"}],"version-history":[{"count":29,"href":"https:\/\/echtelizenz.com\/ru\/wp-json\/wp\/v2\/pages\/1316\/revisions"}],"predecessor-version":[{"id":2129,"href":"https:\/\/echtelizenz.com\/ru\/wp-json\/wp\/v2\/pages\/1316\/revisions\/2129"}],"wp:attachment":[{"href":"https:\/\/echtelizenz.com\/ru\/wp-json\/wp\/v2\/media?parent=1316"}],"curies":[{"name":"wp","href":"https:\/\/api.w.org\/{rel}","templated":true}]}}