{"id":2039,"date":"2025-11-14T16:01:34","date_gmt":"2025-11-14T16:01:34","guid":{"rendered":"https:\/\/echtelizenz.com\/?page_id=2039"},"modified":"2025-11-26T18:59:29","modified_gmt":"2025-11-26T18:59:29","slug":"impressum","status":"publish","type":"page","link":"https:\/\/echtelizenz.com\/pt\/aviso-legal\/","title":{"rendered":"Impress\u00e3o"},"content":{"rendered":"<div data-elementor-type=\"wp-page\" data-elementor-id=\"2039\" class=\"elementor elementor-2039\" data-elementor-post-type=\"page\">\n\t\t\t\t\t\t<section class=\"elementor-section elementor-top-section elementor-element elementor-element-e40f919 elementor-section-full_width elementor-section-stretched elementor-section-height-default elementor-section-height-default\" data-id=\"e40f919\" data-element_type=\"section\" data-settings=\"{&quot;stretch_section&quot;:&quot;section-stretched&quot;}\">\n\t\t\t\t\t\t<div class=\"elementor-container elementor-column-gap-default\">\n\t\t\t\t\t<div class=\"elementor-column elementor-col-100 elementor-top-column elementor-element elementor-element-a2c42af\" data-id=\"a2c42af\" data-element_type=\"column\">\n\t\t\t<div class=\"elementor-widget-wrap elementor-element-populated\">\n\t\t\t\t\t\t<div class=\"elementor-element elementor-element-f561bca elementor-widget elementor-widget-html\" data-id=\"f561bca\" data-element_type=\"widget\" data-widget_type=\"html.default\">\n\t\t\t\t<div class=\"elementor-widget-container\">\n\t\t\t\t\t<!-- IMPRESSUM PAGE - EINZELNER HTML BLOCK -->\r\n<section style=\"padding:60px 20px; max-width:1100px; margin:0 auto; font-family: Arial, sans-serif; color:#111;\">\r\n  <!-- META (Einf\u00fcgen in <head> Ihrer Seite) -->\r\n  <!--\r\n  <title>Impressum \u2013 EchteLizenz<\/title>\r\n  <meta name=\"description\" content=\"Impressum von EchteLizenz. Kontakt, Verantwortlicher, Registerangaben und rechtliche Hinweise.\">\r\n  -->\r\n\r\n  <!-- JSON-LD Organization (f\u00fcge in <head> oder vor dem schlie\u00dfenden <\/body> ein) -->\r\n  <script type=\"application\/ld+json\">{\n    \"@context\": \"https:\\\/\\\/schema.org\",\n    \"@type\": \"Organization\",\n    \"name\": \"Echte Lizenz\",\n    \"url\": \"https:\\\/\\\/echtelizenz.com\",\n    \"logo\": \"https:\\\/\\\/echtelizenz.com\\\/wp-content\\\/uploads\\\/2024\\\/04\\\/Logo-W.png\",\n    \"contactPoint\": [\n        {\n            \"@type\": \"ContactPoint\",\n            \"telephone\": \"+49 176 44678273\",\n            \"contactType\": \"customer support\",\n            \"email\": \"majidbuda1@gmail.com\",\n            \"availableLanguage\": [\n                \"German\",\n                \"English\"\n            ]\n        }\n    ],\n    \"sameAs\": [\n        \"https:\\\/\\\/echtelizenz.com\"\n    ]\n}<\/script>\r\n\r\n  <h1 style=\"font-size:34px; font-weight:800; margin-bottom:10px;\">Impress\u00e3o<\/h1>\r\n  <p style=\"font-size:15px; color:#444; margin-bottom:30px;\">\r\n    Informa\u00e7\u00f5es de acordo com o \u00a7 5 TMG \/ requisitos legais alternativos (substituir o espa\u00e7o reservado abaixo).\r\n  <\/p>\r\n\r\n  <!-- Unternehmensinformationen -->\r\n  <div style=\"background:#f8f8f8; padding:22px; border-radius:10px; margin-bottom:30px;\">\r\n    <h2 style=\"font-size:20px; font-weight:700; margin-bottom:10px;\">Fornecedor<\/h2>\r\n\r\n    <p style=\"font-size:15px; color:#222; line-height:1.6; margin-bottom:6px;\">\r\n      <strong>Nome da empresa:<\/strong> Licen\u00e7a real\r\n    <\/p>\r\n\r\n    <p style=\"font-size:15px; color:#222; line-height:1.6; margin-bottom:6px;\">\r\n      <strong>Endere\u00e7o comercial:<\/strong><br>\r\n      <!-- ERSETZEN: Vollst\u00e4ndige Gesch\u00e4ftsadresse einf\u00fcgen -->\r\n      Exemplo de rua 1<br>\r\n      00000 Nome da cidade<br>\r\n      Pa\u00eds\r\n    <\/p>\r\n\r\n    <p style=\"font-size:15px; color:#222; line-height:1.6; margin-bottom:6px;\">\r\n      <strong>Diretor Geral \/ Respons\u00e1vel de acordo com \u00a7 55 Abs. 2 RStV:<\/strong><br>\r\n      <!-- ERSETZEN: Name des Gesch\u00e4ftsf\u00fchrers \/ Verantwortlichen -->\r\n      Nome pr\u00f3prio Apelido\r\n    <\/p>\r\n\r\n    <p style=\"font-size:15px; color:#222; line-height:1.6; margin-bottom:6px;\">\r\n      <strong>Telefone \/ WhatsApp:<\/strong><br>\r\n      <a href=\"https:\/\/wa.me\/4915211539342\" style=\"color:#111; text-decoration:none;\" target=\"_blank\" rel=\"noopener\">+49 15211539342 (WhatsApp)<\/a>\r\n    <\/p>\r\n\r\n    <p style=\"font-size:15px; color:#222; line-height:1.6; margin-bottom:6px;\">\r\n      <strong>correio eletr\u00f3nico:<\/strong><br>\r\n      <a href=\"mailto:majidbuda1@gmail.com\" style=\"color:#111; text-decoration:none;\">majidbuda1@gmail.com<\/a>\r\n    <\/p>\r\n\r\n    <p style=\"font-size:15px; color:#222; line-height:1.6; margin-top:12px;\">\r\n      <strong>Registo comercial:<\/strong><br>\r\n      <!-- ERSETZEN: z.B. Amtsgericht XXX, HRB 123456 -->\r\n      Tribunal local [local], HRB [n\u00famero]\r\n    <\/p>\r\n\r\n    <p style=\"font-size:15px; color:#222; line-height:1.6; margin-top:6px;\">\r\n      <strong>ID do imposto sobre o valor acrescentado (UID):<\/strong><br>\r\n      <!-- ERSETZEN: USt-IdNr. falls vorhanden -->\r\n      VAT-ID: [DE\/AT\/CH ...]\r\n    <\/p>\r\n\r\n    <p style=\"font-size:13px; color:#666; margin-top:12px;\">\r\n      <em>Nota:<\/em> Substitua todos os espa\u00e7os reservados [ ... ] pelos dados reais da sua empresa. A omiss\u00e3o de informa\u00e7\u00f5es obrigat\u00f3rias pode ter consequ\u00eancias legais.\r\n    <\/p>\r\n  <\/div>\r\n\r\n  <!-- Inhaltliche Angaben -->\r\n  <div style=\"margin-bottom:30px;\">\r\n    <h2 style=\"font-size:20px; font-weight:700; margin-bottom:10px;\">Respons\u00e1vel pelo conte\u00fado<\/h2>\r\n    <p style=\"font-size:15px; color:#333; line-height:1.6;\">\r\n      Respons\u00e1vel pelo conte\u00fado editorial de acordo com o \u00a7 55 Abs. 2 RStV:<br>\r\n      <strong><!-- ERSETZEN: Name --><\/strong><br>\r\n      Endere\u00e7o como acima.\r\n    <\/p>\r\n  <\/div>\r\n\r\n  <!-- Haftung -->\r\n  <div style=\"background:#f8f8f8; padding:22px; border-radius:10px; margin-bottom:30px;\">\r\n    <h2 style=\"font-size:20px; font-weight:700; margin-bottom:10px;\">Responsabilidade pelo conte\u00fado<\/h2>\r\n    <p style=\"font-size:15px; color:#333; line-height:1.6;\">\r\n      O conte\u00fado das nossas p\u00e1ginas foi criado com o maior cuidado. No entanto, n\u00e3o podemos assumir qualquer responsabilidade pela exatid\u00e3o, integridade e atualidade dos conte\u00fados.\r\n      Como prestador de servi\u00e7os, somos respons\u00e1veis pelo nosso pr\u00f3prio conte\u00fado, de acordo com o \u00a7 7 para.1 TMG (Lei Alem\u00e3 de Telem\u00e9dia) e leis gerais.\r\n    <\/p>\r\n\r\n    <h2 style=\"font-size:20px; font-weight:700; margin-top:16px; margin-bottom:10px;\">Responsabilidade pelas liga\u00e7\u00f5es<\/h2>\r\n    <p style=\"font-size:15px; color:#333; line-height:1.6;\">\r\n      O nosso s\u00edtio Web cont\u00e9m liga\u00e7\u00f5es para s\u00edtios Web externos de terceiros sobre cujo conte\u00fado n\u00e3o temos qualquer influ\u00eancia. N\u00e3o assumimos qualquer responsabilidade por este conte\u00fado de terceiros.\r\n    <\/p>\r\n  <\/div>\r\n\r\n  <!-- Urheberrecht -->\r\n  <div style=\"margin-bottom:30px;\">\r\n    <h2 style=\"font-size:20px; font-weight:700; margin-bottom:10px;\">Direitos de autor<\/h2>\r\n    <p style=\"font-size:15px; color:#333; line-height:1.6;\">\r\n      Os conte\u00fados e obras criados pelos operadores do s\u00edtio nestas p\u00e1ginas est\u00e3o sujeitos \u00e0 legisla\u00e7\u00e3o alem\u00e3 em mat\u00e9ria de direitos de autor.\r\n      As contribui\u00e7\u00f5es de terceiros s\u00e3o identificadas como tal. A reprodu\u00e7\u00e3o, edi\u00e7\u00e3o, distribui\u00e7\u00e3o e qualquer tipo de utiliza\u00e7\u00e3o fora dos limites da lei dos direitos de autor requerem o nosso consentimento por escrito.\r\n    <\/p>\r\n  <\/div>\r\n\r\n  <!-- Datenschutz \/ Verweise -->\r\n  <div style=\"background:#f8f8f8; padding:22px; border-radius:10px; margin-bottom:30px;\">\r\n    <h2 style=\"font-size:20px; font-weight:700; margin-bottom:10px;\">Prote\u00e7\u00e3o de dados<\/h2>\r\n    <p style=\"font-size:15px; color:#333; line-height:1.6;\">\r\n      Pode encontrar informa\u00e7\u00f5es sobre a prote\u00e7\u00e3o de dados na nossa <a href=\"https:\/\/echtelizenz.com\/pt\/protecao-de-dados\/\" style=\"color:#111; text-decoration:underline;\">Pol\u00edtica de privacidade<\/a>.\r\n    <\/p>\r\n\r\n    <h2 style=\"font-size:20px; font-weight:700; margin-top:12px; margin-bottom:10px;\">Resolu\u00e7\u00e3o de lit\u00edgios<\/h2>\r\n    <p style=\"font-size:15px; color:#333; line-height:1.6;\">\r\n      A Comiss\u00e3o Europeia disponibiliza uma plataforma para a resolu\u00e7\u00e3o de lit\u00edgios em linha (OS): <br>\r\n      <a href=\"\" target=\"_blank\" rel=\"noopener\" style=\"color:#111; text-decoration:underline;\">\r\n     <br>\r\n      N\u00e3o somos obrigados nem estamos dispostos a participar num processo de resolu\u00e7\u00e3o de lit\u00edgios perante uma comiss\u00e3o de arbitragem de consumidores.\r\n    <\/p>\r\n  <\/div>\r\n\r\n  <!-- Kontakt & Hinweis zu Rechtsform -->\r\n  <div style=\"margin-bottom:30px;\">\r\n    <h2 style=\"font-size:20px; font-weight:700; margin-bottom:10px;\">Contacto e informa\u00e7\u00f5es jur\u00eddicas<\/h2>\r\n    <p style=\"font-size:15px; color:#333; line-height:1.6;\">\r\n      Para quest\u00f5es sobre a impress\u00e3o ou assuntos legais, contacte-nos por correio eletr\u00f3nico ou WhatsApp:\r\n    <\/p>\r\n\r\n    <ul style=\"font-size:15px; color:#333; line-height:1.7;\">\r\n      <li>correio eletr\u00f3nico: <a href=\"mailto:majidbuda1@gmail.com\" style=\"color:#111; text-decoration:none;\">majidbuda1@gmail.com<\/a><\/li>\r\n      <li>WhatsApp: <a href=\"https:\/\/wa.me\/4915211539342\" style=\"color:#111; text-decoration:none;\" target=\"_blank\" rel=\"noopener\">+4915211539342<\/a><\/li>\r\n      <li>S\u00edtio Web: <a href=\"https:\/\/echtelizenz.com\/pt\/\" style=\"color:#111; text-decoration:none;\">https:\/\/echtelizenz.com<\/a><\/li>\r\n    <\/ul>\r\n  <\/div>\r\n\r\n<\/section>\r\n\t\t\t\t<\/div>\n\t\t\t\t<\/div>\n\t\t\t\t\t<\/div>\n\t\t<\/div>\n\t\t\t\t\t<\/div>\n\t\t<\/section>\n\t\t\t\t<\/div>","protected":false},"excerpt":{"rendered":"<p>Impressum Angaben gem\u00e4\u00df \u00a7 5 TMG \/ alternative rechtlicher Vorgaben (bitte Platzhalter unten ersetzen). Anbieter Firmenname: Echte Lizenz Gesch\u00e4ftsadresse: Musterstra\u00dfe 1 00000 Stadtname Land Gesch\u00e4ftsf\u00fchrer \/ Verantwortlich gem\u00e4\u00df \u00a7 55 Abs. 2 RStV: Vorname Nachname Telefon \/ WhatsApp: +49 15211539342 (WhatsApp) E-Mail: majidbuda1@gmail.com Handelsregister: Amtsgericht [Ort], HRB [Nummer] Umsatzsteuer-ID (UID): USt-ID: [DE\/AT\/CH &#8230;] Hinweis: Ersetze [&hellip;]<\/p>","protected":false},"author":2,"featured_media":0,"parent":0,"menu_order":0,"comment_status":"closed","ping_status":"closed","template":"elementor_header_footer","meta":{"site-sidebar-layout":"no-sidebar","site-content-layout":"page-builder","ast-site-content-layout":"full-width-container","site-content-style":"default","site-sidebar-style":"default","ast-global-header-display":"","ast-banner-title-visibility":"","ast-main-header-display":"","ast-hfb-above-header-display":"","ast-hfb-below-header-display":"","ast-hfb-mobile-header-display":"","site-post-title":"disabled","ast-breadcrumbs-content":"","ast-featured-img":"disabled","footer-sml-layout":"","theme-transparent-header-meta":"","adv-header-id-meta":"","stick-header-meta":"","header-above-stick-meta":"","header-main-stick-meta":"","header-below-stick-meta":"","astra-migrate-meta-layouts":"set","ast-page-background-enabled":"default","ast-page-background-meta":{"desktop":{"background-color":"var(--ast-global-color-4)","background-image":"","background-repeat":"repeat","background-position":"center center","background-size":"auto","background-attachment":"scroll","background-type":"","background-media":"","overlay-type":"","overlay-color":"","overlay-gradient":""},"tablet":{"background-color":"","background-image":"","background-repeat":"repeat","background-position":"center center","background-size":"auto","background-attachment":"scroll","background-type":"","background-media":"","overlay-type":"","overlay-color":"","overlay-gradient":""},"mobile":{"background-color":"","background-image":"","background-repeat":"repeat","background-position":"center center","background-size":"auto","background-attachment":"scroll","background-type":"","background-media":"","overlay-type":"","overlay-color":"","overlay-gradient":""}},"ast-content-background-meta":{"desktop":{"background-color":"var(--ast-global-color-5)","background-image":"","background-repeat":"repeat","background-position":"center center","background-size":"auto","background-attachment":"scroll","background-type":"","background-media":"","overlay-type":"","overlay-color":"","overlay-gradient":""},"tablet":{"background-color":"var(--ast-global-color-5)","background-image":"","background-repeat":"repeat","background-position":"center center","background-size":"auto","background-attachment":"scroll","background-type":"","background-media":"","overlay-type":"","overlay-color":"","overlay-gradient":""},"mobile":{"background-color":"var(--ast-global-color-5)","background-image":"","background-repeat":"repeat","background-position":"center center","background-size":"auto","background-attachment":"scroll","background-type":"","background-media":"","overlay-type":"","overlay-color":"","overlay-gradient":""}},"footnotes":""},"class_list":["post-2039","page","type-page","status-publish","hentry"],"_links":{"self":[{"href":"https:\/\/echtelizenz.com\/pt\/wp-json\/wp\/v2\/pages\/2039","targetHints":{"allow":["GET"]}}],"collection":[{"href":"https:\/\/echtelizenz.com\/pt\/wp-json\/wp\/v2\/pages"}],"about":[{"href":"https:\/\/echtelizenz.com\/pt\/wp-json\/wp\/v2\/types\/page"}],"author":[{"embeddable":true,"href":"https:\/\/echtelizenz.com\/pt\/wp-json\/wp\/v2\/users\/2"}],"replies":[{"embeddable":true,"href":"https:\/\/echtelizenz.com\/pt\/wp-json\/wp\/v2\/comments?post=2039"}],"version-history":[{"count":11,"href":"https:\/\/echtelizenz.com\/pt\/wp-json\/wp\/v2\/pages\/2039\/revisions"}],"predecessor-version":[{"id":2150,"href":"https:\/\/echtelizenz.com\/pt\/wp-json\/wp\/v2\/pages\/2039\/revisions\/2150"}],"wp:attachment":[{"href":"https:\/\/echtelizenz.com\/pt\/wp-json\/wp\/v2\/media?parent=2039"}],"curies":[{"name":"wp","href":"https:\/\/api.w.org\/{rel}","templated":true}]}}