{"id":2048,"date":"2025-11-14T16:12:54","date_gmt":"2025-11-14T16:12:54","guid":{"rendered":"https:\/\/echtelizenz.com\/?page_id=2048"},"modified":"2025-11-14T16:13:46","modified_gmt":"2025-11-14T16:13:46","slug":"agb","status":"publish","type":"page","link":"https:\/\/echtelizenz.com\/pl\/regulamin\/","title":{"rendered":"GTC"},"content":{"rendered":"<div data-elementor-type=\"wp-page\" data-elementor-id=\"2048\" class=\"elementor elementor-2048\" data-elementor-post-type=\"page\">\n\t\t\t\t\t\t<section class=\"elementor-section elementor-top-section elementor-element elementor-element-9b17a21 elementor-section-full_width elementor-section-stretched elementor-section-height-default elementor-section-height-default\" data-id=\"9b17a21\" data-element_type=\"section\" data-settings=\"{&quot;stretch_section&quot;:&quot;section-stretched&quot;}\">\n\t\t\t\t\t\t<div class=\"elementor-container elementor-column-gap-default\">\n\t\t\t\t\t<div class=\"elementor-column elementor-col-100 elementor-top-column elementor-element elementor-element-317421c\" data-id=\"317421c\" data-element_type=\"column\">\n\t\t\t<div class=\"elementor-widget-wrap elementor-element-populated\">\n\t\t\t\t\t\t<div class=\"elementor-element elementor-element-befac0e elementor-widget elementor-widget-html\" data-id=\"befac0e\" data-element_type=\"widget\" data-widget_type=\"html.default\">\n\t\t\t\t<div class=\"elementor-widget-container\">\n\t\t\t\t\t<!-- AGB - Allgemeine Gesch\u00e4ftsbedingungen (Echtelizenz) -->\r\n<section style=\"padding:60px 20px; max-width:1100px; margin:0 auto; font-family:Arial, sans-serif; color:#111;\">\r\n\r\n  <!-- META (in <head>) -->\r\n  <!--\r\n    <title>AGB \u2013 Echtelizenz<\/title>\r\n    <meta name=\"description\" content=\"Allgemeine Gesch\u00e4ftsbedingungen (AGB) von Echtelizenz. Geltungsbereich, Leistungen, Preise, Zahlung, Lieferung, Gew\u00e4hrleistung, Haftung, Widerruf.\">\r\n  -->\r\n\r\n  <!-- JSON-LD: WebPage -->\r\n  <script type=\"application\/ld+json\">{\n    \"@context\": \"https:\\\/\\\/schema.org\",\n    \"@type\": \"WebPage\",\n    \"name\": \"AGB \\u2013 Echtelizenz\",\n    \"url\": \"https:\\\/\\\/echtelizenz.com\\\/agb\\\/\",\n    \"inLanguage\": \"de-DE\"\n}<\/script>\r\n\r\n  <h1 style=\"font-size:34px; font-weight:800; margin-bottom:10px;\">Og\u00f3lne warunki handlowe (AGB)<\/h1>\r\n  <p style=\"font-size:15px; color:#444; margin-bottom:20px;\">\r\n    Obowi\u0105zuje od: <strong>01.01.2026<\/strong><br>\r\n    Prosimy o uwa\u017cne zapoznanie si\u0119 z niniejszymi warunkami. Korzystaj\u0105c z naszych us\u0142ug, u\u017cytkownik wyra\u017ca zgod\u0119 na niniejsze warunki.\r\n  <\/p>\r\n\r\n  <!-- Anbieter -->\r\n  <div style=\"background:#f7f7f7; padding:18px; border-radius:10px; margin-bottom:20px;\">\r\n    <h2 style=\"font-size:18px; font-weight:700; margin-bottom:8px;\">Dostawca<\/h2>\r\n    <p style=\"font-size:15px; color:#222; line-height:1.6;\">\r\n      Dostawca: <strong>Prawdziwa licencja<\/strong><br>\r\n     \r\n      e-mail: <a href=\"mailto:majidbuda1@gmail.com\">majidbuda1@gmail.com<\/a><br>\r\n      WhatsApp: <a href=\"https:\/\/wa.me\/4917644678273\" target=\"_blank\" rel=\"noopener\">+49 176 44678273<\/a>\r\n    <\/p>\r\n    <p style=\"font-size:13px; color:#666;\">\r\n      (Zast\u0105p dane zast\u0119pcze rzeczywistymi danymi firmy).\r\n    <\/p>\r\n  <\/div>\r\n\r\n  <!-- 1. Geltungsbereich -->\r\n  <h2 style=\"font-size:20px; font-weight:700; margin-top:10px;\">1. zakres zastosowania<\/h2>\r\n  <p style=\"font-size:15px; color:#333; line-height:1.7;\">\r\n    Niniejsze OWH maj\u0105 zastosowanie do wszystkich relacji biznesowych mi\u0119dzy Echte Lizenz (zwanym dalej \"Dostawc\u0105\") a klientami (zwanymi dalej \"Klientem\") w wersji obowi\u0105zuj\u0105cej w momencie zawarcia umowy.\r\n  <\/p>\r\n\r\n  <!-- 2. Vertragsschluss -->\r\n  <h2 style=\"font-size:20px; font-weight:700; margin-top:10px;\">2. zawarcie umowy<\/h2>\r\n  <p style=\"font-size:15px; color:#333; line-height:1.7;\">\r\n    Oferty dostawcy s\u0105 niewi\u0105\u017c\u0105ce. Umowa jest zawierana wy\u0142\u0105cznie poprzez wyra\u017ane potwierdzenie zam\u00f3wienia za po\u015brednictwem WhatsApp lub poczty elektronicznej lub poprzez dostarczenie uzgodnionej us\u0142ugi.\r\n  <\/p>\r\n\r\n  <!-- 3. Leistungsumfang -->\r\n  <h2 style=\"font-size:20px; font-weight:700; margin-top:10px;\">3. zakres us\u0142ug<\/h2>\r\n  <p style=\"font-size:15px; color:#333; line-height:1.7;\">\r\n    Zakres us\u0142ug zale\u017cy od indywidualnej umowy. Opisy na stronie internetowej s\u0142u\u017c\u0105 wy\u0142\u0105cznie celom informacyjnym i nie stanowi\u0105 wi\u0105\u017c\u0105cej gwarancji dodatkowych w\u0142a\u015bciwo\u015bci.\r\n  <\/p>\r\n\r\n  <!-- 4. Preise und Zahlung -->\r\n  <h2 style=\"font-size:20px; font-weight:700; margin-top:10px;\">4. ceny i p\u0142atno\u015bci<\/h2>\r\n  <p style=\"font-size:15px; color:#333; line-height:1.7;\">\r\n    4.1 Wszystkie ceny s\u0105 cenami ko\u0144cowymi wyra\u017conymi w EUR\/CHF (w zale\u017cno\u015bci od us\u0142ugi) i nie zawieraj\u0105 ustawowych podatk\u00f3w, chyba \u017ce okre\u015blono inaczej.<br>\r\n    4.2 P\u0142atno\u015bci b\u0119d\u0105 dokonywane zgodnie z ustaleniami przelewem bankowym, kryptowalut\u0105 lub alternatywnymi metodami p\u0142atno\u015bci, kt\u00f3re zostan\u0105 wcze\u015bniej potwierdzone. P\u0142atno\u015bci nale\u017cy dokonywa\u0107 bez potr\u0105ce\u0144.<br>\r\n    4.3 W przypadku op\u00f3\u017anienia w p\u0142atno\u015bci, zastrzegamy sobie prawo do naliczenia odsetek za zw\u0142ok\u0119 w wysoko\u015bci ustawowej oraz do zawieszenia \u015bwiadczenia us\u0142ug do czasu otrzymania p\u0142atno\u015bci.\r\n  <\/p>\r\n\r\n  <!-- 5. Lieferung \/ Erbringung der Dienstleistung -->\r\n  <h2 style=\"font-size:20px; font-weight:700; margin-top:10px;\">5. dostawa \/ wydajno\u015b\u0107<\/h2>\r\n  <p style=\"font-size:15px; color:#333; line-height:1.7;\">\r\n    5.1 Terminy dostawy i przetwarzania s\u0105 podawane jako terminy niewi\u0105\u017c\u0105ce, chyba \u017ce zosta\u0142y wyra\u017anie uzgodnione jako wi\u0105\u017c\u0105ce.<br>\r\n    5.2 Op\u00f3\u017anienia b\u0119d\u0105ce poza nasz\u0105 kontrol\u0105 nie uprawniaj\u0105 nas do dochodzenia roszcze\u0144 odszkodowawczych, z wyj\u0105tkiem przypadk\u00f3w ra\u017c\u0105cego zaniedbania lub umy\u015blnego dzia\u0142ania.\r\n  <\/p>\r\n\r\n  <!-- 6. Widerruf \/ R\u00fccktritt -->\r\n  <h2 style=\"font-size:20px; font-weight:700; margin-top:10px;\">6. anulowanie \/ odst\u0105pienie od umowy<\/h2>\r\n  <p style=\"font-size:15px; color:#333; line-height:1.7;\">\r\n    6.1 Konsumentom w rozumieniu przepis\u00f3w o sprzeda\u017cy na odleg\u0142o\u015b\u0107 przys\u0142uguje ustawowe prawo do odst\u0105pienia od umowy (patrz polityka prywatno\u015bci\/polityka anulowania). Us\u0142ugi rozpoczynaj\u0105 si\u0119 za wyra\u017an\u0105 zgod\u0105 i dlatego mog\u0105 by\u0107 wy\u0142\u0105czone z prawa do odst\u0105pienia od umowy.<br>\r\n    6.2 W przypadku uzasadnionego anulowania umowy przez klienta, zastrzegamy sobie prawo do \u017c\u0105dania rozs\u0105dnej rekompensaty za ju\u017c wykonane us\u0142ugi.\r\n  <\/p>\r\n\r\n  <!-- 7. Gew\u00e4hrleistung -->\r\n  <h2 style=\"font-size:20px; font-weight:700; margin-top:10px;\">7. gwarancja<\/h2>\r\n  <p style=\"font-size:15px; color:#333; line-height:1.7;\">\r\n    7.1 Zastosowanie maj\u0105 ustawowe przepisy dotycz\u0105ce gwarancji. Oczywiste wady nale\u017cy zg\u0142asza\u0107 na pi\u015bmie niezw\u0142ocznie, ale nie p\u00f3\u017aniej ni\u017c w ci\u0105gu 7 dni od wykonania.<br>\r\n    7.2 W przypadku uzasadnionej reklamacji, wed\u0142ug w\u0142asnego uznania naprawimy lub wymienimy towar. Dalsze roszczenia s\u0105 wykluczone, chyba \u017ce bezwzgl\u0119dnie obowi\u0105zuj\u0105ce przepisy prawa stanowi\u0105 inaczej.\r\n  <\/p>\r\n\r\n  <!-- 8. Haftung -->\r\n  <h2 style=\"font-size:20px; font-weight:700; margin-top:10px;\">8. odpowiedzialno\u015b\u0107<\/h2>\r\n  <p style=\"font-size:15px; color:#333; line-height:1.7;\">\r\n    8.1 Dostawca ponosi odpowiedzialno\u015b\u0107 za niewielkie zaniedbanie wy\u0142\u0105cznie w przypadku naruszenia istotnych zobowi\u0105za\u0144 umownych (zobowi\u0105za\u0144 kardynalnych). W takim przypadku odpowiedzialno\u015b\u0107 jest ograniczona do typowej przewidywalnej szkody.<br>\r\n    8.2 Odpowiedzialno\u015b\u0107 za umy\u015blne dzia\u0142anie i ra\u017c\u0105ce niedbalstwo pozostaje nienaruszona. Odpowiedzialno\u015b\u0107 wynikaj\u0105ca z ustawy o odpowiedzialno\u015bci za produkt r\u00f3wnie\u017c pozostaje nienaruszona.<br>\r\n    8.3 Odpowiedzialno\u015b\u0107 za utrat\u0119 zysk\u00f3w, szkody po\u015brednie lub szkody nast\u0119pcze jest wy\u0142\u0105czona w zakresie dozwolonym przez prawo.\r\n  <\/p>\r\n\r\n  <!-- 9. Vertraulichkeit & Datenschutz -->\r\n  <h2 style=\"font-size:20px; font-weight:700; margin-top:10px;\">9 Poufno\u015b\u0107 i ochrona danych<\/h2>\r\n  <p style=\"font-size:15px; color:#333; line-height:1.7;\">\r\n    9.1 Traktujemy dane u\u017cytkownika poufnie i przestrzegamy obowi\u0105zuj\u0105cych ustawowych przepis\u00f3w o ochronie danych. Szczeg\u00f3\u0142owe informacje mo\u017cna znale\u017a\u0107 w naszym <a href=\"https:\/\/echtelizenz.com\/pl\/ochrona-danych\/\" style=\"color:#111; text-decoration:underline;\">Polityka prywatno\u015bci<\/a>.<br>\r\n    9.2 Klienci zobowi\u0105zuj\u0105 si\u0119 nie publikowa\u0107 \u017cadnych informacji na temat proces\u00f3w wewn\u0119trznych lub os\u00f3b trzecich.\r\n  <\/p>\r\n\r\n  <!-- 10. Nutzungsrechte -->\r\n  <h2 style=\"font-size:20px; font-weight:700; margin-top:10px;\">10. prawa autorskie i prawa u\u017cytkowania<\/h2>\r\n  <p style=\"font-size:15px; color:#333; line-height:1.7;\">\r\n    Tre\u015b\u0107, teksty, obrazy i inne materia\u0142y na stronie internetowej s\u0105 chronione prawem autorskim. Wykorzystywanie, powielanie lub rozpowszechnianie bez pisemnej zgody jest zabronione.\r\n  <\/p>\r\n\r\n  <!-- 11. Schlussbestimmungen -->\r\n  <h2 style=\"font-size:20px; font-weight:700; margin-top:10px;\">11. postanowienia ko\u0144cowe<\/h2>\r\n  <p style=\"font-size:15px; color:#333; line-height:1.7;\">\r\n    11.1 Prawo Republiki Federalnej Niemiec ma zastosowanie z wy\u0142\u0105czeniem Konwencji Narod\u00f3w Zjednoczonych o umowach mi\u0119dzynarodowej sprzeda\u017cy towar\u00f3w, pod warunkiem, \u017ce klient jest handlowcem, osob\u0105 prawn\u0105 prawa publicznego lub specjalnym funduszem prawa publicznego.<br>\r\n    11.2 Je\u017celi poszczeg\u00f3lne postanowienia niniejszych OWH oka\u017c\u0105 si\u0119 niewa\u017cne w ca\u0142o\u015bci lub w cz\u0119\u015bci, wa\u017cno\u015b\u0107 pozosta\u0142ych postanowie\u0144 pozostanie nienaruszona. Niewa\u017cne postanowienie zostanie zast\u0105pione wa\u017cnym postanowieniem, kt\u00f3re jest najbli\u017csze celowi gospodarczemu.\r\n  <\/p>\r\n\r\n  <!-- 12. Kontakt -->\r\n  <div style=\"background:#f7f7f7; padding:18px; border-radius:10px; margin-top:18px;\">\r\n    <h2 style=\"font-size:18px; font-weight:700; margin-bottom:8px;\">Skontaktuj si\u0119 z nami<\/h2>\r\n    <p style=\"font-size:15px; color:#222; line-height:1.7;\">\r\n      Pytania dotycz\u0105ce niniejszych OWH? Prosimy o kontakt:<br>\r\n      <strong>e-mail:<\/strong> <a href=\"mailto:majidbuda1@gmail.com\">majidbuda1@gmail.com<\/a><br>\r\n      <strong>WhatsApp:<\/strong> <a href=\"https:\/\/wa.me\/4917644678273\" target=\"_blank\" rel=\"noopener\">+49 176 44678273<\/a>\r\n    <\/p>\r\n  <\/div>\r\n\r\n  <!-- Hinweis -->\r\n  <p style=\"font-size:13px; color:#666; margin-top:18px;\">\r\n    Uwaga: Niniejsze OWU stanowi\u0105 przyk\u0142adowy tekst i nie zast\u0119puj\u0105 porady prawnej. W celu zapewnienia zgodno\u015bci z prawem, OWU powinny zosta\u0107 sprawdzone przez wyspecjalizowanego prawnika i dostosowane do konkretnej praktyki biznesowej.\r\n  <\/p>\r\n\r\n \r\n\r\n<\/section>\r\n\t\t\t\t<\/div>\n\t\t\t\t<\/div>\n\t\t\t\t\t<\/div>\n\t\t<\/div>\n\t\t\t\t\t<\/div>\n\t\t<\/section>\n\t\t\t\t<\/div>","protected":false},"excerpt":{"rendered":"<p>Allgemeine Gesch\u00e4ftsbedingungen (AGB) G\u00fcltig ab: 01.01.2026 Bitte lesen Sie diese Bedingungen sorgf\u00e4ltig. Durch die Nutzung unserer Dienste erkl\u00e4ren Sie sich mit diesen AGB einverstanden. Anbieter Anbieter: Echte Lizenz E-Mail: majidbuda1@gmail.com WhatsApp: +49 176 44678273 (Bitte ersetze die Platzhalterangaben mit deinen tats\u00e4chlichen Firmendaten.) 1. Geltungsbereich Diese AGB gelten f\u00fcr alle Gesch\u00e4ftsbeziehungen zwischen Echte Lizenz (nachfolgend \u201eAnbieter\u201c) [&hellip;]<\/p>","protected":false},"author":2,"featured_media":0,"parent":0,"menu_order":0,"comment_status":"closed","ping_status":"closed","template":"elementor_header_footer","meta":{"site-sidebar-layout":"no-sidebar","site-content-layout":"page-builder","ast-site-content-layout":"full-width-container","site-content-style":"default","site-sidebar-style":"default","ast-global-header-display":"","ast-banner-title-visibility":"","ast-main-header-display":"","ast-hfb-above-header-display":"","ast-hfb-below-header-display":"","ast-hfb-mobile-header-display":"","site-post-title":"disabled","ast-breadcrumbs-content":"","ast-featured-img":"disabled","footer-sml-layout":"","theme-transparent-header-meta":"","adv-header-id-meta":"","stick-header-meta":"","header-above-stick-meta":"","header-main-stick-meta":"","header-below-stick-meta":"","astra-migrate-meta-layouts":"set","ast-page-background-enabled":"default","ast-page-background-meta":{"desktop":{"background-color":"var(--ast-global-color-4)","background-image":"","background-repeat":"repeat","background-position":"center center","background-size":"auto","background-attachment":"scroll","background-type":"","background-media":"","overlay-type":"","overlay-color":"","overlay-gradient":""},"tablet":{"background-color":"","background-image":"","background-repeat":"repeat","background-position":"center center","background-size":"auto","background-attachment":"scroll","background-type":"","background-media":"","overlay-type":"","overlay-color":"","overlay-gradient":""},"mobile":{"background-color":"","background-image":"","background-repeat":"repeat","background-position":"center center","background-size":"auto","background-attachment":"scroll","background-type":"","background-media":"","overlay-type":"","overlay-color":"","overlay-gradient":""}},"ast-content-background-meta":{"desktop":{"background-color":"var(--ast-global-color-5)","background-image":"","background-repeat":"repeat","background-position":"center center","background-size":"auto","background-attachment":"scroll","background-type":"","background-media":"","overlay-type":"","overlay-color":"","overlay-gradient":""},"tablet":{"background-color":"var(--ast-global-color-5)","background-image":"","background-repeat":"repeat","background-position":"center center","background-size":"auto","background-attachment":"scroll","background-type":"","background-media":"","overlay-type":"","overlay-color":"","overlay-gradient":""},"mobile":{"background-color":"var(--ast-global-color-5)","background-image":"","background-repeat":"repeat","background-position":"center center","background-size":"auto","background-attachment":"scroll","background-type":"","background-media":"","overlay-type":"","overlay-color":"","overlay-gradient":""}},"footnotes":""},"class_list":["post-2048","page","type-page","status-publish","hentry"],"_links":{"self":[{"href":"https:\/\/echtelizenz.com\/pl\/wp-json\/wp\/v2\/pages\/2048","targetHints":{"allow":["GET"]}}],"collection":[{"href":"https:\/\/echtelizenz.com\/pl\/wp-json\/wp\/v2\/pages"}],"about":[{"href":"https:\/\/echtelizenz.com\/pl\/wp-json\/wp\/v2\/types\/page"}],"author":[{"embeddable":true,"href":"https:\/\/echtelizenz.com\/pl\/wp-json\/wp\/v2\/users\/2"}],"replies":[{"embeddable":true,"href":"https:\/\/echtelizenz.com\/pl\/wp-json\/wp\/v2\/comments?post=2048"}],"version-history":[{"count":4,"href":"https:\/\/echtelizenz.com\/pl\/wp-json\/wp\/v2\/pages\/2048\/revisions"}],"predecessor-version":[{"id":2052,"href":"https:\/\/echtelizenz.com\/pl\/wp-json\/wp\/v2\/pages\/2048\/revisions\/2052"}],"wp:attachment":[{"href":"https:\/\/echtelizenz.com\/pl\/wp-json\/wp\/v2\/media?parent=2048"}],"curies":[{"name":"wp","href":"https:\/\/api.w.org\/{rel}","templated":true}]}}