{"id":3,"date":"2025-11-14T13:38:44","date_gmt":"2025-11-14T13:38:44","guid":{"rendered":"http:\/\/echtelizenz.com\/?page_id=3"},"modified":"2025-11-14T13:38:45","modified_gmt":"2025-11-14T13:38:45","slug":"datenschutz","status":"publish","type":"page","link":"https:\/\/echtelizenz.com\/nl\/gegevensbescherming\/","title":{"rendered":"Gegevensbescherming"},"content":{"rendered":"<div data-elementor-type=\"wp-page\" data-elementor-id=\"3\" class=\"elementor elementor-3\" data-elementor-post-type=\"page\">\n\t\t\t\t\t\t<section class=\"elementor-section elementor-top-section elementor-element elementor-element-8f51d8f elementor-section-full_width elementor-section-stretched elementor-section-height-default elementor-section-height-default\" data-id=\"8f51d8f\" data-element_type=\"section\" data-settings=\"{&quot;stretch_section&quot;:&quot;section-stretched&quot;}\">\n\t\t\t\t\t\t<div class=\"elementor-container elementor-column-gap-default\">\n\t\t\t\t\t<div class=\"elementor-column elementor-col-100 elementor-top-column elementor-element elementor-element-d36a15f\" data-id=\"d36a15f\" data-element_type=\"column\">\n\t\t\t<div class=\"elementor-widget-wrap elementor-element-populated\">\n\t\t\t\t\t\t<div class=\"elementor-element elementor-element-aa2a73e elementor-widget elementor-widget-html\" data-id=\"aa2a73e\" data-element_type=\"widget\" data-widget_type=\"html.default\">\n\t\t\t\t<div class=\"elementor-widget-container\">\n\t\t\t\t\t<section style=\"padding:60px 20px; max-width:1100px; margin:0 auto; font-family:Arial, sans-serif;\">\r\n\r\n<h1 style=\"font-size:36px; font-weight:800; margin-bottom:25px; color:#111;\">Privacybeleid<\/h1>\r\n<p style=\"font-size:16px; color:#444; line-height:1.7;\">\r\nDe bescherming van uw persoonlijke gegevens is erg belangrijk voor ons. In dit privacybeleid informeren wij u over\r\nhoe persoonlijke gegevens worden verwerkt op <strong>echtelizenz.com<\/strong> worden verzameld, verwerkt en gebruikt.\r\n<\/p>\r\n\r\n<hr style=\"margin:35px 0;\">\r\n\r\n<h2 style=\"font-size:26px; font-weight:700; margin-bottom:15px;\">1. verantwoordelijke instantie<\/h2>\r\n<p style=\"font-size:16px; color:#444; line-height:1.7;\">\r\nVerantwoordelijk voor de gegevensverwerking op deze website:\r\n<br><br>\r\n<strong>Echte licentie<\/strong><br>\r\ne-mail: <a href=\"mailto:majidbuda1@gmail.com\">majidbuda1@gmail.com<\/a><br>\r\nWhatsApp: <a href=\"https:\/\/wa.me\/4917644678273\" target=\"_blank\" rel=\"noopener\">+49 176 44678273<\/a>\r\n<\/p>\r\n\r\n<hr style=\"margin:35px 0;\">\r\n\r\n<h2 style=\"font-size:26px; font-weight:700; margin-bottom:15px;\">2. verzamelen en opslaan van persoonlijke gegevens<\/h2>\r\n<p style=\"font-size:16px; color:#444; line-height:1.7;\">\r\nWe verzamelen alleen persoonlijke gegevens als u deze naar ons stuurt als onderdeel van een aanvraag, bestelling of contact.\r\n<\/p>\r\n\r\n<ul style=\"padding-left:20px; color:#444; line-height:1.7;\">\r\n<li>Naam, e-mail, telefoonnummer<\/li>\r\n<li>WhatsApp-communicatie<\/li>\r\n<li>Inhoud van contactformulieren<\/li>\r\n<li>Technische gegevens (IP-adres, apparaattype, browser, toegangstijden)<\/li>\r\n<li>Ordergerelateerde informatie<\/li>\r\n<\/ul>\r\n\r\n<hr style=\"margin:35px 0;\">\r\n\r\n<h2 style=\"font-size:26px; font-weight:700; margin-bottom:15px;\">3. beoogd gebruik van de gegevens<\/h2>\r\n<p style=\"font-size:16px; color:#444; line-height:1.7;\">\r\nUw gegevens worden uitsluitend gebruikt voor\r\n<\/p>\r\n\r\n<ul style=\"padding-left:20px; color:#444; line-height:1.7;\">\r\n<li>Verwerking van vragen<\/li>\r\n<li>Communicatie via WhatsApp of e-mail<\/li>\r\n<li>Orderverwerking en klantenondersteuning<\/li>\r\n<li>Interne documentatie<\/li>\r\n<li>Verbetering van de website<\/li>\r\n<\/ul>\r\n\r\n<hr style=\"margin:35px 0;\">\r\n\r\n<h2 style=\"font-size:26px; font-weight:700; margin-bottom:15px;\">4. openbaarmaking van gegevens<\/h2>\r\n<p style=\"font-size:16px; color:#444; line-height:1.7;\">\r\nWe geven uw gegevens nooit door aan derden, tenzij:\r\n<\/p>\r\n\r\n<ul style=\"padding-left:20px; color:#444; line-height:1.7;\">\r\n<li>U geeft uitdrukkelijk toestemming<\/li>\r\n<li>Het is noodzakelijk voor de uitvoering van het contract<\/li>\r\n<li>Er is een wettelijke verplichting<\/li>\r\n<\/ul>\r\n\r\n<hr style=\"margin:35px 0;\">\r\n\r\n<h2 style=\"font-size:26px; font-weight:700; margin-bottom:15px;\">5. cookies en tracking<\/h2>\r\n<p style=\"font-size:16px; color:#444; line-height:1.7;\">\r\nOnze website gebruikt cookies om de gebruikerservaring te verbeteren.  \r\nU kunt het opslaan van cookies in uw browser uitschakelen.\r\n<\/p>\r\n\r\n<hr style=\"margin:35px 0;\">\r\n\r\n<h2 style=\"font-size:26px; font-weight:700; margin-bottom:15px;\">6 WhatsApp-communicatie<\/h2>\r\n<p style=\"font-size:16px; color:#444; line-height:1.7;\">\r\nWanneer je contact met ons opneemt via WhatsApp, worden gegevens doorgestuurd naar WhatsApp Ireland Ltd.  \r\nWe raden je aan geen gevoelige gegevens te versturen via WhatsApp.\r\n<\/p>\r\n\r\n<hr style=\"margin:35px 0;\">\r\n\r\n<h2 style=\"font-size:26px; font-weight:700; margin-bottom:15px;\">7. opslagperiode<\/h2>\r\n<p style=\"font-size:16px; color:#444; line-height:1.7;\">\r\nWe bewaren persoonlijke gegevens niet langer dan nodig is voor het verwerken van bestellingen of wettelijke verplichtingen.\r\n<\/p>\r\n\r\n<hr style=\"margin:35px 0;\">\r\n\r\n<h2 style=\"font-size:26px; font-weight:700; margin-bottom:15px;\">8. uw rechten<\/h2>\r\n<p style=\"font-size:16px; color:#444; line-height:1.7;\">\r\nJe hebt het recht om op elk moment:\r\n<\/p>\r\n\r\n<ul style=\"padding-left:20px; color:#444; line-height:1.7;\">\r\n<li>Informatie over opgeslagen gegevens<\/li>\r\n<li>Correctie van onjuiste gegevens<\/li>\r\n<li>Verwijdering van uw gegevens<\/li>\r\n<li>Beperking van verwerking<\/li>\r\n<li>Dataportabiliteit<\/li>\r\n<li>Intrekking van uw toestemming<\/li>\r\n<\/ul>\r\n\r\n<hr style=\"margin:35px 0;\">\r\n\r\n<h2 style=\"font-size:26px; font-weight:700; margin-bottom:15px;\">9. beveiliging van uw gegevens<\/h2>\r\n<p style=\"font-size:16px; color:#444; line-height:1.7;\">\r\nWe gebruiken technische en organisatorische maatregelen om uw gegevens te beschermen tegen verlies, misbruik of ongeautoriseerde toegang.\r\n<\/p>\r\n\r\n<hr style=\"margin:35px 0;\">\r\n\r\n<h2 style=\"font-size:26px; font-weight:700; margin-bottom:15px;\">10. wijzigingen in dit privacybeleid<\/h2>\r\n<p style=\"font-size:16px; color:#444; line-height:1.7;\">\r\nWe behouden ons het recht voor om dit privacybeleid te allen tijde aan te passen.  \r\nControleer deze pagina daarom regelmatig.\r\n<\/p>\r\n\r\n<hr style=\"margin:35px 0;\">\r\n\r\n<h2 style=\"font-size:26px; font-weight:700; margin-bottom:15px;\">11. contact<\/h2>\r\n<p style=\"font-size:16px; color:#444; line-height:1.7;\">\r\nAls je vragen hebt over ons privacybeleid, neem dan contact met ons op:\r\n<br><br>\r\n<strong>e-mail:<\/strong> <a href=\"mailto:majidbuda1@gmail.com\">majidbuda1@gmail.com<\/a><br>\r\n<strong>WhatsApp:<\/strong> <a href=\"https:\/\/wa.me\/4917644678273\" target=\"_blank\" rel=\"noopener\">+49 176 44678273<\/a>\r\n<\/p>\r\n\r\n<\/section>\r\n\t\t\t\t<\/div>\n\t\t\t\t<\/div>\n\t\t\t\t\t<\/div>\n\t\t<\/div>\n\t\t\t\t\t<\/div>\n\t\t<\/section>\n\t\t\t\t<\/div>","protected":false},"excerpt":{"rendered":"<p>F\u00fchrerschein Schweiz f\u00fchrerausweis verloren f\u00fchrerausweis kategorie F\u00fchrerschein Schweiz der Erwerb eines Schweizer F\u00fchrerscheins ist eine m\u00fchsame Aufgabe. Zun\u00e4chst m\u00fcssen Sie einen zehnst\u00fcndigen Erste-Hilfe-Unterricht absolvieren, gefolgt von einer theoretischen Pr\u00fcfung. Sobald Sie den provisorischen F\u00fchrerschein besitzen, m\u00fcssen Sie 8 Stunden Verkehrserziehungskurse absolvieren und nach Erhalt Ihres Schweizer F\u00fchrerscheins noch ein paar weitere. Der gesamte Prozess ist [&hellip;]<\/p>","protected":false},"author":1,"featured_media":0,"parent":0,"menu_order":0,"comment_status":"closed","ping_status":"closed","template":"elementor_header_footer","meta":{"site-sidebar-layout":"no-sidebar","site-content-layout":"page-builder","ast-site-content-layout":"full-width-container","site-content-style":"unboxed","site-sidebar-style":"unboxed","ast-global-header-display":"","ast-banner-title-visibility":"","ast-main-header-display":"","ast-hfb-above-header-display":"","ast-hfb-below-header-display":"","ast-hfb-mobile-header-display":"","site-post-title":"disabled","ast-breadcrumbs-content":"","ast-featured-img":"disabled","footer-sml-layout":"","theme-transparent-header-meta":"","adv-header-id-meta":"","stick-header-meta":"","header-above-stick-meta":"","header-main-stick-meta":"","header-below-stick-meta":"","astra-migrate-meta-layouts":"set","ast-page-background-enabled":"default","ast-page-background-meta":{"desktop":{"background-color":"var(--ast-global-color-4)","background-image":"","background-repeat":"repeat","background-position":"center center","background-size":"auto","background-attachment":"scroll","background-type":"","background-media":"","overlay-type":"","overlay-color":"","overlay-gradient":""},"tablet":{"background-color":"","background-image":"","background-repeat":"repeat","background-position":"center center","background-size":"auto","background-attachment":"scroll","background-type":"","background-media":"","overlay-type":"","overlay-color":"","overlay-gradient":""},"mobile":{"background-color":"","background-image":"","background-repeat":"repeat","background-position":"center center","background-size":"auto","background-attachment":"scroll","background-type":"","background-media":"","overlay-type":"","overlay-color":"","overlay-gradient":""}},"ast-content-background-meta":{"desktop":{"background-color":"var(--ast-global-color-5)","background-image":"","background-repeat":"repeat","background-position":"center center","background-size":"auto","background-attachment":"scroll","background-type":"","background-media":"","overlay-type":"","overlay-color":"","overlay-gradient":""},"tablet":{"background-color":"var(--ast-global-color-5)","background-image":"","background-repeat":"repeat","background-position":"center center","background-size":"auto","background-attachment":"scroll","background-type":"","background-media":"","overlay-type":"","overlay-color":"","overlay-gradient":""},"mobile":{"background-color":"var(--ast-global-color-5)","background-image":"","background-repeat":"repeat","background-position":"center center","background-size":"auto","background-attachment":"scroll","background-type":"","background-media":"","overlay-type":"","overlay-color":"","overlay-gradient":""}},"footnotes":""},"class_list":["post-3","page","type-page","status-publish","hentry"],"_links":{"self":[{"href":"https:\/\/echtelizenz.com\/nl\/wp-json\/wp\/v2\/pages\/3","targetHints":{"allow":["GET"]}}],"collection":[{"href":"https:\/\/echtelizenz.com\/nl\/wp-json\/wp\/v2\/pages"}],"about":[{"href":"https:\/\/echtelizenz.com\/nl\/wp-json\/wp\/v2\/types\/page"}],"author":[{"embeddable":true,"href":"https:\/\/echtelizenz.com\/nl\/wp-json\/wp\/v2\/users\/1"}],"replies":[{"embeddable":true,"href":"https:\/\/echtelizenz.com\/nl\/wp-json\/wp\/v2\/comments?post=3"}],"version-history":[{"count":67,"href":"https:\/\/echtelizenz.com\/nl\/wp-json\/wp\/v2\/pages\/3\/revisions"}],"predecessor-version":[{"id":2015,"href":"https:\/\/echtelizenz.com\/nl\/wp-json\/wp\/v2\/pages\/3\/revisions\/2015"}],"wp:attachment":[{"href":"https:\/\/echtelizenz.com\/nl\/wp-json\/wp\/v2\/media?parent=3"}],"curies":[{"name":"wp","href":"https:\/\/api.w.org\/{rel}","templated":true}]}}